{"id":5279,"date":"2024-10-20T12:06:22","date_gmt":"2024-10-20T12:06:22","guid":{"rendered":"https:\/\/skydiveatmosfera.shop\/index.php\/nota-prawna\/"},"modified":"2024-10-20T12:06:22","modified_gmt":"2024-10-20T12:06:22","slug":"nota-prawna","status":"publish","type":"page","link":"https:\/\/skydiveatmosfera.shop\/pl\/index.php\/nota-prawna\/","title":{"rendered":"Nota prawna"},"content":{"rendered":"\n<p><strong>CEL:<\/strong><\/p>\n\n<p>Niniejsza strona internetowa, <a href=\"http:\/\/www.skydiveatmosfera.shop\">www.skydiveatmosfera.shop,<\/a> jest w\u0142asno\u015bci\u0105 i jest obs\u0142ugiwana przez <strong>Club Deportivo ATMOSFERA<\/strong>, z siedzib\u0105 przy <strong>Plaza de las Aceitunas 29, 41-110 Bollullos de la Mitaci\u00f3n, Sewilla, Hiszpania<\/strong>. Nasz <strong>CIF\/NIF<\/strong> to <strong>G90155482<\/strong>, a <strong>numer rejestracyjny<\/strong> to <strong>021982<\/strong>. G\u0142\u00f3wnym celem strony internetowej jest promowanie us\u0142ug oferowanych przez Club Deportivo ATMOSFERA, w tym skok\u00f3w spadochronowych, oraz u\u0142atwianie sprzeda\u017cy powi\u0105zanych produkt\u00f3w i us\u0142ug.  <\/p>\n\n<p><strong>TRANSAKCJE HANDLOWE I PODMIOT FAKTURUJ\u0104CY:<\/strong><\/p>\n\n<p>Podczas gdy <strong>Club Deportivo ATMOSFERA<\/strong> zarz\u0105dza marketingiem i operacjami na tej stronie jako organizacja non-profit, wszystkie faktury i kwestie podatkowe s\u0105 obs\u0142ugiwane przez <strong>Grzegorza Kucharczyka<\/strong>, dzia\u0142aj\u0105cego jako indywidualny podmiot gospodarczy (&#8222;aut\u00f3nomo&#8221;). Ten odr\u0119bny podmiot jest odpowiedzialny za wystawianie faktur, przetwarzanie p\u0142atno\u015bci i wype\u0142nianie wszystkich zobowi\u0105za\u0144 podatkowych zwi\u0105zanych z zakupami dokonywanymi na stronie internetowej. <\/p>\n\n<p><strong>Szczeg\u00f3\u0142y firmy fakturuj\u0105cej:<\/strong><\/p>\n\n<p><strong>Grzegorz Kucharczyk<\/strong><\/p>\n\n<p><strong>Plaza de las Aceitunas 29<\/strong><\/p>\n\n<p><strong>41-110 Bollullos de la Mitaci\u00f3n, Sewilla, Hiszpania<\/strong><\/p>\n\n<p><strong>VAT:<\/strong> ESY2348898Z<\/p>\n\n<p>Wszyscy u\u017cytkownicy dokonuj\u0105cy zakup\u00f3w lub transakcji za po\u015brednictwem tej strony internetowej otrzymaj\u0105 faktury wystawione przez <strong>Grzegorza Kucharczyka<\/strong>.<\/p>\n\n<p><strong>KOMUNIKACJA:<\/strong><\/p>\n\n<p>W przypadku pyta\u0144 u\u017cytkownicy mog\u0105 skontaktowa\u0107 si\u0119 z nami w nast\u0119puj\u0105cy spos\u00f3b:<\/p>\n\n<p>&#8211; <strong>E-mail:<\/strong> <a href=\"mailto:info@skydiveatmosfera.com\">info@skydiveatmosfera.com<\/a><\/p>\n\n<p>&#8211; <strong>Adres pocztowy:<\/strong><\/p>\n\n<p>Club Deportivo ATMOSFERA<\/p>\n\n<p>Plaza de las Aceitunas 29,<\/p>\n\n<p>41110 Bollullos de la Mitaci\u00f3n (Sewilla), Hiszpania.<\/p>\n\n<p>Wszelkie powiadomienia i komunikacja mi\u0119dzy u\u017cytkownikami a Club Deportivo ATMOSFERA s\u0105 uwa\u017cane za skuteczne, gdy s\u0105 dokonywane za po\u015brednictwem pisemnych list\u00f3w wysy\u0142anych na podany adres pocztowy.<\/p>\n\n<p><strong>W\u0141ASNO\u015aCI INTELEKTUALNEJ I PRZEMYS\u0141OWEJ:<\/strong><\/p>\n\n<p>Prawa w\u0142asno\u015bci intelektualnej strony internetowej <strong>www.skydiveatmosfera.shop,<\/strong> w tym jej kod \u017ar\u00f3d\u0142owy, projekt, struktura nawigacji i r\u00f3\u017cne elementy, s\u0105 wy\u0142\u0105czn\u0105 w\u0142asno\u015bci\u0105 <strong>Club Deportivo ATMOSFERA<\/strong>. Obejmuje to mi\u0119dzy innymi prawa do powielania, rozpowszechniania, komunikacji publicznej i przekszta\u0142cania, zgodnie z ustawodawstwem Hiszpanii i Unii Europejskiej. <\/p>\n\n<p>Zawarto\u015b\u0107 strony internetowej, w tym teksty, dokumenty, zdj\u0119cia, projekty, grafika, programy komputerowe, logo, znaki towarowe i inne znaki wyr\u00f3\u017cniaj\u0105ce, s\u0105 chronione prawami w\u0142asno\u015bci intelektualnej lub przemys\u0142owej. <strong>Club Deportivo ATMOSFERA\/Grzegorz<\/strong><strong>Kucharczyk<\/strong> s\u0105 w\u0142a\u015bcicielami lub posiadaj\u0105 legalne licencje na korzystanie z tych materia\u0142\u00f3w.<\/p>\n\n<p>Nieautoryzowane wykorzystywanie tre\u015bci bez uprzedniej pisemnej zgody <strong>Club Deportivo ATMOSFERA<\/strong> jest surowo zabronione.<\/p>\n\n<p><strong>ZAWARTO\u015a\u0106 STRONY:<\/strong><\/p>\n\n<p>Niniejsza strona internetowa zawiera informacje na temat us\u0142ug oferowanych przez <strong>Club Deportivo ATMOSFERA<\/strong>, przeznaczone do wiadomo\u015bci publicznej. Wszystkie informacje podlegaj\u0105 warunkom okre\u015blonym na stronie i s\u0105 zgodne z odpowiednimi przepisami prawa. <\/p>\n\n<p><strong>DOST\u0118P I U\u017bYTKOWANIE:<\/strong><\/p>\n\n<p>U\u017cytkownik ponosi wy\u0142\u0105czn\u0105 odpowiedzialno\u015b\u0107 za dost\u0119p i korzystanie z niniejszej witryny internetowej i jej zawarto\u015bci. U\u017cytkownicy musz\u0105 uzyskiwa\u0107 dost\u0119p do witryny i korzysta\u0107 z niej zgodnie z obowi\u0105zuj\u0105cymi przepisami, zasadami dobrej wiary i praktykami prawnymi. Wszelkie dzia\u0142ania, kt\u00f3re mog\u0105 zaszkodzi\u0107 <strong>Club Deportivo ATMOSFERA<\/strong> lub stronom trzecim, lub stanowi\u0105 nielegalne lub nieautoryzowane korzystanie ze strony internetowej, s\u0105 zabronione.  <\/p>\n\n<p>Nast\u0119puj\u0105ce dzia\u0142ania s\u0105 surowo zabronione:<\/p>\n\n<p>&#8211; Nieautoryzowane powielanie, rozpowszechnianie lub wykorzystywanie zawarto\u015bci witryny.<\/p>\n\n<p>&#8211; Anga\u017cowanie si\u0119 w nielegalne, szkodliwe lub obra\u017aliwe dzia\u0142ania, w tym mi\u0119dzy innymi dzia\u0142ania przest\u0119pcze, pornograficzne, rasistowskie lub dyskryminacyjne.<\/p>\n\n<p>&#8211; Wprowadzanie wirus\u00f3w lub wykonywanie dzia\u0142a\u0144, kt\u00f3re mog\u0142yby zaszkodzi\u0107 witrynie, danym lub systemom stron trzecich.<\/p>\n\n<p>&#8211; Pr\u00f3by uzyskania dost\u0119pu do zastrze\u017conych obszar\u00f3w witryny lub danych osobowych innych u\u017cytkownik\u00f3w.<\/p>\n\n<p>&#8211; Naruszenie praw w\u0142asno\u015bci intelektualnej lub um\u00f3w o poufno\u015bci.<\/p>\n\n<p>&#8211; Wykorzystywanie strony internetowej do nieautoryzowanych dzia\u0142a\u0144 komercyjnych lub nielegalnych praktyk reklamowych.<\/p>\n\n<p><strong>OGRANICZENIE ODPOWIEDZIALNO\u015aCI:<\/strong><\/p>\n\n<p><strong>Club Deportivo ATMOSFERA<\/strong> i <strong>Grzegorz Kucharczyk<\/strong> nie ponosz\u0105 odpowiedzialno\u015bci za szkody wynikaj\u0105ce z niew\u0142a\u015bciwego lub niezgodnego z prawem korzystania z serwisu przez u\u017cytkownik\u00f3w. Podmioty te nie ponosz\u0105 r\u00f3wnie\u017c odpowiedzialno\u015bci za kwestie zwi\u0105zane z: <\/p>\n\n<p>&#8211; Niedost\u0119pno\u015b\u0107 strony internetowej.<\/p>\n\n<p>&#8211; Nie\u015bcis\u0142o\u015bci lub pomini\u0119cia w tre\u015bci.<\/p>\n\n<p>&#8211; Obecno\u015b\u0107 wirus\u00f3w lub innych szkodliwych sk\u0142adnik\u00f3w.<\/p>\n\n<p>U\u017cytkownicy s\u0105 odpowiedzialni za zapewnienie zgodnego z prawem i w\u0142a\u015bciwego korzystania z witryny.<\/p>\n\n<p><strong>PRYWATNO\u015a\u0106 I OCHRONA DANYCH:<\/strong><\/p>\n\n<p>Szczeg\u00f3\u0142owe informacje na temat sposobu gromadzenia, wykorzystywania i ochrony danych osobowych mo\u017cna znale\u017a\u0107 w naszej <a href=\"#https:\/\/skydiveatmosfera.shop\/index.php\/privacy-policy\/\">Polityce prywatno\u015bci<\/a>. Dane osobowe u\u017cytkownika mog\u0105 by\u0107 udost\u0119pniane <strong>Grzegorzowi Kucharczykowi<\/strong> do cel\u00f3w fakturowania i cel\u00f3w podatkowych zgodnie z obowi\u0105zuj\u0105cymi wymogami prawnymi. <\/p>\n\n<p><strong>CIASTECZKA:<\/strong><\/p>\n\n<p>Ta strona wykorzystuje pliki cookie, aby poprawi\u0107 komfort u\u017cytkowania i zapewni\u0107 przydatne funkcje. Aby uzyska\u0107 wi\u0119cej informacji na temat korzystania z plik\u00f3w cookie na naszej stronie internetowej, zapoznaj si\u0119 z nasz\u0105 <a href=\"https:\/\/skydiveatmosfera.shop\/pl\/index.php\/polityka-prywatnosci\/\" target=\"_blank\" rel=\"noreferrer noopener\">Polityk\u0105 prywatno\u015bci<\/a>. <\/p>\n\n<p><strong>HYPERLINKS:<\/strong><\/p>\n\n<p>Niniejsza strona internetowa mo\u017ce zawiera\u0107 hiper\u0142\u0105cza do stron internetowych os\u00f3b trzecich. <strong>Club Deportivo ATMOSFERA<\/strong> nie ponosi odpowiedzialno\u015bci za tre\u015b\u0107, polityk\u0119 prywatno\u015bci lub us\u0142ugi tych stron internetowych. U\u017cytkownicy, kt\u00f3rzy korzystaj\u0105 z link\u00f3w zewn\u0119trznych, robi\u0105 to na w\u0142asne ryzyko i powinni zapozna\u0107 si\u0119 z warunkami korzystania z witryn, do kt\u00f3rych prowadz\u0105 linki. <\/p>\n\n<p><strong>DOST\u0118PNO\u015a\u0106 US\u0141UGI:<\/strong><\/p>\n\n<p><strong>Club Deportivo ATMOSFERA<\/strong> zastrzega sobie prawo do modyfikacji, zawieszenia lub przerwania dost\u0119pu do strony internetowej lub jej zawarto\u015bci w dowolnym momencie bez wcze\u015bniejszego powiadomienia.<\/p>\n\n<p><strong>PRAWO W\u0141A\u015aCIWE I JURYSDYKCJA:<\/strong><\/p>\n\n<p>Wszelkie kwestie prawne zwi\u0105zane z korzystaniem z niniejszej strony internetowej podlegaj\u0105 <strong>prawu hiszpa\u0144skiemu<\/strong>. W przypadku jakichkolwiek spor\u00f3w wynikaj\u0105cych z korzystania z tej strony internetowej: <\/p>\n\n<p>&#8211; W sprawach zwi\u0105zanych z marketingiem i \u015bwiadczeniem us\u0142ug przez <strong>Club Deportivo ATMOSFERA<\/strong> w\u0142a\u015bciwe s\u0105 s\u0105dy i trybuna\u0142y w Sewilli w Hiszpanii.<\/p>\n\n<p>&#8211; W przypadku spor\u00f3w zwi\u0105zanych z fakturowaniem lub kwestiami podatkowymi, w\u0142a\u015bciw\u0105 jurysdykcj\u0105 b\u0119dzie jurysdykcja <strong>Grzegorza Kucharczyka<\/strong>.<\/p>\n\n<p><strong>PROCEDURA ZG\u0141ASZANIA DZIA\u0141A\u0143 NIEZGODNYCH Z PRAWEM:<\/strong><\/p>\n\n<p>Je\u015bli jakikolwiek u\u017cytkownik lub osoba trzecia zaobserwuje niezgodn\u0105 z prawem dzia\u0142alno\u015b\u0107 na stronie internetowej, powinien niezw\u0142ocznie powiadomi\u0107 <strong>Club Deportivo ATMOSFERA<\/strong> za po\u015brednictwem poczty elektronicznej na adres <a href=\"mailto:info@skydiveatmosfera.com\">info@skydiveatmosfera.com<\/a>, podaj\u0105c prawid\u0142ow\u0105 identyfikacj\u0119 i opis problemu.<\/p>\n","protected":false},"excerpt":{"rendered":"<p>CEL: Niniejsza strona internetowa, www.skydiveatmosfera.shop, jest w\u0142asno\u015bci\u0105 i jest obs\u0142ugiwana przez Club Deportivo ATMOSFERA, z siedzib\u0105 przy Plaza de las Aceitunas 29, 41-110 Bollullos de la Mitaci\u00f3n, Sewilla, Hiszpania. Nasz CIF\/NIF to G90155482, a numer rejestracyjny to 021982. G\u0142\u00f3wnym celem strony internetowej jest promowanie us\u0142ug oferowanych przez Club Deportivo ATMOSFERA, [&hellip;]<\/p>\n","protected":false},"author":163,"featured_media":0,"parent":0,"menu_order":0,"comment_status":"closed","ping_status":"closed","template":"","meta":{"_themeisle_gutenberg_block_has_review":false,"footnotes":""},"class_list":["post-5279","page","type-page","status-publish","hentry"],"yoast_head":"<!-- This site is optimized with the Yoast SEO plugin v27.1.1 - https:\/\/yoast.com\/product\/yoast-seo-wordpress\/ -->\n<title>Nota prawna - skydiveatmosfera.shop<\/title>\n<meta name=\"robots\" content=\"index, follow, max-snippet:-1, max-image-preview:large, max-video-preview:-1\" \/>\n<link rel=\"canonical\" href=\"https:\/\/skydiveatmosfera.shop\/pl\/index.php\/nota-prawna\/\" \/>\n<meta property=\"og:locale\" content=\"pl_PL\" \/>\n<meta property=\"og:type\" content=\"article\" \/>\n<meta property=\"og:title\" content=\"Nota prawna - skydiveatmosfera.shop\" \/>\n<meta property=\"og:description\" content=\"CEL: Niniejsza strona internetowa, www.skydiveatmosfera.shop, jest w\u0142asno\u015bci\u0105 i jest obs\u0142ugiwana przez Club Deportivo ATMOSFERA, z siedzib\u0105 przy Plaza de las Aceitunas 29, 41-110 Bollullos de la Mitaci\u00f3n, Sewilla, Hiszpania. Nasz CIF\/NIF to G90155482, a numer rejestracyjny to 021982. G\u0142\u00f3wnym celem strony internetowej jest promowanie us\u0142ug oferowanych przez Club Deportivo ATMOSFERA, [&hellip;]\" \/>\n<meta property=\"og:url\" content=\"https:\/\/skydiveatmosfera.shop\/pl\/index.php\/nota-prawna\/\" \/>\n<meta property=\"og:site_name\" content=\"skydiveatmosfera.shop\" \/>\n<meta property=\"article:publisher\" content=\"https:\/\/www.facebook.com\/skydiveatmosferashop\/\" \/>\n<meta name=\"twitter:card\" content=\"summary_large_image\" \/>\n<script type=\"application\/ld+json\" class=\"yoast-schema-graph\">{\"@context\":\"https:\/\/schema.org\",\"@graph\":[{\"@type\":\"WebPage\",\"@id\":\"https:\/\/skydiveatmosfera.shop\/pl\/index.php\/nota-prawna\/\",\"url\":\"https:\/\/skydiveatmosfera.shop\/pl\/index.php\/nota-prawna\/\",\"name\":\"Nota prawna - skydiveatmosfera.shop\",\"isPartOf\":{\"@id\":\"https:\/\/skydiveatmosfera.shop\/pl\/#website\"},\"datePublished\":\"2024-10-20T12:06:22+00:00\",\"breadcrumb\":{\"@id\":\"https:\/\/skydiveatmosfera.shop\/pl\/index.php\/nota-prawna\/#breadcrumb\"},\"inLanguage\":\"pl-PL\",\"potentialAction\":[{\"@type\":\"ReadAction\",\"target\":[\"https:\/\/skydiveatmosfera.shop\/pl\/index.php\/nota-prawna\/\"]}]},{\"@type\":\"BreadcrumbList\",\"@id\":\"https:\/\/skydiveatmosfera.shop\/pl\/index.php\/nota-prawna\/#breadcrumb\",\"itemListElement\":[{\"@type\":\"ListItem\",\"position\":1,\"name\":\"Home\",\"item\":\"https:\/\/skydiveatmosfera.shop\/pl\/\"},{\"@type\":\"ListItem\",\"position\":2,\"name\":\"Nota prawna\"}]},{\"@type\":\"WebSite\",\"@id\":\"https:\/\/skydiveatmosfera.shop\/pl\/#website\",\"url\":\"https:\/\/skydiveatmosfera.shop\/pl\/\",\"name\":\"skydiveatmosfera.shop\",\"description\":\"Gear picked by instructors. Not influencers. Not dealers. \ud83d\udc49 Used by jumpers. \ud83d\udc49 Not hyped by ads\",\"publisher\":{\"@id\":\"https:\/\/skydiveatmosfera.shop\/pl\/#organization\"},\"potentialAction\":[{\"@type\":\"SearchAction\",\"target\":{\"@type\":\"EntryPoint\",\"urlTemplate\":\"https:\/\/skydiveatmosfera.shop\/pl\/?s={search_term_string}\"},\"query-input\":{\"@type\":\"PropertyValueSpecification\",\"valueRequired\":true,\"valueName\":\"search_term_string\"}}],\"inLanguage\":\"pl-PL\"},{\"@type\":\"Organization\",\"@id\":\"https:\/\/skydiveatmosfera.shop\/pl\/#organization\",\"name\":\"skydiveatmosfera.shop\",\"url\":\"https:\/\/skydiveatmosfera.shop\/pl\/\",\"logo\":{\"@type\":\"ImageObject\",\"inLanguage\":\"pl-PL\",\"@id\":\"https:\/\/skydiveatmosfera.shop\/pl\/#\/schema\/logo\/image\/\",\"url\":\"https:\/\/skydiveatmosfera.shop\/wp-content\/uploads\/2025\/07\/Logo-SA-Shop-duze.png\",\"contentUrl\":\"https:\/\/skydiveatmosfera.shop\/wp-content\/uploads\/2025\/07\/Logo-SA-Shop-duze.png\",\"width\":813,\"height\":813,\"caption\":\"skydiveatmosfera.shop\"},\"image\":{\"@id\":\"https:\/\/skydiveatmosfera.shop\/pl\/#\/schema\/logo\/image\/\"},\"sameAs\":[\"https:\/\/www.facebook.com\/skydiveatmosferashop\/\",\"https:\/\/www.instagram.com\/skydiveatmosfera_shop\/\"]}]}<\/script>\n<!-- \/ Yoast SEO plugin. -->","yoast_head_json":{"title":"Nota prawna - skydiveatmosfera.shop","robots":{"index":"index","follow":"follow","max-snippet":"max-snippet:-1","max-image-preview":"max-image-preview:large","max-video-preview":"max-video-preview:-1"},"canonical":"https:\/\/skydiveatmosfera.shop\/pl\/index.php\/nota-prawna\/","og_locale":"pl_PL","og_type":"article","og_title":"Nota prawna - skydiveatmosfera.shop","og_description":"CEL: Niniejsza strona internetowa, www.skydiveatmosfera.shop, jest w\u0142asno\u015bci\u0105 i jest obs\u0142ugiwana przez Club Deportivo ATMOSFERA, z siedzib\u0105 przy Plaza de las Aceitunas 29, 41-110 Bollullos de la Mitaci\u00f3n, Sewilla, Hiszpania. Nasz CIF\/NIF to G90155482, a numer rejestracyjny to 021982. G\u0142\u00f3wnym celem strony internetowej jest promowanie us\u0142ug oferowanych przez Club Deportivo ATMOSFERA, [&hellip;]","og_url":"https:\/\/skydiveatmosfera.shop\/pl\/index.php\/nota-prawna\/","og_site_name":"skydiveatmosfera.shop","article_publisher":"https:\/\/www.facebook.com\/skydiveatmosferashop\/","twitter_card":"summary_large_image","schema":{"@context":"https:\/\/schema.org","@graph":[{"@type":"WebPage","@id":"https:\/\/skydiveatmosfera.shop\/pl\/index.php\/nota-prawna\/","url":"https:\/\/skydiveatmosfera.shop\/pl\/index.php\/nota-prawna\/","name":"Nota prawna - skydiveatmosfera.shop","isPartOf":{"@id":"https:\/\/skydiveatmosfera.shop\/pl\/#website"},"datePublished":"2024-10-20T12:06:22+00:00","breadcrumb":{"@id":"https:\/\/skydiveatmosfera.shop\/pl\/index.php\/nota-prawna\/#breadcrumb"},"inLanguage":"pl-PL","potentialAction":[{"@type":"ReadAction","target":["https:\/\/skydiveatmosfera.shop\/pl\/index.php\/nota-prawna\/"]}]},{"@type":"BreadcrumbList","@id":"https:\/\/skydiveatmosfera.shop\/pl\/index.php\/nota-prawna\/#breadcrumb","itemListElement":[{"@type":"ListItem","position":1,"name":"Home","item":"https:\/\/skydiveatmosfera.shop\/pl\/"},{"@type":"ListItem","position":2,"name":"Nota prawna"}]},{"@type":"WebSite","@id":"https:\/\/skydiveatmosfera.shop\/pl\/#website","url":"https:\/\/skydiveatmosfera.shop\/pl\/","name":"skydiveatmosfera.shop","description":"Gear picked by instructors. Not influencers. Not dealers. \ud83d\udc49 Used by jumpers. \ud83d\udc49 Not hyped by ads","publisher":{"@id":"https:\/\/skydiveatmosfera.shop\/pl\/#organization"},"potentialAction":[{"@type":"SearchAction","target":{"@type":"EntryPoint","urlTemplate":"https:\/\/skydiveatmosfera.shop\/pl\/?s={search_term_string}"},"query-input":{"@type":"PropertyValueSpecification","valueRequired":true,"valueName":"search_term_string"}}],"inLanguage":"pl-PL"},{"@type":"Organization","@id":"https:\/\/skydiveatmosfera.shop\/pl\/#organization","name":"skydiveatmosfera.shop","url":"https:\/\/skydiveatmosfera.shop\/pl\/","logo":{"@type":"ImageObject","inLanguage":"pl-PL","@id":"https:\/\/skydiveatmosfera.shop\/pl\/#\/schema\/logo\/image\/","url":"https:\/\/skydiveatmosfera.shop\/wp-content\/uploads\/2025\/07\/Logo-SA-Shop-duze.png","contentUrl":"https:\/\/skydiveatmosfera.shop\/wp-content\/uploads\/2025\/07\/Logo-SA-Shop-duze.png","width":813,"height":813,"caption":"skydiveatmosfera.shop"},"image":{"@id":"https:\/\/skydiveatmosfera.shop\/pl\/#\/schema\/logo\/image\/"},"sameAs":["https:\/\/www.facebook.com\/skydiveatmosferashop\/","https:\/\/www.instagram.com\/skydiveatmosfera_shop\/"]}]}},"jetpack-related-posts":[],"jetpack_sharing_enabled":true,"_links":{"self":[{"href":"https:\/\/skydiveatmosfera.shop\/pl\/index.php\/wp-json\/wp\/v2\/pages\/5279","targetHints":{"allow":["GET"]}}],"collection":[{"href":"https:\/\/skydiveatmosfera.shop\/pl\/index.php\/wp-json\/wp\/v2\/pages"}],"about":[{"href":"https:\/\/skydiveatmosfera.shop\/pl\/index.php\/wp-json\/wp\/v2\/types\/page"}],"author":[{"embeddable":true,"href":"https:\/\/skydiveatmosfera.shop\/pl\/index.php\/wp-json\/wp\/v2\/users\/163"}],"replies":[{"embeddable":true,"href":"https:\/\/skydiveatmosfera.shop\/pl\/index.php\/wp-json\/wp\/v2\/comments?post=5279"}],"version-history":[{"count":1,"href":"https:\/\/skydiveatmosfera.shop\/pl\/index.php\/wp-json\/wp\/v2\/pages\/5279\/revisions"}],"predecessor-version":[{"id":5280,"href":"https:\/\/skydiveatmosfera.shop\/pl\/index.php\/wp-json\/wp\/v2\/pages\/5279\/revisions\/5280"}],"wp:attachment":[{"href":"https:\/\/skydiveatmosfera.shop\/pl\/index.php\/wp-json\/wp\/v2\/media?parent=5279"}],"curies":[{"name":"wp","href":"https:\/\/api.w.org\/{rel}","templated":true}]}}