{"id":3057,"date":"2021-11-28T15:38:48","date_gmt":"2021-11-28T15:38:48","guid":{"rendered":"https:\/\/skydiveatmosfera.shop\/index.php\/dom\/"},"modified":"2021-11-29T14:48:22","modified_gmt":"2021-11-29T14:48:22","slug":"dom","status":"publish","type":"page","link":"https:\/\/skydiveatmosfera.shop\/pl\/index.php\/dom\/","title":{"rendered":"Home"},"content":{"rendered":"<h1><a href=\"https:\/\/crazy4skydive.com\/index.php\/product-category\/gear\/\">Pe\u0142ny pakiet narz\u0119dzi<\/a><\/h1>\n<h3>w najlepszej cenie i obs\u0142udze<\/h3>\n<p><a href=\"https:\/\/crazy4skydive.com\/index.php\/product-category\/gear\/\" role=\"button\"><br \/>\nKupuj teraz<br \/>\n<\/a><br \/>\n<a href=\"https:\/\/crazy4skydive.com\/index.php\/product-category\/gear\/\" role=\"button\"><br \/>\nZnajd\u017a wi\u0119cej<br \/>\n<\/a><\/p>\n<figure><\/figure>\n<figure><\/figure>\n<figure><\/figure>\n<figure><\/figure>\n<figure><\/figure>\n<figure><\/figure>\n<figure><\/figure>\n<h2>Skok balonem na gor\u0105ce powietrze!<\/h2>\n<p>Nasza najnowsza atrakcja &#8211; skocz ze spadochronem lub do\u0142\u0105cz jako pasa\u017cer<\/p>\n<p><a href=\"https:\/\/crazy4skydive.com\/index.php\/salto-en-globo-hot-air-balloon-skydive\/\" role=\"button\"><br \/>\nDowiedz si\u0119 wi\u0119cej (ESP)<br \/>\n<\/a><\/p>\n<h2>Skoki spadochronowe z kapturem Nowy projekt<\/h2>\n<p>Must have na zim\u0119!<\/p>\n<p><a href=\"https:\/\/crazy4skydive.com\/index.php\/product\/skydiving-hoodie-high-risk\/\" role=\"button\"><br \/>\nWybierz kolor teraz<br \/>\n<\/a><\/p>\n<h2>Nigdy wystarczaj\u0105co<br \/>\nwiedzie\u0107 wi\u0119cej<\/h2>\n<p>Ebooki Skydiving Series &#8211; Tw\u00f3j paszport do bezpiecze\u0144stwa i rozwoju!<\/p>\n<p><a href=\"https:\/\/crazy4skydive.com\/index.php\/product-category\/ebooks\/\" role=\"button\"><br \/>\nKasy<br \/>\n<\/a><\/p>\n<h2>Polecane produkty<\/h2>\n<div class=\"woocommerce columns-5 \"><\/div>\n<h4>Oferta limitowana<\/h4>\n<h2>Edycja specjalna &#8211; SWS FIRE 2<\/h2>\n<p>Poznaj najnowsz\u0105 aktualizacj\u0119 naszego najpopularniejszego kontenera spadochronowego.<\/p>\n<h6>Dowiedz si\u0119 wi\u0119cej<\/h6>\n<p><a href=\"http:\/\/checkout-page\/\" role=\"button\"><br \/>\nKup Teraz<br \/>\n<\/a><\/p>\n<figure><img decoding=\"async\" width=\"120\" height=\"120\" src=\"http:\/\/crazy4skydive.com\/wp-content\/uploads\/2018\/12\/globe-free-img.png\" alt=\"\" loading=\"lazy\" srcset=\"https:\/\/i2.wp.com\/crazy4skydive.com\/wp-content\/uploads\/2018\/12\/globe-free-img.png?w=120 120w, https:\/\/i2.wp.com\/crazy4skydive.com\/wp-content\/uploads\/2018\/12\/globe-free-img.png?resize=100%2C100 100w\" sizes=\"auto, (max-width: 120px) 100vw, 120px\"><\/figure>\n<h5>Wysy\u0142ka na ca\u0142y \u015bwiat<\/h5>\n<p>Chocia\u017c wolimy odbi\u00f3r osobisty, wysy\u0142amy Tw\u00f3j sprz\u0119t pod Twoje drzwi.<\/p>\n<figure><img decoding=\"async\" width=\"120\" height=\"120\" src=\"http:\/\/crazy4skydive.com\/wp-content\/uploads\/2018\/12\/quality-free-img.png\" alt=\"\" loading=\"lazy\" srcset=\"https:\/\/i2.wp.com\/crazy4skydive.com\/wp-content\/uploads\/2018\/12\/quality-free-img.png?w=120 120w, https:\/\/i2.wp.com\/crazy4skydive.com\/wp-content\/uploads\/2018\/12\/quality-free-img.png?resize=100%2C100 100w\" sizes=\"auto, (max-width: 120px) 100vw, 120px\"><\/figure>\n<h5>Najwy\u017csza jako\u015b\u0107<\/h5>\n<p>Tylko dopasowane oferty, starannie wyselekcjonowane i przetestowane marki. Dla Twojego bezpiecze\u0144stwa i przyjemno\u015bci.<\/p>\n<figure><img decoding=\"async\" width=\"120\" height=\"120\" src=\"http:\/\/crazy4skydive.com\/wp-content\/uploads\/2018\/12\/tag-free-img.png\" alt=\"\" loading=\"lazy\" srcset=\"https:\/\/i2.wp.com\/crazy4skydive.com\/wp-content\/uploads\/2018\/12\/tag-free-img.png?w=120 120w, https:\/\/i2.wp.com\/crazy4skydive.com\/wp-content\/uploads\/2018\/12\/tag-free-img.png?resize=100%2C100 100w\" sizes=\"auto, (max-width: 120px) 100vw, 120px\"><\/figure>\n<h5>Najlepsze oferty<\/h5>\n<p>Szanujemy Tw\u00f3j czas, pieni\u0105dze i do\u015bwiadczenie, pracuj\u0105c nad zapewnieniem najwy\u017cszej jako\u015bci &#8211; ceny produktu lub us\u0142ugi.<\/p>\n<figure><img decoding=\"async\" width=\"120\" height=\"120\" src=\"http:\/\/crazy4skydive.com\/wp-content\/uploads\/2018\/12\/lock-free-img.png\" alt=\"\" loading=\"lazy\" srcset=\"https:\/\/i2.wp.com\/crazy4skydive.com\/wp-content\/uploads\/2018\/12\/lock-free-img.png?w=120 120w, https:\/\/i2.wp.com\/crazy4skydive.com\/wp-content\/uploads\/2018\/12\/lock-free-img.png?resize=100%2C100 100w\" sizes=\"auto, (max-width: 120px) 100vw, 120px\"><\/figure>\n<h5>Bezpieczne P\u0142atno\u015bci<\/h5>\n<p>Na razie ograniczamy si\u0119 do przelew\u00f3w bankowych, staraj\u0105c si\u0119 wyeliminowa\u0107 po\u015brednik\u00f3w.<\/p>\n","protected":false},"excerpt":{"rendered":"<p>Pe\u0142ny pakiet narz\u0119dzi w najlepszej cenie i obs\u0142udze Kupuj teraz Znajd\u017a wi\u0119cej Skok balonem na gor\u0105ce powietrze! Nasza najnowsza atrakcja &#8211; skocz ze spadochronem lub do\u0142\u0105cz jako pasa\u017cer Dowiedz si\u0119 wi\u0119cej (ESP) Skoki spadochronowe z kapturem Nowy projekt Must have na zim\u0119! Wybierz kolor teraz Nigdy wystarczaj\u0105co wiedzie\u0107 wi\u0119cej Ebooki [&hellip;]<\/p>\n","protected":false},"author":1,"featured_media":0,"parent":0,"menu_order":0,"comment_status":"closed","ping_status":"closed","template":"","meta":{"_themeisle_gutenberg_block_has_review":false,"footnotes":""},"class_list":["post-3057","page","type-page","status-publish","hentry"],"yoast_head":"<!-- This site is optimized with the Yoast SEO plugin v27.1.1 - https:\/\/yoast.com\/product\/yoast-seo-wordpress\/ -->\n<title>Home - skydiveatmosfera.shop<\/title>\n<meta name=\"robots\" content=\"index, follow, max-snippet:-1, max-image-preview:large, max-video-preview:-1\" \/>\n<link rel=\"canonical\" href=\"https:\/\/skydiveatmosfera.shop\/pl\/index.php\/dom\/\" \/>\n<meta property=\"og:locale\" content=\"pl_PL\" \/>\n<meta property=\"og:type\" content=\"article\" \/>\n<meta property=\"og:title\" content=\"Home - skydiveatmosfera.shop\" \/>\n<meta property=\"og:description\" content=\"Pe\u0142ny pakiet narz\u0119dzi w najlepszej cenie i obs\u0142udze Kupuj teraz Znajd\u017a wi\u0119cej Skok balonem na gor\u0105ce powietrze! Nasza najnowsza atrakcja &#8211; skocz ze spadochronem lub do\u0142\u0105cz jako pasa\u017cer Dowiedz si\u0119 wi\u0119cej (ESP) Skoki spadochronowe z kapturem Nowy projekt Must have na zim\u0119! Wybierz kolor teraz Nigdy wystarczaj\u0105co wiedzie\u0107 wi\u0119cej Ebooki [&hellip;]\" \/>\n<meta property=\"og:url\" content=\"https:\/\/skydiveatmosfera.shop\/pl\/index.php\/dom\/\" \/>\n<meta property=\"og:site_name\" content=\"skydiveatmosfera.shop\" \/>\n<meta property=\"article:publisher\" content=\"https:\/\/www.facebook.com\/skydiveatmosferashop\/\" \/>\n<meta property=\"article:modified_time\" content=\"2021-11-29T14:48:22+00:00\" \/>\n<meta property=\"og:image\" content=\"http:\/\/crazy4skydive.com\/wp-content\/uploads\/2018\/12\/globe-free-img.png\" \/>\n<meta name=\"twitter:card\" content=\"summary_large_image\" \/>\n<script type=\"application\/ld+json\" class=\"yoast-schema-graph\">{\"@context\":\"https:\/\/schema.org\",\"@graph\":[{\"@type\":\"WebPage\",\"@id\":\"https:\/\/skydiveatmosfera.shop\/pl\/index.php\/dom\/\",\"url\":\"https:\/\/skydiveatmosfera.shop\/pl\/index.php\/dom\/\",\"name\":\"Home - skydiveatmosfera.shop\",\"isPartOf\":{\"@id\":\"https:\/\/skydiveatmosfera.shop\/pl\/#website\"},\"primaryImageOfPage\":{\"@id\":\"https:\/\/skydiveatmosfera.shop\/pl\/index.php\/dom\/#primaryimage\"},\"image\":{\"@id\":\"https:\/\/skydiveatmosfera.shop\/pl\/index.php\/dom\/#primaryimage\"},\"thumbnailUrl\":\"http:\/\/crazy4skydive.com\/wp-content\/uploads\/2018\/12\/globe-free-img.png\",\"datePublished\":\"2021-11-28T15:38:48+00:00\",\"dateModified\":\"2021-11-29T14:48:22+00:00\",\"breadcrumb\":{\"@id\":\"https:\/\/skydiveatmosfera.shop\/pl\/index.php\/dom\/#breadcrumb\"},\"inLanguage\":\"pl-PL\",\"potentialAction\":[{\"@type\":\"ReadAction\",\"target\":[\"https:\/\/skydiveatmosfera.shop\/pl\/index.php\/dom\/\"]}]},{\"@type\":\"ImageObject\",\"inLanguage\":\"pl-PL\",\"@id\":\"https:\/\/skydiveatmosfera.shop\/pl\/index.php\/dom\/#primaryimage\",\"url\":\"http:\/\/crazy4skydive.com\/wp-content\/uploads\/2018\/12\/globe-free-img.png\",\"contentUrl\":\"http:\/\/crazy4skydive.com\/wp-content\/uploads\/2018\/12\/globe-free-img.png\"},{\"@type\":\"BreadcrumbList\",\"@id\":\"https:\/\/skydiveatmosfera.shop\/pl\/index.php\/dom\/#breadcrumb\",\"itemListElement\":[{\"@type\":\"ListItem\",\"position\":1,\"name\":\"Home\",\"item\":\"https:\/\/skydiveatmosfera.shop\/pl\/\"},{\"@type\":\"ListItem\",\"position\":2,\"name\":\"Home\"}]},{\"@type\":\"WebSite\",\"@id\":\"https:\/\/skydiveatmosfera.shop\/pl\/#website\",\"url\":\"https:\/\/skydiveatmosfera.shop\/pl\/\",\"name\":\"skydiveatmosfera.shop\",\"description\":\"Gear picked by instructors. Not influencers. Not dealers. \ud83d\udc49 Used by jumpers. \ud83d\udc49 Not hyped by ads\",\"publisher\":{\"@id\":\"https:\/\/skydiveatmosfera.shop\/pl\/#organization\"},\"potentialAction\":[{\"@type\":\"SearchAction\",\"target\":{\"@type\":\"EntryPoint\",\"urlTemplate\":\"https:\/\/skydiveatmosfera.shop\/pl\/?s={search_term_string}\"},\"query-input\":{\"@type\":\"PropertyValueSpecification\",\"valueRequired\":true,\"valueName\":\"search_term_string\"}}],\"inLanguage\":\"pl-PL\"},{\"@type\":\"Organization\",\"@id\":\"https:\/\/skydiveatmosfera.shop\/pl\/#organization\",\"name\":\"skydiveatmosfera.shop\",\"url\":\"https:\/\/skydiveatmosfera.shop\/pl\/\",\"logo\":{\"@type\":\"ImageObject\",\"inLanguage\":\"pl-PL\",\"@id\":\"https:\/\/skydiveatmosfera.shop\/pl\/#\/schema\/logo\/image\/\",\"url\":\"https:\/\/skydiveatmosfera.shop\/wp-content\/uploads\/2025\/07\/Logo-SA-Shop-duze.png\",\"contentUrl\":\"https:\/\/skydiveatmosfera.shop\/wp-content\/uploads\/2025\/07\/Logo-SA-Shop-duze.png\",\"width\":813,\"height\":813,\"caption\":\"skydiveatmosfera.shop\"},\"image\":{\"@id\":\"https:\/\/skydiveatmosfera.shop\/pl\/#\/schema\/logo\/image\/\"},\"sameAs\":[\"https:\/\/www.facebook.com\/skydiveatmosferashop\/\",\"https:\/\/www.instagram.com\/skydiveatmosfera_shop\/\"]}]}<\/script>\n<!-- \/ Yoast SEO plugin. -->","yoast_head_json":{"title":"Home - skydiveatmosfera.shop","robots":{"index":"index","follow":"follow","max-snippet":"max-snippet:-1","max-image-preview":"max-image-preview:large","max-video-preview":"max-video-preview:-1"},"canonical":"https:\/\/skydiveatmosfera.shop\/pl\/index.php\/dom\/","og_locale":"pl_PL","og_type":"article","og_title":"Home - skydiveatmosfera.shop","og_description":"Pe\u0142ny pakiet narz\u0119dzi w najlepszej cenie i obs\u0142udze Kupuj teraz Znajd\u017a wi\u0119cej Skok balonem na gor\u0105ce powietrze! Nasza najnowsza atrakcja &#8211; skocz ze spadochronem lub do\u0142\u0105cz jako pasa\u017cer Dowiedz si\u0119 wi\u0119cej (ESP) Skoki spadochronowe z kapturem Nowy projekt Must have na zim\u0119! Wybierz kolor teraz Nigdy wystarczaj\u0105co wiedzie\u0107 wi\u0119cej Ebooki [&hellip;]","og_url":"https:\/\/skydiveatmosfera.shop\/pl\/index.php\/dom\/","og_site_name":"skydiveatmosfera.shop","article_publisher":"https:\/\/www.facebook.com\/skydiveatmosferashop\/","article_modified_time":"2021-11-29T14:48:22+00:00","og_image":[{"url":"http:\/\/crazy4skydive.com\/wp-content\/uploads\/2018\/12\/globe-free-img.png","type":"","width":"","height":""}],"twitter_card":"summary_large_image","schema":{"@context":"https:\/\/schema.org","@graph":[{"@type":"WebPage","@id":"https:\/\/skydiveatmosfera.shop\/pl\/index.php\/dom\/","url":"https:\/\/skydiveatmosfera.shop\/pl\/index.php\/dom\/","name":"Home - skydiveatmosfera.shop","isPartOf":{"@id":"https:\/\/skydiveatmosfera.shop\/pl\/#website"},"primaryImageOfPage":{"@id":"https:\/\/skydiveatmosfera.shop\/pl\/index.php\/dom\/#primaryimage"},"image":{"@id":"https:\/\/skydiveatmosfera.shop\/pl\/index.php\/dom\/#primaryimage"},"thumbnailUrl":"http:\/\/crazy4skydive.com\/wp-content\/uploads\/2018\/12\/globe-free-img.png","datePublished":"2021-11-28T15:38:48+00:00","dateModified":"2021-11-29T14:48:22+00:00","breadcrumb":{"@id":"https:\/\/skydiveatmosfera.shop\/pl\/index.php\/dom\/#breadcrumb"},"inLanguage":"pl-PL","potentialAction":[{"@type":"ReadAction","target":["https:\/\/skydiveatmosfera.shop\/pl\/index.php\/dom\/"]}]},{"@type":"ImageObject","inLanguage":"pl-PL","@id":"https:\/\/skydiveatmosfera.shop\/pl\/index.php\/dom\/#primaryimage","url":"http:\/\/crazy4skydive.com\/wp-content\/uploads\/2018\/12\/globe-free-img.png","contentUrl":"http:\/\/crazy4skydive.com\/wp-content\/uploads\/2018\/12\/globe-free-img.png"},{"@type":"BreadcrumbList","@id":"https:\/\/skydiveatmosfera.shop\/pl\/index.php\/dom\/#breadcrumb","itemListElement":[{"@type":"ListItem","position":1,"name":"Home","item":"https:\/\/skydiveatmosfera.shop\/pl\/"},{"@type":"ListItem","position":2,"name":"Home"}]},{"@type":"WebSite","@id":"https:\/\/skydiveatmosfera.shop\/pl\/#website","url":"https:\/\/skydiveatmosfera.shop\/pl\/","name":"skydiveatmosfera.shop","description":"Gear picked by instructors. Not influencers. Not dealers. \ud83d\udc49 Used by jumpers. \ud83d\udc49 Not hyped by ads","publisher":{"@id":"https:\/\/skydiveatmosfera.shop\/pl\/#organization"},"potentialAction":[{"@type":"SearchAction","target":{"@type":"EntryPoint","urlTemplate":"https:\/\/skydiveatmosfera.shop\/pl\/?s={search_term_string}"},"query-input":{"@type":"PropertyValueSpecification","valueRequired":true,"valueName":"search_term_string"}}],"inLanguage":"pl-PL"},{"@type":"Organization","@id":"https:\/\/skydiveatmosfera.shop\/pl\/#organization","name":"skydiveatmosfera.shop","url":"https:\/\/skydiveatmosfera.shop\/pl\/","logo":{"@type":"ImageObject","inLanguage":"pl-PL","@id":"https:\/\/skydiveatmosfera.shop\/pl\/#\/schema\/logo\/image\/","url":"https:\/\/skydiveatmosfera.shop\/wp-content\/uploads\/2025\/07\/Logo-SA-Shop-duze.png","contentUrl":"https:\/\/skydiveatmosfera.shop\/wp-content\/uploads\/2025\/07\/Logo-SA-Shop-duze.png","width":813,"height":813,"caption":"skydiveatmosfera.shop"},"image":{"@id":"https:\/\/skydiveatmosfera.shop\/pl\/#\/schema\/logo\/image\/"},"sameAs":["https:\/\/www.facebook.com\/skydiveatmosferashop\/","https:\/\/www.instagram.com\/skydiveatmosfera_shop\/"]}]}},"jetpack-related-posts":[],"jetpack_sharing_enabled":true,"_links":{"self":[{"href":"https:\/\/skydiveatmosfera.shop\/pl\/index.php\/wp-json\/wp\/v2\/pages\/3057","targetHints":{"allow":["GET"]}}],"collection":[{"href":"https:\/\/skydiveatmosfera.shop\/pl\/index.php\/wp-json\/wp\/v2\/pages"}],"about":[{"href":"https:\/\/skydiveatmosfera.shop\/pl\/index.php\/wp-json\/wp\/v2\/types\/page"}],"author":[{"embeddable":true,"href":"https:\/\/skydiveatmosfera.shop\/pl\/index.php\/wp-json\/wp\/v2\/users\/1"}],"replies":[{"embeddable":true,"href":"https:\/\/skydiveatmosfera.shop\/pl\/index.php\/wp-json\/wp\/v2\/comments?post=3057"}],"version-history":[{"count":2,"href":"https:\/\/skydiveatmosfera.shop\/pl\/index.php\/wp-json\/wp\/v2\/pages\/3057\/revisions"}],"predecessor-version":[{"id":3095,"href":"https:\/\/skydiveatmosfera.shop\/pl\/index.php\/wp-json\/wp\/v2\/pages\/3057\/revisions\/3095"}],"wp:attachment":[{"href":"https:\/\/skydiveatmosfera.shop\/pl\/index.php\/wp-json\/wp\/v2\/media?parent=3057"}],"curies":[{"name":"wp","href":"https:\/\/api.w.org\/{rel}","templated":true}]}}