{"id":3026,"date":"2021-11-28T15:37:05","date_gmt":"2021-11-28T15:37:05","guid":{"rendered":"https:\/\/skydiveatmosfera.shop\/index.php\/polityka-zwrotow-i-zwrotow\/"},"modified":"2024-10-20T12:12:29","modified_gmt":"2024-10-20T12:12:29","slug":"polityka-zwrotow-i-zwrotow","status":"publish","type":"page","link":"https:\/\/skydiveatmosfera.shop\/pl\/index.php\/polityka-zwrotow-i-zwrotow\/","title":{"rendered":"Polityka zwrot\u00f3w i zwrot\u00f3w"},"content":{"rendered":"\n<p><strong>Informacje og\u00f3lne<\/strong><\/p>\n\n<p>Nasza polityka zwrot\u00f3w trwa <strong>14 dni<\/strong><strong>(Dyrektywa w sprawie praw konsument\u00f3w (Dyrektywa 2011\/83\/UE)<\/strong>. Je\u015bli od zakupu min\u0119\u0142o wi\u0119cej ni\u017c 14 dni, niestety nie mo\u017cemy zaoferowa\u0107 pe\u0142nego zwrotu lub wymiany. <\/p>\n\n<p><strong>Kwalifikowalno\u015b\u0107 do zwrot\u00f3w<\/strong><\/p>\n\n<p>Aby kwalifikowa\u0107 si\u0119 do zwrotu, przedmiot musi by\u0107 nieu\u017cywany, nie mo\u017ce nosi\u0107 \u015blad\u00f3w manipulacji i musi by\u0107 w takim samym stanie, w jakim zosta\u0142 otrzymany. Musi by\u0107 r\u00f3wnie\u017c w oryginalnym opakowaniu.<\/p>\n\n<p><strong>Przedmioty niepodlegaj\u0105ce zwrotowi:<\/strong><\/p>\n\n<p>&#8211; Oprogramowanie do pobrania (np. eBooki)<\/p>\n\n<p>&#8211; Bony podarunkowe<\/p>\n\n<p>&#8211; Bi\u017cuteria<\/p>\n\n<p>&#8211; Us\u0142ugi konsultingowe online<\/p>\n\n<p>&#8211; Produkty zaprojektowane lub spersonalizowane na zam\u00f3wienie<\/p>\n\n<p>&#8211; Produkty szyte na miar\u0119<\/p>\n\n<p>&#8211; Produkty wysy\u0142ane spoza UE<\/p>\n\n<p>Aby dokona\u0107 zwrotu, potrzebujemy paragonu lub dowodu zakupu.<\/p>\n\n<p><strong>Nie<\/strong> odsy\u0142aj zakupionego produktu bezpo\u015brednio do producenta. My zajmiemy si\u0119 procesem zwrotu. <\/p>\n\n<p><strong>Zwroty<\/strong><\/p>\n\n<p>Po otrzymaniu i sprawdzeniu zwrotu powiadomimy Ci\u0119 o tym za po\u015brednictwem poczty elektronicznej. Poinformujemy o zatwierdzeniu lub odrzuceniu wniosku o zwrot pieni\u0119dzy. <\/p>\n\n<p>Je\u015bli zwrot zostanie zatwierdzony, zostanie on przetworzony, a kwota zostanie zwr\u00f3cona na konto pierwotnej metody p\u0142atno\u015bci w ci\u0105gu okre\u015blonej liczby dni.<\/p>\n\n<p><strong>Op\u00f3\u017anione lub brakuj\u0105ce zwroty<\/strong><\/p>\n\n<p>Je\u015bli nie otrzyma\u0142e\u015b jeszcze zwrotu pieni\u0119dzy:<\/p>\n\n<p>1. Najpierw sprawd\u017a ponownie swoje konto bankowe.<\/p>\n\n<p>2. Nast\u0119pnie skontaktuj si\u0119 z bankiem. Mog\u0105 wyst\u0105pi\u0107 pewne op\u00f3\u017anienia w przetwarzaniu, zanim zwrot zostanie zaksi\u0119gowany.<\/p>\n\n<p>3. Je\u015bli wykona\u0142e\u015b wszystkie powy\u017csze czynno\u015bci i nadal nie otrzyma\u0142e\u015b zwrotu pieni\u0119dzy, skontaktuj si\u0119 z nami pod adresem <strong>shop@skydiveatmosfera.shop.<\/strong><\/p>\n\n<p><strong>Przedmioty wyprzeda\u017cy<\/strong><\/p>\n\n<p>Do zwrotu kwalifikuj\u0105 si\u0119 wy\u0142\u0105cznie produkty w regularnej cenie.  <strong>Przedmioty wyprzeda\u017cy nie podlegaj\u0105 zwrotowi.<\/strong><\/p>\n\n<p><strong>Gie\u0142dy<\/strong><\/p>\n\n<p>Wymieniamy tylko przedmioty, kt\u00f3re s\u0105 wadliwe lub uszkodzone. Je\u015bli chcesz wymieni\u0107 przedmiot na ten sam produkt, wy\u015blij nam wiadomo\u015b\u0107 e-mail na adres <strong>shop@skydiveatmosfera.shop<\/strong>, a my udzielimy Ci dalszych instrukcji.<\/p>\n\n<p><strong>Wysy\u0142ka, zwroty<\/strong><\/p>\n\n<p>Aby zwr\u00f3ci\u0107 produkt, nale\u017cy wys\u0142a\u0107 go na adres:<\/p>\n\n<p><strong>Grzegorz Kucharczyk<\/strong><\/p>\n\n<p>EC-3 Correos Espartinas<\/p>\n\n<p>Avenida de Sevilla 2<\/p>\n\n<p>41-807 Espartinas, Sewilla, Hiszpania<\/p>\n\n<p>Przed wys\u0142aniem zwrotu zaleca si\u0119 skontaktowanie si\u0119 z nami pod adresem <strong>shop@skydiveatmosfera.shop<\/strong> w celu potwierdzenia adresu zwrotnego i uzyskania wszelkich niezb\u0119dnych danych dla firmy kurierskiej. Pomo\u017ce to zapewni\u0107 sprawny proces zwrotu. <\/p>\n\n<p>U\u017cytkownik jest odpowiedzialny za pokrycie koszt\u00f3w wysy\u0142ki zwi\u0105zanych ze zwrotem produktu. Koszty wysy\u0142ki nie podlegaj\u0105 zwrotowi. Je\u015bli otrzymasz zwrot pieni\u0119dzy, koszt przesy\u0142ki zwrotnej zostanie odj\u0119ty od Twojego zwrotu.<\/p>\n\n<p>W zale\u017cno\u015bci od lokalizacji, czas potrzebny na dostarczenie wymienionego produktu mo\u017ce by\u0107 r\u00f3\u017cny.<\/p>\n\n<p>Je\u015bli zwracasz przedmioty o du\u017cej warto\u015bci, rozwa\u017c skorzystanie z us\u0142ugi \u015bledzenia przesy\u0142ki lub wykupienie ubezpieczenia przesy\u0142ki. Nie gwarantujemy, \u017ce otrzymamy zwr\u00f3cony przedmiot<\/p>\n\n<p><strong>Potrzebujesz pomocy?<\/strong><\/p>\n\n<p>W przypadku jakichkolwiek pyta\u0144 lub potrzeby dalszej pomocy prosimy o kontakt pod adresem <strong>shop@skydiveatmosfera.shop.<\/strong><\/p>\n","protected":false},"excerpt":{"rendered":"<p>Informacje og\u00f3lne Nasza polityka zwrot\u00f3w trwa 14 dni(Dyrektywa w sprawie praw konsument\u00f3w (Dyrektywa 2011\/83\/UE). Je\u015bli od zakupu min\u0119\u0142o wi\u0119cej ni\u017c 14 dni, niestety nie mo\u017cemy zaoferowa\u0107 pe\u0142nego zwrotu lub wymiany. Kwalifikowalno\u015b\u0107 do zwrot\u00f3w Aby kwalifikowa\u0107 si\u0119 do zwrotu, przedmiot musi by\u0107 nieu\u017cywany, nie mo\u017ce nosi\u0107 \u015blad\u00f3w manipulacji i musi by\u0107 [&hellip;]<\/p>\n","protected":false},"author":1,"featured_media":0,"parent":0,"menu_order":0,"comment_status":"closed","ping_status":"closed","template":"","meta":{"_themeisle_gutenberg_block_has_review":false,"footnotes":""},"class_list":["post-3026","page","type-page","status-publish","hentry"],"yoast_head":"<!-- This site is optimized with the Yoast SEO plugin v27.1.1 - https:\/\/yoast.com\/product\/yoast-seo-wordpress\/ -->\n<title>Polityka zwrot\u00f3w i zwrot\u00f3w - skydiveatmosfera.shop<\/title>\n<meta name=\"robots\" content=\"index, follow, max-snippet:-1, max-image-preview:large, max-video-preview:-1\" \/>\n<link rel=\"canonical\" href=\"https:\/\/skydiveatmosfera.shop\/pl\/index.php\/polityka-zwrotow-i-zwrotow\/\" \/>\n<meta property=\"og:locale\" content=\"pl_PL\" \/>\n<meta property=\"og:type\" content=\"article\" \/>\n<meta property=\"og:title\" content=\"Polityka zwrot\u00f3w i zwrot\u00f3w - skydiveatmosfera.shop\" \/>\n<meta property=\"og:description\" content=\"Informacje og\u00f3lne Nasza polityka zwrot\u00f3w trwa 14 dni(Dyrektywa w sprawie praw konsument\u00f3w (Dyrektywa 2011\/83\/UE). Je\u015bli od zakupu min\u0119\u0142o wi\u0119cej ni\u017c 14 dni, niestety nie mo\u017cemy zaoferowa\u0107 pe\u0142nego zwrotu lub wymiany. Kwalifikowalno\u015b\u0107 do zwrot\u00f3w Aby kwalifikowa\u0107 si\u0119 do zwrotu, przedmiot musi by\u0107 nieu\u017cywany, nie mo\u017ce nosi\u0107 \u015blad\u00f3w manipulacji i musi by\u0107 [&hellip;]\" \/>\n<meta property=\"og:url\" content=\"https:\/\/skydiveatmosfera.shop\/pl\/index.php\/polityka-zwrotow-i-zwrotow\/\" \/>\n<meta property=\"og:site_name\" content=\"skydiveatmosfera.shop\" \/>\n<meta property=\"article:publisher\" content=\"https:\/\/www.facebook.com\/skydiveatmosferashop\/\" \/>\n<meta property=\"article:modified_time\" content=\"2024-10-20T12:12:29+00:00\" \/>\n<meta name=\"twitter:card\" content=\"summary_large_image\" \/>\n<script type=\"application\/ld+json\" class=\"yoast-schema-graph\">{\"@context\":\"https:\/\/schema.org\",\"@graph\":[{\"@type\":\"WebPage\",\"@id\":\"https:\/\/skydiveatmosfera.shop\/pl\/index.php\/polityka-zwrotow-i-zwrotow\/\",\"url\":\"https:\/\/skydiveatmosfera.shop\/pl\/index.php\/polityka-zwrotow-i-zwrotow\/\",\"name\":\"Polityka zwrot\u00f3w i zwrot\u00f3w - skydiveatmosfera.shop\",\"isPartOf\":{\"@id\":\"https:\/\/skydiveatmosfera.shop\/pl\/#website\"},\"datePublished\":\"2021-11-28T15:37:05+00:00\",\"dateModified\":\"2024-10-20T12:12:29+00:00\",\"breadcrumb\":{\"@id\":\"https:\/\/skydiveatmosfera.shop\/pl\/index.php\/polityka-zwrotow-i-zwrotow\/#breadcrumb\"},\"inLanguage\":\"pl-PL\",\"potentialAction\":[{\"@type\":\"ReadAction\",\"target\":[\"https:\/\/skydiveatmosfera.shop\/pl\/index.php\/polityka-zwrotow-i-zwrotow\/\"]}]},{\"@type\":\"BreadcrumbList\",\"@id\":\"https:\/\/skydiveatmosfera.shop\/pl\/index.php\/polityka-zwrotow-i-zwrotow\/#breadcrumb\",\"itemListElement\":[{\"@type\":\"ListItem\",\"position\":1,\"name\":\"Home\",\"item\":\"https:\/\/skydiveatmosfera.shop\/pl\/\"},{\"@type\":\"ListItem\",\"position\":2,\"name\":\"Polityka zwrot\u00f3w i zwrot\u00f3w\"}]},{\"@type\":\"WebSite\",\"@id\":\"https:\/\/skydiveatmosfera.shop\/pl\/#website\",\"url\":\"https:\/\/skydiveatmosfera.shop\/pl\/\",\"name\":\"skydiveatmosfera.shop\",\"description\":\"Gear picked by instructors. Not influencers. Not dealers. \ud83d\udc49 Used by jumpers. \ud83d\udc49 Not hyped by ads\",\"publisher\":{\"@id\":\"https:\/\/skydiveatmosfera.shop\/pl\/#organization\"},\"potentialAction\":[{\"@type\":\"SearchAction\",\"target\":{\"@type\":\"EntryPoint\",\"urlTemplate\":\"https:\/\/skydiveatmosfera.shop\/pl\/?s={search_term_string}\"},\"query-input\":{\"@type\":\"PropertyValueSpecification\",\"valueRequired\":true,\"valueName\":\"search_term_string\"}}],\"inLanguage\":\"pl-PL\"},{\"@type\":\"Organization\",\"@id\":\"https:\/\/skydiveatmosfera.shop\/pl\/#organization\",\"name\":\"skydiveatmosfera.shop\",\"url\":\"https:\/\/skydiveatmosfera.shop\/pl\/\",\"logo\":{\"@type\":\"ImageObject\",\"inLanguage\":\"pl-PL\",\"@id\":\"https:\/\/skydiveatmosfera.shop\/pl\/#\/schema\/logo\/image\/\",\"url\":\"https:\/\/skydiveatmosfera.shop\/wp-content\/uploads\/2025\/07\/Logo-SA-Shop-duze.png\",\"contentUrl\":\"https:\/\/skydiveatmosfera.shop\/wp-content\/uploads\/2025\/07\/Logo-SA-Shop-duze.png\",\"width\":813,\"height\":813,\"caption\":\"skydiveatmosfera.shop\"},\"image\":{\"@id\":\"https:\/\/skydiveatmosfera.shop\/pl\/#\/schema\/logo\/image\/\"},\"sameAs\":[\"https:\/\/www.facebook.com\/skydiveatmosferashop\/\",\"https:\/\/www.instagram.com\/skydiveatmosfera_shop\/\"]}]}<\/script>\n<!-- \/ Yoast SEO plugin. -->","yoast_head_json":{"title":"Polityka zwrot\u00f3w i zwrot\u00f3w - skydiveatmosfera.shop","robots":{"index":"index","follow":"follow","max-snippet":"max-snippet:-1","max-image-preview":"max-image-preview:large","max-video-preview":"max-video-preview:-1"},"canonical":"https:\/\/skydiveatmosfera.shop\/pl\/index.php\/polityka-zwrotow-i-zwrotow\/","og_locale":"pl_PL","og_type":"article","og_title":"Polityka zwrot\u00f3w i zwrot\u00f3w - skydiveatmosfera.shop","og_description":"Informacje og\u00f3lne Nasza polityka zwrot\u00f3w trwa 14 dni(Dyrektywa w sprawie praw konsument\u00f3w (Dyrektywa 2011\/83\/UE). Je\u015bli od zakupu min\u0119\u0142o wi\u0119cej ni\u017c 14 dni, niestety nie mo\u017cemy zaoferowa\u0107 pe\u0142nego zwrotu lub wymiany. Kwalifikowalno\u015b\u0107 do zwrot\u00f3w Aby kwalifikowa\u0107 si\u0119 do zwrotu, przedmiot musi by\u0107 nieu\u017cywany, nie mo\u017ce nosi\u0107 \u015blad\u00f3w manipulacji i musi by\u0107 [&hellip;]","og_url":"https:\/\/skydiveatmosfera.shop\/pl\/index.php\/polityka-zwrotow-i-zwrotow\/","og_site_name":"skydiveatmosfera.shop","article_publisher":"https:\/\/www.facebook.com\/skydiveatmosferashop\/","article_modified_time":"2024-10-20T12:12:29+00:00","twitter_card":"summary_large_image","schema":{"@context":"https:\/\/schema.org","@graph":[{"@type":"WebPage","@id":"https:\/\/skydiveatmosfera.shop\/pl\/index.php\/polityka-zwrotow-i-zwrotow\/","url":"https:\/\/skydiveatmosfera.shop\/pl\/index.php\/polityka-zwrotow-i-zwrotow\/","name":"Polityka zwrot\u00f3w i zwrot\u00f3w - skydiveatmosfera.shop","isPartOf":{"@id":"https:\/\/skydiveatmosfera.shop\/pl\/#website"},"datePublished":"2021-11-28T15:37:05+00:00","dateModified":"2024-10-20T12:12:29+00:00","breadcrumb":{"@id":"https:\/\/skydiveatmosfera.shop\/pl\/index.php\/polityka-zwrotow-i-zwrotow\/#breadcrumb"},"inLanguage":"pl-PL","potentialAction":[{"@type":"ReadAction","target":["https:\/\/skydiveatmosfera.shop\/pl\/index.php\/polityka-zwrotow-i-zwrotow\/"]}]},{"@type":"BreadcrumbList","@id":"https:\/\/skydiveatmosfera.shop\/pl\/index.php\/polityka-zwrotow-i-zwrotow\/#breadcrumb","itemListElement":[{"@type":"ListItem","position":1,"name":"Home","item":"https:\/\/skydiveatmosfera.shop\/pl\/"},{"@type":"ListItem","position":2,"name":"Polityka zwrot\u00f3w i zwrot\u00f3w"}]},{"@type":"WebSite","@id":"https:\/\/skydiveatmosfera.shop\/pl\/#website","url":"https:\/\/skydiveatmosfera.shop\/pl\/","name":"skydiveatmosfera.shop","description":"Gear picked by instructors. Not influencers. Not dealers. \ud83d\udc49 Used by jumpers. \ud83d\udc49 Not hyped by ads","publisher":{"@id":"https:\/\/skydiveatmosfera.shop\/pl\/#organization"},"potentialAction":[{"@type":"SearchAction","target":{"@type":"EntryPoint","urlTemplate":"https:\/\/skydiveatmosfera.shop\/pl\/?s={search_term_string}"},"query-input":{"@type":"PropertyValueSpecification","valueRequired":true,"valueName":"search_term_string"}}],"inLanguage":"pl-PL"},{"@type":"Organization","@id":"https:\/\/skydiveatmosfera.shop\/pl\/#organization","name":"skydiveatmosfera.shop","url":"https:\/\/skydiveatmosfera.shop\/pl\/","logo":{"@type":"ImageObject","inLanguage":"pl-PL","@id":"https:\/\/skydiveatmosfera.shop\/pl\/#\/schema\/logo\/image\/","url":"https:\/\/skydiveatmosfera.shop\/wp-content\/uploads\/2025\/07\/Logo-SA-Shop-duze.png","contentUrl":"https:\/\/skydiveatmosfera.shop\/wp-content\/uploads\/2025\/07\/Logo-SA-Shop-duze.png","width":813,"height":813,"caption":"skydiveatmosfera.shop"},"image":{"@id":"https:\/\/skydiveatmosfera.shop\/pl\/#\/schema\/logo\/image\/"},"sameAs":["https:\/\/www.facebook.com\/skydiveatmosferashop\/","https:\/\/www.instagram.com\/skydiveatmosfera_shop\/"]}]}},"jetpack-related-posts":[],"jetpack_sharing_enabled":true,"_links":{"self":[{"href":"https:\/\/skydiveatmosfera.shop\/pl\/index.php\/wp-json\/wp\/v2\/pages\/3026","targetHints":{"allow":["GET"]}}],"collection":[{"href":"https:\/\/skydiveatmosfera.shop\/pl\/index.php\/wp-json\/wp\/v2\/pages"}],"about":[{"href":"https:\/\/skydiveatmosfera.shop\/pl\/index.php\/wp-json\/wp\/v2\/types\/page"}],"author":[{"embeddable":true,"href":"https:\/\/skydiveatmosfera.shop\/pl\/index.php\/wp-json\/wp\/v2\/users\/1"}],"replies":[{"embeddable":true,"href":"https:\/\/skydiveatmosfera.shop\/pl\/index.php\/wp-json\/wp\/v2\/comments?post=3026"}],"version-history":[{"count":8,"href":"https:\/\/skydiveatmosfera.shop\/pl\/index.php\/wp-json\/wp\/v2\/pages\/3026\/revisions"}],"predecessor-version":[{"id":5309,"href":"https:\/\/skydiveatmosfera.shop\/pl\/index.php\/wp-json\/wp\/v2\/pages\/3026\/revisions\/5309"}],"wp:attachment":[{"href":"https:\/\/skydiveatmosfera.shop\/pl\/index.php\/wp-json\/wp\/v2\/media?parent=3026"}],"curies":[{"name":"wp","href":"https:\/\/api.w.org\/{rel}","templated":true}]}}