{"id":3025,"date":"2021-11-28T15:37:05","date_gmt":"2021-11-28T15:37:05","guid":{"rendered":"https:\/\/skydiveatmosfera.shop\/index.php\/polityka-prywatnosci\/"},"modified":"2024-10-20T11:49:15","modified_gmt":"2024-10-20T11:49:15","slug":"polityka-prywatnosci","status":"publish","type":"page","link":"https:\/\/skydiveatmosfera.shop\/pl\/index.php\/polityka-prywatnosci\/","title":{"rendered":"Polityka prywatno\u015bci"},"content":{"rendered":"\n<p><strong>Kim jeste\u015bmy<\/strong><\/p>\n\n<p>Adres naszej strony internetowej: <a href=\"http:\/\/skydiveatmosfera.shop\">http:\/\/skydiveatmosfera.shop<\/a><\/p>\n\n<p><strong>Jakie dane osobowe zbieramy i dlaczego je zbieramy<\/strong><\/p>\n\n<p><strong>Komentarze<\/strong><\/p>\n\n<p>Gdy odwiedzaj\u0105cy zostawiaj\u0105 komentarze na stronie, zbieramy dane wy\u015bwietlane w formularzu komentarzy, a tak\u017ce adres IP odwiedzaj\u0105cego i ci\u0105g agenta u\u017cytkownika przegl\u0105darki, aby pom\u00f3c w wykrywaniu spamu.<\/p>\n\n<p>Zanonimizowany ci\u0105g znak\u00f3w utworzony z adresu e-mail u\u017cytkownika (zwany r\u00f3wnie\u017c skr\u00f3tem) mo\u017ce zosta\u0107 przekazany us\u0142udze Gravatar w celu ustalenia, czy u\u017cytkownik z niej korzysta. Polityka prywatno\u015bci us\u0142ugi Gravatar jest dost\u0119pna <a href=\"https:\/\/automattic.com\/privacy\/\">tutaj<\/a>. Po zatwierdzeniu komentarza zdj\u0119cie profilowe u\u017cytkownika (je\u015bli istnieje) b\u0119dzie widoczne publicznie w kontek\u015bcie komentarza.  <\/p>\n\n<p><strong>G\u0142oska bezd\u017awi\u0119czna<\/strong><\/p>\n\n<p>W przypadku przesy\u0142ania zdj\u0119\u0107 do witryny internetowej nale\u017cy unika\u0107 do\u0142\u0105czania osadzonych danych lokalizacji (EXIF GPS). Odwiedzaj\u0105cy witryn\u0119 mog\u0105 pobiera\u0107 i wyodr\u0119bnia\u0107 dane o lokalizacji z obraz\u00f3w na stronie.<\/p>\n\n<p><strong>Formularze kontaktowe<\/strong><\/p>\n\n<p>Informacje przesy\u0142ane za po\u015brednictwem formularzy kontaktowych s\u0105 gromadzone do cel\u00f3w obs\u0142ugi klienta i nie s\u0105 wykorzystywane do cel\u00f3w marketingowych, chyba \u017ce okre\u015blono inaczej.<\/p>\n\n<p><strong>Ciasteczka<\/strong><\/p>\n\n<p>Je\u015bli zostawisz komentarz, mo\u017cesz wyrazi\u0107 zgod\u0119 na zapisanie swojego imienia i nazwiska, adresu e-mail i strony internetowej w plikach cookie. S\u0105 one przeznaczone dla wygody u\u017cytkownika i b\u0119d\u0105 przechowywane przez rok, dzi\u0119ki czemu nie b\u0119dzie on musia\u0142 ponownie wpisywa\u0107 swoich danych podczas pozostawiania kolejnego komentarza. <\/p>\n\n<p>Podczas odwiedzania naszej strony logowania ustawiamy tymczasowy plik cookie w celu ustalenia, czy przegl\u0105darka u\u017cytkownika akceptuje pliki cookie. To ciasteczko nie zawiera \u017cadnych danych osobistych i jest wyrzucane po zamkni\u0119ciu przegl\u0105darki.<\/p>\n\n<p>Podczas logowania ustawiamy pliki cookie w celu zapisania informacji logowania i preferencji wy\u015bwietlania ekranu. Pliki cookie logowania dzia\u0142aj\u0105 przez dwa dni, a pliki cookie opcji ekranu przez rok. Je\u015bli wybierzesz opcj\u0119 &#8222;Zapami\u0119taj mnie&#8221;, Tw\u00f3j login b\u0119dzie aktywny przez dwa tygodnie. Po wylogowaniu pliki cookie logowania zostan\u0105 usuni\u0119te.<\/p>\n\n<p>Je\u015bli zmodyfikujesz lub opublikujesz artyku\u0142, w Twojej przegl\u0105darce zostanie zapisane dodatkowe ciasteczko. Ten plik cookie nie zawiera danych osobowych i wygasa po jednym dniu.<\/p>\n\n<p><strong>Osadzona zawarto\u015b\u0107 z innych stron internetowych<\/strong><\/p>\n\n<p>Artyku\u0142y na tej stronie mog\u0105 zawiera\u0107 osadzone tre\u015bci (np. filmy, obrazy, artyku\u0142y itp.). Osadzone tre\u015bci z innych witryn zachowuj\u0105 si\u0119 tak, jakby\u015b odwiedzi\u0142 t\u0119 witryn\u0119 bezpo\u015brednio.<\/p>\n\n<p>Witryny te mog\u0105 gromadzi\u0107 dane o u\u017cytkowniku, wykorzystywa\u0107 pliki cookie, osadza\u0107 dodatkowe \u015bledzenie stron trzecich i monitorowa\u0107 interakcje u\u017cytkownika z ich zawarto\u015bci\u0105, w tym \u015bledzi\u0107 interakcje u\u017cytkownika, je\u015bli jest on zalogowany na ich konto.<\/p>\n\n<p><strong>Komu udost\u0119pniamy Twoje dane<\/strong><\/p>\n\n<p>Je\u015bli poprosisz o zresetowanie has\u0142a, Tw\u00f3j adres IP zostanie do\u0142\u0105czony do wiadomo\u015bci e-mail dotycz\u0105cej resetowania.<\/p>\n\n<p><strong>Jak d\u0142ugo przechowujemy Twoje dane<\/strong><\/p>\n\n<p>Je\u015bli zostawisz komentarz, komentarz i jego metadane zostan\u0105 zachowane bezterminowo. Dzi\u0119ki temu mo\u017cemy automatycznie rozpoznawa\u0107 i zatwierdza\u0107 kolejne komentarze, zamiast trzyma\u0107 je w kolejce moderacji.<\/p>\n\n<p>W przypadku u\u017cytkownik\u00f3w, kt\u00f3rzy zarejestruj\u0105 si\u0119 na naszej stronie internetowej (je\u015bli tacy s\u0105), przechowujemy podane przez nich dane osobowe w ich profilu u\u017cytkownika. Wszyscy u\u017cytkownicy mog\u0105 przegl\u0105da\u0107, edytowa\u0107 lub usuwa\u0107 swoje dane osobowe w dowolnym momencie (z wyj\u0105tkiem nazwy u\u017cytkownika). Administratorzy witryny mog\u0105 r\u00f3wnie\u017c przegl\u0105da\u0107 i edytowa\u0107 te informacje.<\/p>\n\n<p><strong>Prawa u\u017cytkownika dotycz\u0105ce jego danych<\/strong><\/p>\n\n<p>Je\u015bli masz konto na tej stronie lub zostawi\u0142e\u015b komentarze, mo\u017cesz poprosi\u0107 o wyeksportowany plik danych osobowych, kt\u00f3re przechowujemy na Tw\u00f3j temat, w tym wszelkich danych, kt\u00f3re nam przekaza\u0142e\u015b. U\u017cytkownik mo\u017ce r\u00f3wnie\u017c za\u017c\u0105da\u0107 usuni\u0119cia swoich danych osobowych. Nie obejmuje to danych, kt\u00f3re musimy zachowa\u0107 do cel\u00f3w administracyjnych, prawnych lub bezpiecze\u0144stwa.<\/p>\n\n<p><strong>Gdzie wysy\u0142amy Twoje dane<\/strong><\/p>\n\n<p>Komentarze go\u015bci mog\u0105 by\u0107 sprawdzane za pomoc\u0105 automatycznej us\u0142ugi wykrywania spamu.<\/p>\n","protected":false},"excerpt":{"rendered":"<p>Kim jeste\u015bmy Adres naszej strony internetowej: http:\/\/skydiveatmosfera.shop Jakie dane osobowe zbieramy i dlaczego je zbieramy Komentarze Gdy odwiedzaj\u0105cy zostawiaj\u0105 komentarze na stronie, zbieramy dane wy\u015bwietlane w formularzu komentarzy, a tak\u017ce adres IP odwiedzaj\u0105cego i ci\u0105g agenta u\u017cytkownika przegl\u0105darki, aby pom\u00f3c w wykrywaniu spamu. Zanonimizowany ci\u0105g znak\u00f3w utworzony z adresu e-mail [&hellip;]<\/p>\n","protected":false},"author":1,"featured_media":0,"parent":0,"menu_order":0,"comment_status":"closed","ping_status":"open","template":"","meta":{"_themeisle_gutenberg_block_has_review":false,"footnotes":""},"class_list":["post-3025","page","type-page","status-publish","hentry"],"yoast_head":"<!-- This site is optimized with the Yoast SEO plugin v27.1.1 - https:\/\/yoast.com\/product\/yoast-seo-wordpress\/ -->\n<title>Polityka prywatno\u015bci - skydiveatmosfera.shop<\/title>\n<meta name=\"robots\" content=\"index, follow, max-snippet:-1, max-image-preview:large, max-video-preview:-1\" \/>\n<link rel=\"canonical\" href=\"https:\/\/skydiveatmosfera.shop\/pl\/index.php\/polityka-prywatnosci\/\" \/>\n<meta property=\"og:locale\" content=\"pl_PL\" \/>\n<meta property=\"og:type\" content=\"article\" \/>\n<meta property=\"og:title\" content=\"Polityka prywatno\u015bci - skydiveatmosfera.shop\" \/>\n<meta property=\"og:description\" content=\"Kim jeste\u015bmy Adres naszej strony internetowej: http:\/\/skydiveatmosfera.shop Jakie dane osobowe zbieramy i dlaczego je zbieramy Komentarze Gdy odwiedzaj\u0105cy zostawiaj\u0105 komentarze na stronie, zbieramy dane wy\u015bwietlane w formularzu komentarzy, a tak\u017ce adres IP odwiedzaj\u0105cego i ci\u0105g agenta u\u017cytkownika przegl\u0105darki, aby pom\u00f3c w wykrywaniu spamu. Zanonimizowany ci\u0105g znak\u00f3w utworzony z adresu e-mail [&hellip;]\" \/>\n<meta property=\"og:url\" content=\"https:\/\/skydiveatmosfera.shop\/pl\/index.php\/polityka-prywatnosci\/\" \/>\n<meta property=\"og:site_name\" content=\"skydiveatmosfera.shop\" \/>\n<meta property=\"article:publisher\" content=\"https:\/\/www.facebook.com\/skydiveatmosferashop\/\" \/>\n<meta property=\"article:modified_time\" content=\"2024-10-20T11:49:15+00:00\" \/>\n<meta name=\"twitter:card\" content=\"summary_large_image\" \/>\n<script type=\"application\/ld+json\" class=\"yoast-schema-graph\">{\"@context\":\"https:\/\/schema.org\",\"@graph\":[{\"@type\":\"WebPage\",\"@id\":\"https:\/\/skydiveatmosfera.shop\/pl\/index.php\/polityka-prywatnosci\/\",\"url\":\"https:\/\/skydiveatmosfera.shop\/pl\/index.php\/polityka-prywatnosci\/\",\"name\":\"Polityka prywatno\u015bci - skydiveatmosfera.shop\",\"isPartOf\":{\"@id\":\"https:\/\/skydiveatmosfera.shop\/pl\/#website\"},\"datePublished\":\"2021-11-28T15:37:05+00:00\",\"dateModified\":\"2024-10-20T11:49:15+00:00\",\"breadcrumb\":{\"@id\":\"https:\/\/skydiveatmosfera.shop\/pl\/index.php\/polityka-prywatnosci\/#breadcrumb\"},\"inLanguage\":\"pl-PL\",\"potentialAction\":[{\"@type\":\"ReadAction\",\"target\":[\"https:\/\/skydiveatmosfera.shop\/pl\/index.php\/polityka-prywatnosci\/\"]}]},{\"@type\":\"BreadcrumbList\",\"@id\":\"https:\/\/skydiveatmosfera.shop\/pl\/index.php\/polityka-prywatnosci\/#breadcrumb\",\"itemListElement\":[{\"@type\":\"ListItem\",\"position\":1,\"name\":\"Home\",\"item\":\"https:\/\/skydiveatmosfera.shop\/pl\/\"},{\"@type\":\"ListItem\",\"position\":2,\"name\":\"Polityka prywatno\u015bci\"}]},{\"@type\":\"WebSite\",\"@id\":\"https:\/\/skydiveatmosfera.shop\/pl\/#website\",\"url\":\"https:\/\/skydiveatmosfera.shop\/pl\/\",\"name\":\"skydiveatmosfera.shop\",\"description\":\"Gear picked by instructors. Not influencers. Not dealers. \ud83d\udc49 Used by jumpers. \ud83d\udc49 Not hyped by ads\",\"publisher\":{\"@id\":\"https:\/\/skydiveatmosfera.shop\/pl\/#organization\"},\"potentialAction\":[{\"@type\":\"SearchAction\",\"target\":{\"@type\":\"EntryPoint\",\"urlTemplate\":\"https:\/\/skydiveatmosfera.shop\/pl\/?s={search_term_string}\"},\"query-input\":{\"@type\":\"PropertyValueSpecification\",\"valueRequired\":true,\"valueName\":\"search_term_string\"}}],\"inLanguage\":\"pl-PL\"},{\"@type\":\"Organization\",\"@id\":\"https:\/\/skydiveatmosfera.shop\/pl\/#organization\",\"name\":\"skydiveatmosfera.shop\",\"url\":\"https:\/\/skydiveatmosfera.shop\/pl\/\",\"logo\":{\"@type\":\"ImageObject\",\"inLanguage\":\"pl-PL\",\"@id\":\"https:\/\/skydiveatmosfera.shop\/pl\/#\/schema\/logo\/image\/\",\"url\":\"https:\/\/skydiveatmosfera.shop\/wp-content\/uploads\/2025\/07\/Logo-SA-Shop-duze.png\",\"contentUrl\":\"https:\/\/skydiveatmosfera.shop\/wp-content\/uploads\/2025\/07\/Logo-SA-Shop-duze.png\",\"width\":813,\"height\":813,\"caption\":\"skydiveatmosfera.shop\"},\"image\":{\"@id\":\"https:\/\/skydiveatmosfera.shop\/pl\/#\/schema\/logo\/image\/\"},\"sameAs\":[\"https:\/\/www.facebook.com\/skydiveatmosferashop\/\",\"https:\/\/www.instagram.com\/skydiveatmosfera_shop\/\"]}]}<\/script>\n<!-- \/ Yoast SEO plugin. -->","yoast_head_json":{"title":"Polityka prywatno\u015bci - skydiveatmosfera.shop","robots":{"index":"index","follow":"follow","max-snippet":"max-snippet:-1","max-image-preview":"max-image-preview:large","max-video-preview":"max-video-preview:-1"},"canonical":"https:\/\/skydiveatmosfera.shop\/pl\/index.php\/polityka-prywatnosci\/","og_locale":"pl_PL","og_type":"article","og_title":"Polityka prywatno\u015bci - skydiveatmosfera.shop","og_description":"Kim jeste\u015bmy Adres naszej strony internetowej: http:\/\/skydiveatmosfera.shop Jakie dane osobowe zbieramy i dlaczego je zbieramy Komentarze Gdy odwiedzaj\u0105cy zostawiaj\u0105 komentarze na stronie, zbieramy dane wy\u015bwietlane w formularzu komentarzy, a tak\u017ce adres IP odwiedzaj\u0105cego i ci\u0105g agenta u\u017cytkownika przegl\u0105darki, aby pom\u00f3c w wykrywaniu spamu. Zanonimizowany ci\u0105g znak\u00f3w utworzony z adresu e-mail [&hellip;]","og_url":"https:\/\/skydiveatmosfera.shop\/pl\/index.php\/polityka-prywatnosci\/","og_site_name":"skydiveatmosfera.shop","article_publisher":"https:\/\/www.facebook.com\/skydiveatmosferashop\/","article_modified_time":"2024-10-20T11:49:15+00:00","twitter_card":"summary_large_image","schema":{"@context":"https:\/\/schema.org","@graph":[{"@type":"WebPage","@id":"https:\/\/skydiveatmosfera.shop\/pl\/index.php\/polityka-prywatnosci\/","url":"https:\/\/skydiveatmosfera.shop\/pl\/index.php\/polityka-prywatnosci\/","name":"Polityka prywatno\u015bci - skydiveatmosfera.shop","isPartOf":{"@id":"https:\/\/skydiveatmosfera.shop\/pl\/#website"},"datePublished":"2021-11-28T15:37:05+00:00","dateModified":"2024-10-20T11:49:15+00:00","breadcrumb":{"@id":"https:\/\/skydiveatmosfera.shop\/pl\/index.php\/polityka-prywatnosci\/#breadcrumb"},"inLanguage":"pl-PL","potentialAction":[{"@type":"ReadAction","target":["https:\/\/skydiveatmosfera.shop\/pl\/index.php\/polityka-prywatnosci\/"]}]},{"@type":"BreadcrumbList","@id":"https:\/\/skydiveatmosfera.shop\/pl\/index.php\/polityka-prywatnosci\/#breadcrumb","itemListElement":[{"@type":"ListItem","position":1,"name":"Home","item":"https:\/\/skydiveatmosfera.shop\/pl\/"},{"@type":"ListItem","position":2,"name":"Polityka prywatno\u015bci"}]},{"@type":"WebSite","@id":"https:\/\/skydiveatmosfera.shop\/pl\/#website","url":"https:\/\/skydiveatmosfera.shop\/pl\/","name":"skydiveatmosfera.shop","description":"Gear picked by instructors. Not influencers. Not dealers. \ud83d\udc49 Used by jumpers. \ud83d\udc49 Not hyped by ads","publisher":{"@id":"https:\/\/skydiveatmosfera.shop\/pl\/#organization"},"potentialAction":[{"@type":"SearchAction","target":{"@type":"EntryPoint","urlTemplate":"https:\/\/skydiveatmosfera.shop\/pl\/?s={search_term_string}"},"query-input":{"@type":"PropertyValueSpecification","valueRequired":true,"valueName":"search_term_string"}}],"inLanguage":"pl-PL"},{"@type":"Organization","@id":"https:\/\/skydiveatmosfera.shop\/pl\/#organization","name":"skydiveatmosfera.shop","url":"https:\/\/skydiveatmosfera.shop\/pl\/","logo":{"@type":"ImageObject","inLanguage":"pl-PL","@id":"https:\/\/skydiveatmosfera.shop\/pl\/#\/schema\/logo\/image\/","url":"https:\/\/skydiveatmosfera.shop\/wp-content\/uploads\/2025\/07\/Logo-SA-Shop-duze.png","contentUrl":"https:\/\/skydiveatmosfera.shop\/wp-content\/uploads\/2025\/07\/Logo-SA-Shop-duze.png","width":813,"height":813,"caption":"skydiveatmosfera.shop"},"image":{"@id":"https:\/\/skydiveatmosfera.shop\/pl\/#\/schema\/logo\/image\/"},"sameAs":["https:\/\/www.facebook.com\/skydiveatmosferashop\/","https:\/\/www.instagram.com\/skydiveatmosfera_shop\/"]}]}},"jetpack-related-posts":[],"jetpack_sharing_enabled":true,"_links":{"self":[{"href":"https:\/\/skydiveatmosfera.shop\/pl\/index.php\/wp-json\/wp\/v2\/pages\/3025","targetHints":{"allow":["GET"]}}],"collection":[{"href":"https:\/\/skydiveatmosfera.shop\/pl\/index.php\/wp-json\/wp\/v2\/pages"}],"about":[{"href":"https:\/\/skydiveatmosfera.shop\/pl\/index.php\/wp-json\/wp\/v2\/types\/page"}],"author":[{"embeddable":true,"href":"https:\/\/skydiveatmosfera.shop\/pl\/index.php\/wp-json\/wp\/v2\/users\/1"}],"replies":[{"embeddable":true,"href":"https:\/\/skydiveatmosfera.shop\/pl\/index.php\/wp-json\/wp\/v2\/comments?post=3025"}],"version-history":[{"count":5,"href":"https:\/\/skydiveatmosfera.shop\/pl\/index.php\/wp-json\/wp\/v2\/pages\/3025\/revisions"}],"predecessor-version":[{"id":5274,"href":"https:\/\/skydiveatmosfera.shop\/pl\/index.php\/wp-json\/wp\/v2\/pages\/3025\/revisions\/5274"}],"wp:attachment":[{"href":"https:\/\/skydiveatmosfera.shop\/pl\/index.php\/wp-json\/wp\/v2\/media?parent=3025"}],"curies":[{"name":"wp","href":"https:\/\/api.w.org\/{rel}","templated":true}]}}