{"id":4798,"date":"2023-01-12T13:36:21","date_gmt":"2023-01-12T13:36:21","guid":{"rendered":"https:\/\/skydiveatmosfera.shop\/?post_type=product&#038;p=4798"},"modified":"2025-08-16T12:03:15","modified_gmt":"2025-08-16T12:03:15","slug":"ebook-pic-jak-ruski","status":"publish","type":"product","link":"https:\/\/skydiveatmosfera.shop\/index.php\/product\/ebook-pic-jak-ruski\/","title":{"rendered":"Pi\u0107 jak ruski (e-book)"},"content":{"rendered":"<blockquote>\n<p style=\"text-align: left;\">Od Autora: Prawie ka\u017cdy zastanawia si\u0119 nad stosowanymi przez siebie u\u017cywkami. Gdy dochodzimy do wniosk\u00f3w, \u017ce nie za bardzo nam pasuje dalsze korzystanie z w\u0105tpliwych dobrodziejstw substancji psychoaktywnych &#8211; wtedy mo\u017cemy zorientowa\u0107 si\u0119, jak bardzo jeste\u015bmy od nich uzale\u017cnieni.<\/p>\n<p>Odstawi\u0142em picie zachowuj\u0105c niezmienione otoczenie. Nie znaj\u0105c wyniku tego eksperymentu zacz\u0105\u0142em opisywa\u0107 przemy\u015blenia, nachodz\u0105ce mnie w najd\u0142u\u017cszym, jak do tej pory, okresie mojego doros\u0142ego \u017cycia.<\/p>\n<p>R\u00f3\u017cnorodne, trze\u017awe spostrze\u017cenia prowadz\u0105 do sp\u00f3jnego dla mnie obrazu dzisiejszej rzeczywisto\u015bci. Jeste\u015bmy bowiem w trudnym po\u0142o\u017ceniu, gdzie prawda ju\u017c dawno zaklejona zosta\u0142a kolorowymi reklamami. Borykamy si\u0119 z fa\u0142szywymi wzorcami zachowa\u0144 i czasem wpadamy w otch\u0142a\u0144 konsumpcji. Alkohol, obok papieros\u00f3w, stanowi pot\u0119\u017cne pa\u0144stwowe narz\u0119dzie, nap\u0119dzaj\u0105ce nie tylko gospodark\u0119, ale daj\u0105ce prac\u0119 wielu ludziom. Kto\u015b musi pi\u0107, aby wszystko pi\u0119knie si\u0119 toczy\u0142o, aby rozgrywa\u0142y si\u0119 tragedie i sporadyczne sukcesy. Ale dlaczego ja? Po co mam pi\u0107 dalej?<\/p><\/blockquote>\n","protected":false},"excerpt":{"rendered":"<p><span><img loading=\"lazy\" decoding=\"async\" src=\"https:\/\/skydiveatmosfera.shop\/wp-content\/uploads\/2023\/01\/Okladka-pic-jak-ruski-2023-212x300.jpg\" alt=\"ebook pi\u0107 jak ruski\" width=\"212\" height=\"300\" class=\"alignleft wp-image-4799 size-medium\" srcset=\"https:\/\/skydiveatmosfera.shop\/wp-content\/uploads\/2023\/01\/Okladka-pic-jak-ruski-2023-212x300.jpg 212w, https:\/\/skydiveatmosfera.shop\/wp-content\/uploads\/2023\/01\/Okladka-pic-jak-ruski-2023-600x851.jpg 600w, https:\/\/skydiveatmosfera.shop\/wp-content\/uploads\/2023\/01\/Okladka-pic-jak-ruski-2023-768x1089.jpg 768w, https:\/\/skydiveatmosfera.shop\/wp-content\/uploads\/2023\/01\/Okladka-pic-jak-ruski-2023.jpg 800w\" sizes=\"auto, (max-width: 212px) 100vw, 212px\" \/>Alkohol towarzyszy ludzko\u015bci od wiek\u00f3w. Sam w sobie jest tylko substancj\u0105 chemiczn\u0105. W po\u0142\u0105czeniu z m\u00f3zgiem potrafi jednak narobi\u0107 du\u017co ba\u0142aganu. Niekt\u00f3rzy niszcz\u0105 sobie \u017cycie, zatruwaj\u0105 te\u017c szcz\u0119\u015bcie innym. Warto jest mie\u0107 \u015bwiadomo\u015b\u0107 jak dzia\u0142a, jak mocno jest reklamowany i jak jest nam sprzedawany. Jak cz\u0119sto trunki s\u0142u\u017c\u0105 do hodowli niewolnik\u00f3w. Ebook, podobnie jak <a href=\"http:\/\/bezkielicha.blogspot.com\">ten blog<\/a> ten powsta\u0142 jako autoterapia rocznej kuracji detox, bez pomocy farmaceutyk\u00f3w, psycholog\u00f3w i innej pomocy zewn\u0119trznej.<\/span><\/p>\n","protected":false},"featured_media":4799,"template":"","meta":{"_themeisle_gutenberg_block_has_review":false},"pwb-brand":[335],"product_brand":[],"product_cat":[316],"product_tag":[33,34,36],"class_list":{"0":"post-4798","1":"product","2":"type-product","3":"status-publish","4":"has-post-thumbnail","6":"pwb-brand-skydive-atmosfera-books","7":"product_cat-ebooki-inne","8":"product_tag-bibliotekaatmosfera","9":"product_tag-ebookiiwana","10":"product_tag-iwangregor","12":"first","13":"instock","14":"sale","15":"downloadable","16":"virtual","17":"purchasable","18":"product-type-simple"},"yoast_head":"<!-- This site is optimized with the Yoast SEO plugin v27.1.1 - https:\/\/yoast.com\/product\/yoast-seo-wordpress\/ -->\n<title>Pi\u0107 jak ruski (e-book) ebook pi\u0107 jak ruski - skydiveatmosfera.shop<\/title>\n<meta name=\"robots\" content=\"index, follow, max-snippet:-1, max-image-preview:large, max-video-preview:-1\" \/>\n<link rel=\"canonical\" href=\"https:\/\/skydiveatmosfera.shop\/index.php\/product\/ebook-pic-jak-ruski\/\" \/>\n<meta property=\"og:locale\" content=\"en_US\" \/>\n<meta property=\"og:type\" content=\"article\" \/>\n<meta property=\"og:title\" content=\"Pi\u0107 jak ruski (e-book) ebook pi\u0107 jak ruski - skydiveatmosfera.shop\" \/>\n<meta property=\"og:description\" content=\"Alkohol towarzyszy ludzko\u015bci od wiek\u00f3w. Sam w sobie jest tylko substancj\u0105 chemiczn\u0105. W po\u0142\u0105czeniu z m\u00f3zgiem potrafi jednak narobi\u0107 du\u017co ba\u0142aganu. Niekt\u00f3rzy niszcz\u0105 sobie \u017cycie, zatruwaj\u0105 te\u017c szcz\u0119\u015bcie innym. Warto jest mie\u0107 \u015bwiadomo\u015b\u0107 jak dzia\u0142a, jak mocno jest reklamowany i jak jest nam sprzedawany. Jak cz\u0119sto trunki s\u0142u\u017c\u0105 do hodowli niewolnik\u00f3w. Ebook, podobnie jak ten blog ten powsta\u0142 jako autoterapia rocznej kuracji detox, bez pomocy farmaceutyk\u00f3w, psycholog\u00f3w i innej pomocy zewn\u0119trznej.\" \/>\n<meta property=\"og:url\" content=\"https:\/\/skydiveatmosfera.shop\/index.php\/product\/ebook-pic-jak-ruski\/\" \/>\n<meta property=\"og:site_name\" content=\"skydiveatmosfera.shop\" \/>\n<meta property=\"article:publisher\" content=\"https:\/\/www.facebook.com\/skydiveatmosferashop\/\" \/>\n<meta property=\"article:modified_time\" content=\"2025-08-16T12:03:15+00:00\" \/>\n<meta property=\"og:image\" content=\"https:\/\/skydiveatmosfera.shop\/wp-content\/uploads\/2023\/01\/Okladka-pic-jak-ruski-2023.jpg\" \/>\n\t<meta property=\"og:image:width\" content=\"800\" \/>\n\t<meta property=\"og:image:height\" content=\"1134\" \/>\n\t<meta property=\"og:image:type\" content=\"image\/jpeg\" \/>\n<meta name=\"twitter:card\" content=\"summary_large_image\" \/>\n<script type=\"application\/ld+json\" class=\"yoast-schema-graph\">{\"@context\":\"https:\/\/schema.org\",\"@graph\":[{\"@type\":\"WebPage\",\"@id\":\"https:\/\/skydiveatmosfera.shop\/index.php\/product\/ebook-pic-jak-ruski\/\",\"url\":\"https:\/\/skydiveatmosfera.shop\/index.php\/product\/ebook-pic-jak-ruski\/\",\"name\":\"Pi\u0107 jak ruski (e-book) ebook pi\u0107 jak ruski - skydiveatmosfera.shop\",\"isPartOf\":{\"@id\":\"https:\/\/skydiveatmosfera.shop\/#website\"},\"primaryImageOfPage\":{\"@id\":\"https:\/\/skydiveatmosfera.shop\/index.php\/product\/ebook-pic-jak-ruski\/#primaryimage\"},\"image\":{\"@id\":\"https:\/\/skydiveatmosfera.shop\/index.php\/product\/ebook-pic-jak-ruski\/#primaryimage\"},\"thumbnailUrl\":\"https:\/\/skydiveatmosfera.shop\/wp-content\/uploads\/2023\/01\/Okladka-pic-jak-ruski-2023.jpg\",\"datePublished\":\"2023-01-12T13:36:21+00:00\",\"dateModified\":\"2025-08-16T12:03:15+00:00\",\"breadcrumb\":{\"@id\":\"https:\/\/skydiveatmosfera.shop\/index.php\/product\/ebook-pic-jak-ruski\/#breadcrumb\"},\"inLanguage\":\"en-US\",\"potentialAction\":[{\"@type\":\"ReadAction\",\"target\":[\"https:\/\/skydiveatmosfera.shop\/index.php\/product\/ebook-pic-jak-ruski\/\"]}]},{\"@type\":\"ImageObject\",\"inLanguage\":\"en-US\",\"@id\":\"https:\/\/skydiveatmosfera.shop\/index.php\/product\/ebook-pic-jak-ruski\/#primaryimage\",\"url\":\"https:\/\/skydiveatmosfera.shop\/wp-content\/uploads\/2023\/01\/Okladka-pic-jak-ruski-2023.jpg\",\"contentUrl\":\"https:\/\/skydiveatmosfera.shop\/wp-content\/uploads\/2023\/01\/Okladka-pic-jak-ruski-2023.jpg\",\"width\":800,\"height\":1134,\"caption\":\"ebook pi\u0107 jak ruski\"},{\"@type\":\"BreadcrumbList\",\"@id\":\"https:\/\/skydiveatmosfera.shop\/index.php\/product\/ebook-pic-jak-ruski\/#breadcrumb\",\"itemListElement\":[{\"@type\":\"ListItem\",\"position\":1,\"name\":\"Home\",\"item\":\"https:\/\/skydiveatmosfera.shop\/\"},{\"@type\":\"ListItem\",\"position\":2,\"name\":\"Store\",\"item\":\"https:\/\/skydiveatmosfera.shop\/\"},{\"@type\":\"ListItem\",\"position\":3,\"name\":\"Pi\u0107 jak ruski (e-book)\"}]},{\"@type\":\"WebSite\",\"@id\":\"https:\/\/skydiveatmosfera.shop\/#website\",\"url\":\"https:\/\/skydiveatmosfera.shop\/\",\"name\":\"skydiveatmosfera.shop\",\"description\":\"Gear picked by instructors. Not influencers. Not dealers. \ud83d\udc49 Used by jumpers. \ud83d\udc49 Not hyped by ads\",\"publisher\":{\"@id\":\"https:\/\/skydiveatmosfera.shop\/#organization\"},\"potentialAction\":[{\"@type\":\"SearchAction\",\"target\":{\"@type\":\"EntryPoint\",\"urlTemplate\":\"https:\/\/skydiveatmosfera.shop\/?s={search_term_string}\"},\"query-input\":{\"@type\":\"PropertyValueSpecification\",\"valueRequired\":true,\"valueName\":\"search_term_string\"}}],\"inLanguage\":\"en-US\"},{\"@type\":\"Organization\",\"@id\":\"https:\/\/skydiveatmosfera.shop\/#organization\",\"name\":\"skydiveatmosfera.shop\",\"url\":\"https:\/\/skydiveatmosfera.shop\/\",\"logo\":{\"@type\":\"ImageObject\",\"inLanguage\":\"en-US\",\"@id\":\"https:\/\/skydiveatmosfera.shop\/#\/schema\/logo\/image\/\",\"url\":\"https:\/\/skydiveatmosfera.shop\/wp-content\/uploads\/2025\/07\/Logo-SA-Shop-duze.png\",\"contentUrl\":\"https:\/\/skydiveatmosfera.shop\/wp-content\/uploads\/2025\/07\/Logo-SA-Shop-duze.png\",\"width\":813,\"height\":813,\"caption\":\"skydiveatmosfera.shop\"},\"image\":{\"@id\":\"https:\/\/skydiveatmosfera.shop\/#\/schema\/logo\/image\/\"},\"sameAs\":[\"https:\/\/www.facebook.com\/skydiveatmosferashop\/\",\"https:\/\/www.instagram.com\/skydiveatmosfera_shop\/\"]}]}<\/script>\n<!-- \/ Yoast SEO plugin. -->","yoast_head_json":{"title":"Pi\u0107 jak ruski (e-book) ebook pi\u0107 jak ruski - skydiveatmosfera.shop","robots":{"index":"index","follow":"follow","max-snippet":"max-snippet:-1","max-image-preview":"max-image-preview:large","max-video-preview":"max-video-preview:-1"},"canonical":"https:\/\/skydiveatmosfera.shop\/index.php\/product\/ebook-pic-jak-ruski\/","og_locale":"en_US","og_type":"article","og_title":"Pi\u0107 jak ruski (e-book) ebook pi\u0107 jak ruski - skydiveatmosfera.shop","og_description":"Alkohol towarzyszy ludzko\u015bci od wiek\u00f3w. Sam w sobie jest tylko substancj\u0105 chemiczn\u0105. W po\u0142\u0105czeniu z m\u00f3zgiem potrafi jednak narobi\u0107 du\u017co ba\u0142aganu. Niekt\u00f3rzy niszcz\u0105 sobie \u017cycie, zatruwaj\u0105 te\u017c szcz\u0119\u015bcie innym. Warto jest mie\u0107 \u015bwiadomo\u015b\u0107 jak dzia\u0142a, jak mocno jest reklamowany i jak jest nam sprzedawany. Jak cz\u0119sto trunki s\u0142u\u017c\u0105 do hodowli niewolnik\u00f3w. Ebook, podobnie jak ten blog ten powsta\u0142 jako autoterapia rocznej kuracji detox, bez pomocy farmaceutyk\u00f3w, psycholog\u00f3w i innej pomocy zewn\u0119trznej.","og_url":"https:\/\/skydiveatmosfera.shop\/index.php\/product\/ebook-pic-jak-ruski\/","og_site_name":"skydiveatmosfera.shop","article_publisher":"https:\/\/www.facebook.com\/skydiveatmosferashop\/","article_modified_time":"2025-08-16T12:03:15+00:00","og_image":[{"width":800,"height":1134,"url":"https:\/\/skydiveatmosfera.shop\/wp-content\/uploads\/2023\/01\/Okladka-pic-jak-ruski-2023.jpg","type":"image\/jpeg"}],"twitter_card":"summary_large_image","schema":{"@context":"https:\/\/schema.org","@graph":[{"@type":"WebPage","@id":"https:\/\/skydiveatmosfera.shop\/index.php\/product\/ebook-pic-jak-ruski\/","url":"https:\/\/skydiveatmosfera.shop\/index.php\/product\/ebook-pic-jak-ruski\/","name":"Pi\u0107 jak ruski (e-book) ebook pi\u0107 jak ruski - skydiveatmosfera.shop","isPartOf":{"@id":"https:\/\/skydiveatmosfera.shop\/#website"},"primaryImageOfPage":{"@id":"https:\/\/skydiveatmosfera.shop\/index.php\/product\/ebook-pic-jak-ruski\/#primaryimage"},"image":{"@id":"https:\/\/skydiveatmosfera.shop\/index.php\/product\/ebook-pic-jak-ruski\/#primaryimage"},"thumbnailUrl":"https:\/\/skydiveatmosfera.shop\/wp-content\/uploads\/2023\/01\/Okladka-pic-jak-ruski-2023.jpg","datePublished":"2023-01-12T13:36:21+00:00","dateModified":"2025-08-16T12:03:15+00:00","breadcrumb":{"@id":"https:\/\/skydiveatmosfera.shop\/index.php\/product\/ebook-pic-jak-ruski\/#breadcrumb"},"inLanguage":"en-US","potentialAction":[{"@type":"ReadAction","target":["https:\/\/skydiveatmosfera.shop\/index.php\/product\/ebook-pic-jak-ruski\/"]}]},{"@type":"ImageObject","inLanguage":"en-US","@id":"https:\/\/skydiveatmosfera.shop\/index.php\/product\/ebook-pic-jak-ruski\/#primaryimage","url":"https:\/\/skydiveatmosfera.shop\/wp-content\/uploads\/2023\/01\/Okladka-pic-jak-ruski-2023.jpg","contentUrl":"https:\/\/skydiveatmosfera.shop\/wp-content\/uploads\/2023\/01\/Okladka-pic-jak-ruski-2023.jpg","width":800,"height":1134,"caption":"ebook pi\u0107 jak ruski"},{"@type":"BreadcrumbList","@id":"https:\/\/skydiveatmosfera.shop\/index.php\/product\/ebook-pic-jak-ruski\/#breadcrumb","itemListElement":[{"@type":"ListItem","position":1,"name":"Home","item":"https:\/\/skydiveatmosfera.shop\/"},{"@type":"ListItem","position":2,"name":"Store","item":"https:\/\/skydiveatmosfera.shop\/"},{"@type":"ListItem","position":3,"name":"Pi\u0107 jak ruski (e-book)"}]},{"@type":"WebSite","@id":"https:\/\/skydiveatmosfera.shop\/#website","url":"https:\/\/skydiveatmosfera.shop\/","name":"skydiveatmosfera.shop","description":"Gear picked by instructors. Not influencers. Not dealers. \ud83d\udc49 Used by jumpers. \ud83d\udc49 Not hyped by ads","publisher":{"@id":"https:\/\/skydiveatmosfera.shop\/#organization"},"potentialAction":[{"@type":"SearchAction","target":{"@type":"EntryPoint","urlTemplate":"https:\/\/skydiveatmosfera.shop\/?s={search_term_string}"},"query-input":{"@type":"PropertyValueSpecification","valueRequired":true,"valueName":"search_term_string"}}],"inLanguage":"en-US"},{"@type":"Organization","@id":"https:\/\/skydiveatmosfera.shop\/#organization","name":"skydiveatmosfera.shop","url":"https:\/\/skydiveatmosfera.shop\/","logo":{"@type":"ImageObject","inLanguage":"en-US","@id":"https:\/\/skydiveatmosfera.shop\/#\/schema\/logo\/image\/","url":"https:\/\/skydiveatmosfera.shop\/wp-content\/uploads\/2025\/07\/Logo-SA-Shop-duze.png","contentUrl":"https:\/\/skydiveatmosfera.shop\/wp-content\/uploads\/2025\/07\/Logo-SA-Shop-duze.png","width":813,"height":813,"caption":"skydiveatmosfera.shop"},"image":{"@id":"https:\/\/skydiveatmosfera.shop\/#\/schema\/logo\/image\/"},"sameAs":["https:\/\/www.facebook.com\/skydiveatmosferashop\/","https:\/\/www.instagram.com\/skydiveatmosfera_shop\/"]}]}},"jetpack-related-posts":[],"jetpack_sharing_enabled":true,"brands":[{"id":335,"name":"Skydive Atmosfera Books","slug":"skydive-atmosfera-books"}],"_links":{"self":[{"href":"https:\/\/skydiveatmosfera.shop\/index.php\/wp-json\/wp\/v2\/product\/4798","targetHints":{"allow":["GET"]}}],"collection":[{"href":"https:\/\/skydiveatmosfera.shop\/index.php\/wp-json\/wp\/v2\/product"}],"about":[{"href":"https:\/\/skydiveatmosfera.shop\/index.php\/wp-json\/wp\/v2\/types\/product"}],"wp:featuredmedia":[{"embeddable":true,"href":"https:\/\/skydiveatmosfera.shop\/index.php\/wp-json\/wp\/v2\/media\/4799"}],"wp:attachment":[{"href":"https:\/\/skydiveatmosfera.shop\/index.php\/wp-json\/wp\/v2\/media?parent=4798"}],"wp:term":[{"taxonomy":"pwb-brand","embeddable":true,"href":"https:\/\/skydiveatmosfera.shop\/index.php\/wp-json\/wp\/v2\/pwb-brand?post=4798"},{"taxonomy":"product_brand","embeddable":true,"href":"https:\/\/skydiveatmosfera.shop\/index.php\/wp-json\/wp\/v2\/product_brand?post=4798"},{"taxonomy":"product_cat","embeddable":true,"href":"https:\/\/skydiveatmosfera.shop\/index.php\/wp-json\/wp\/v2\/product_cat?post=4798"},{"taxonomy":"product_tag","embeddable":true,"href":"https:\/\/skydiveatmosfera.shop\/index.php\/wp-json\/wp\/v2\/product_tag?post=4798"}],"curies":[{"name":"wp","href":"https:\/\/api.w.org\/{rel}","templated":true}]}}