{"id":1743,"date":"2020-11-28T10:19:24","date_gmt":"2020-11-28T10:19:24","guid":{"rendered":"http:\/\/crazy4skydive.com\/?post_type=product&#038;p=1743"},"modified":"2025-08-16T11:59:16","modified_gmt":"2025-08-16T11:59:16","slug":"smiertelne-wypadki-w-skokach-spadochronowych-e-book-rozpoznaj-zagrozenie","status":"publish","type":"product","link":"https:\/\/skydiveatmosfera.shop\/index.php\/product\/smiertelne-wypadki-w-skokach-spadochronowych-e-book-rozpoznaj-zagrozenie\/","title":{"rendered":"\u201cRozpoznaj zagro\u017cenie\u201d(e-book) w skokach spadochronowych"},"content":{"rendered":"<h1>Rozpoznaj zagro\u017cenie, czyli analiza wypadk\u00f3w \u015bmiertelnych w skokach spadochronowych<\/h1>\n<p><img loading=\"lazy\" decoding=\"async\" class=\"alignnone wp-image-4233 size-full\" src=\"https:\/\/skydiveatmosfera.shop\/wp-content\/uploads\/2022\/09\/skydive-atmosferaskydiving-ebooks-podreczniki-spadochronowe0009.jpg\" alt=\"Wypadki smiertelne\" width=\"800\" height=\"1139\" srcset=\"https:\/\/skydiveatmosfera.shop\/wp-content\/uploads\/2022\/09\/skydive-atmosferaskydiving-ebooks-podreczniki-spadochronowe0009.jpg 800w, https:\/\/skydiveatmosfera.shop\/wp-content\/uploads\/2022\/09\/skydive-atmosferaskydiving-ebooks-podreczniki-spadochronowe0009-600x854.jpg 600w, https:\/\/skydiveatmosfera.shop\/wp-content\/uploads\/2022\/09\/skydive-atmosferaskydiving-ebooks-podreczniki-spadochronowe0009-211x300.jpg 211w, https:\/\/skydiveatmosfera.shop\/wp-content\/uploads\/2022\/09\/skydive-atmosferaskydiving-ebooks-podreczniki-spadochronowe0009-768x1093.jpg 768w\" sizes=\"auto, (max-width: 800px) 100vw, 800px\" \/><\/p>\n","protected":false},"excerpt":{"rendered":"<p>Bezwzgl\u0119dna analiza niestety \u015bmiertelnych wypadk\u00f3w spadochronowych z ostatnich lat, zebranych z publikacji USPA (United States Parachute Association). Jest to analiza przeprowadzona pod k\u0105tem rozpoznawania i eliminowania sytuacji prowadz\u0105cych do \u015bmierci skoczka.<\/p>\n<p>Fakty, dane i komentarz autora, wieloletniego eksperta Pa\u0144stwowej Komisji Badania Wypadk\u00f3w Lotniczych. Publikacja zawiera wnioski, u\u015bwiadamiaj\u0105ce zagro\u017cenie i mo\u017cliwo\u015bci unikni\u0119cia najgorszego, przydatne, wr\u0119cz obowi\u0105zkowe do zapoznania si\u0119 na ka\u017cdym poziomie wyszkolenia.<\/p>\n<p>Seria SKYDIVING to kompletny zestaw nowoczesnych poradnik\u00f3w spadochronowych EBOOK. Od skoku w tandemie, kurs AFF, poprzez szkolenie do licencji, nauk\u0119 uk\u0142adania i obs\u0142ugi spadochronu, kontrowersyjne sytuacje awaryjne i przydatne sugestie dla instruktor\u00f3w spadochronowych. Przyst\u0119pny j\u0119zyk i poczucie humoru. Solidna porcja wiedzy, oparta na ci\u0105gle zdobywanej wiedzy i wieloletnim do\u015bwiadczeniu ponad 10 000 skok\u00f3w autora.<\/p>\n","protected":false},"featured_media":4233,"template":"","meta":{"_themeisle_gutenberg_block_has_review":false},"pwb-brand":[335,260],"product_brand":[],"product_cat":[20],"product_tag":[70,71,72,48,50,51,52,53,73,54,74,75],"class_list":{"0":"post-1743","1":"product","2":"type-product","3":"status-publish","4":"has-post-thumbnail","6":"pwb-brand-skydive-atmosfera-books","7":"pwb-brand-skydive-atmosfera-exclusive","8":"product_cat-ebooks","9":"product_tag-katastrofaspadochronowa","10":"product_tag-skydivingaccident","11":"product_tag-wypadekspadochronowy","12":"product_tag-podrecznik-do-skokow-spadochronowych","13":"product_tag-skoki-spadochronowe","14":"product_tag-skoki-spadochronowe-manual","15":"product_tag-skoki-w-hiszpanii","16":"product_tag-skydive-atmosfera","17":"product_tag-skydiving-went-wrong","18":"product_tag-spadochron","19":"product_tag-wypadki-smiertelne-w-skokach-spadochronowych","20":"product_tag-wypadki-w-skokach","22":"first","23":"instock","24":"downloadable","25":"virtual","26":"purchasable","27":"product-type-simple"},"yoast_head":"<!-- This site is optimized with the Yoast SEO plugin v27.1.1 - https:\/\/yoast.com\/product\/yoast-seo-wordpress\/ -->\n<title>\u201cRozpoznaj zagro\u017cenie\u201d(e-book) w skokach spadochronowych - skydiveatmosfera.shop<\/title>\n<meta name=\"robots\" content=\"index, follow, max-snippet:-1, max-image-preview:large, max-video-preview:-1\" \/>\n<link rel=\"canonical\" href=\"https:\/\/skydiveatmosfera.shop\/index.php\/product\/smiertelne-wypadki-w-skokach-spadochronowych-e-book-rozpoznaj-zagrozenie\/\" \/>\n<meta property=\"og:locale\" content=\"en_US\" \/>\n<meta property=\"og:type\" content=\"article\" \/>\n<meta property=\"og:title\" content=\"\u201cRozpoznaj zagro\u017cenie\u201d(e-book) w skokach spadochronowych - skydiveatmosfera.shop\" \/>\n<meta property=\"og:description\" content=\"Bezwzgl\u0119dna analiza niestety \u015bmiertelnych wypadk\u00f3w spadochronowych z ostatnich lat, zebranych z publikacji USPA (United States Parachute Association). Jest to analiza przeprowadzona pod k\u0105tem rozpoznawania i eliminowania sytuacji prowadz\u0105cych do \u015bmierci skoczka.  Fakty, dane i komentarz autora, wieloletniego eksperta Pa\u0144stwowej Komisji Badania Wypadk\u00f3w Lotniczych. Publikacja zawiera wnioski, u\u015bwiadamiaj\u0105ce zagro\u017cenie i mo\u017cliwo\u015bci unikni\u0119cia najgorszego, przydatne, wr\u0119cz obowi\u0105zkowe do zapoznania si\u0119 na ka\u017cdym poziomie wyszkolenia.  Seria SKYDIVING to kompletny zestaw nowoczesnych poradnik\u00f3w spadochronowych EBOOK. Od skoku w tandemie, kurs AFF, poprzez szkolenie do licencji, nauk\u0119 uk\u0142adania i obs\u0142ugi spadochronu, kontrowersyjne sytuacje awaryjne i przydatne sugestie dla instruktor\u00f3w spadochronowych. Przyst\u0119pny j\u0119zyk i poczucie humoru. Solidna porcja wiedzy, oparta na ci\u0105gle zdobywanej wiedzy i wieloletnim do\u015bwiadczeniu ponad 10 000 skok\u00f3w autora.\" \/>\n<meta property=\"og:url\" content=\"https:\/\/skydiveatmosfera.shop\/index.php\/product\/smiertelne-wypadki-w-skokach-spadochronowych-e-book-rozpoznaj-zagrozenie\/\" \/>\n<meta property=\"og:site_name\" content=\"skydiveatmosfera.shop\" \/>\n<meta property=\"article:publisher\" content=\"https:\/\/www.facebook.com\/skydiveatmosferashop\/\" \/>\n<meta property=\"article:modified_time\" content=\"2025-08-16T11:59:16+00:00\" \/>\n<meta property=\"og:image\" content=\"https:\/\/skydiveatmosfera.shop\/wp-content\/uploads\/2022\/09\/skydive-atmosferaskydiving-ebooks-podreczniki-spadochronowe0009.jpg\" \/>\n\t<meta property=\"og:image:width\" content=\"800\" \/>\n\t<meta property=\"og:image:height\" content=\"1139\" \/>\n\t<meta property=\"og:image:type\" content=\"image\/jpeg\" \/>\n<meta name=\"twitter:card\" content=\"summary_large_image\" \/>\n<script type=\"application\/ld+json\" class=\"yoast-schema-graph\">{\"@context\":\"https:\/\/schema.org\",\"@graph\":[{\"@type\":\"WebPage\",\"@id\":\"https:\/\/skydiveatmosfera.shop\/index.php\/product\/smiertelne-wypadki-w-skokach-spadochronowych-e-book-rozpoznaj-zagrozenie\/\",\"url\":\"https:\/\/skydiveatmosfera.shop\/index.php\/product\/smiertelne-wypadki-w-skokach-spadochronowych-e-book-rozpoznaj-zagrozenie\/\",\"name\":\"\u201cRozpoznaj zagro\u017cenie\u201d(e-book) w skokach spadochronowych - skydiveatmosfera.shop\",\"isPartOf\":{\"@id\":\"https:\/\/skydiveatmosfera.shop\/#website\"},\"primaryImageOfPage\":{\"@id\":\"https:\/\/skydiveatmosfera.shop\/index.php\/product\/smiertelne-wypadki-w-skokach-spadochronowych-e-book-rozpoznaj-zagrozenie\/#primaryimage\"},\"image\":{\"@id\":\"https:\/\/skydiveatmosfera.shop\/index.php\/product\/smiertelne-wypadki-w-skokach-spadochronowych-e-book-rozpoznaj-zagrozenie\/#primaryimage\"},\"thumbnailUrl\":\"https:\/\/skydiveatmosfera.shop\/wp-content\/uploads\/2022\/09\/skydive-atmosferaskydiving-ebooks-podreczniki-spadochronowe0009.jpg\",\"datePublished\":\"2020-11-28T10:19:24+00:00\",\"dateModified\":\"2025-08-16T11:59:16+00:00\",\"breadcrumb\":{\"@id\":\"https:\/\/skydiveatmosfera.shop\/index.php\/product\/smiertelne-wypadki-w-skokach-spadochronowych-e-book-rozpoznaj-zagrozenie\/#breadcrumb\"},\"inLanguage\":\"en-US\",\"potentialAction\":[{\"@type\":\"ReadAction\",\"target\":[\"https:\/\/skydiveatmosfera.shop\/index.php\/product\/smiertelne-wypadki-w-skokach-spadochronowych-e-book-rozpoznaj-zagrozenie\/\"]}]},{\"@type\":\"ImageObject\",\"inLanguage\":\"en-US\",\"@id\":\"https:\/\/skydiveatmosfera.shop\/index.php\/product\/smiertelne-wypadki-w-skokach-spadochronowych-e-book-rozpoznaj-zagrozenie\/#primaryimage\",\"url\":\"https:\/\/skydiveatmosfera.shop\/wp-content\/uploads\/2022\/09\/skydive-atmosferaskydiving-ebooks-podreczniki-spadochronowe0009.jpg\",\"contentUrl\":\"https:\/\/skydiveatmosfera.shop\/wp-content\/uploads\/2022\/09\/skydive-atmosferaskydiving-ebooks-podreczniki-spadochronowe0009.jpg\",\"width\":800,\"height\":1139,\"caption\":\"Wypadki smiertelne\"},{\"@type\":\"BreadcrumbList\",\"@id\":\"https:\/\/skydiveatmosfera.shop\/index.php\/product\/smiertelne-wypadki-w-skokach-spadochronowych-e-book-rozpoznaj-zagrozenie\/#breadcrumb\",\"itemListElement\":[{\"@type\":\"ListItem\",\"position\":1,\"name\":\"Home\",\"item\":\"https:\/\/skydiveatmosfera.shop\/\"},{\"@type\":\"ListItem\",\"position\":2,\"name\":\"Store\",\"item\":\"https:\/\/skydiveatmosfera.shop\/\"},{\"@type\":\"ListItem\",\"position\":3,\"name\":\"\u201cRozpoznaj zagro\u017cenie\u201d(e-book) w skokach spadochronowych\"}]},{\"@type\":\"WebSite\",\"@id\":\"https:\/\/skydiveatmosfera.shop\/#website\",\"url\":\"https:\/\/skydiveatmosfera.shop\/\",\"name\":\"skydiveatmosfera.shop\",\"description\":\"Gear picked by instructors. Not influencers. Not dealers. \ud83d\udc49 Used by jumpers. \ud83d\udc49 Not hyped by ads\",\"publisher\":{\"@id\":\"https:\/\/skydiveatmosfera.shop\/#organization\"},\"potentialAction\":[{\"@type\":\"SearchAction\",\"target\":{\"@type\":\"EntryPoint\",\"urlTemplate\":\"https:\/\/skydiveatmosfera.shop\/?s={search_term_string}\"},\"query-input\":{\"@type\":\"PropertyValueSpecification\",\"valueRequired\":true,\"valueName\":\"search_term_string\"}}],\"inLanguage\":\"en-US\"},{\"@type\":\"Organization\",\"@id\":\"https:\/\/skydiveatmosfera.shop\/#organization\",\"name\":\"skydiveatmosfera.shop\",\"url\":\"https:\/\/skydiveatmosfera.shop\/\",\"logo\":{\"@type\":\"ImageObject\",\"inLanguage\":\"en-US\",\"@id\":\"https:\/\/skydiveatmosfera.shop\/#\/schema\/logo\/image\/\",\"url\":\"https:\/\/skydiveatmosfera.shop\/wp-content\/uploads\/2025\/07\/Logo-SA-Shop-duze.png\",\"contentUrl\":\"https:\/\/skydiveatmosfera.shop\/wp-content\/uploads\/2025\/07\/Logo-SA-Shop-duze.png\",\"width\":813,\"height\":813,\"caption\":\"skydiveatmosfera.shop\"},\"image\":{\"@id\":\"https:\/\/skydiveatmosfera.shop\/#\/schema\/logo\/image\/\"},\"sameAs\":[\"https:\/\/www.facebook.com\/skydiveatmosferashop\/\",\"https:\/\/www.instagram.com\/skydiveatmosfera_shop\/\"]}]}<\/script>\n<!-- \/ Yoast SEO plugin. -->","yoast_head_json":{"title":"\u201cRozpoznaj zagro\u017cenie\u201d(e-book) w skokach spadochronowych - skydiveatmosfera.shop","robots":{"index":"index","follow":"follow","max-snippet":"max-snippet:-1","max-image-preview":"max-image-preview:large","max-video-preview":"max-video-preview:-1"},"canonical":"https:\/\/skydiveatmosfera.shop\/index.php\/product\/smiertelne-wypadki-w-skokach-spadochronowych-e-book-rozpoznaj-zagrozenie\/","og_locale":"en_US","og_type":"article","og_title":"\u201cRozpoznaj zagro\u017cenie\u201d(e-book) w skokach spadochronowych - skydiveatmosfera.shop","og_description":"Bezwzgl\u0119dna analiza niestety \u015bmiertelnych wypadk\u00f3w spadochronowych z ostatnich lat, zebranych z publikacji USPA (United States Parachute Association). Jest to analiza przeprowadzona pod k\u0105tem rozpoznawania i eliminowania sytuacji prowadz\u0105cych do \u015bmierci skoczka.  Fakty, dane i komentarz autora, wieloletniego eksperta Pa\u0144stwowej Komisji Badania Wypadk\u00f3w Lotniczych. Publikacja zawiera wnioski, u\u015bwiadamiaj\u0105ce zagro\u017cenie i mo\u017cliwo\u015bci unikni\u0119cia najgorszego, przydatne, wr\u0119cz obowi\u0105zkowe do zapoznania si\u0119 na ka\u017cdym poziomie wyszkolenia.  Seria SKYDIVING to kompletny zestaw nowoczesnych poradnik\u00f3w spadochronowych EBOOK. Od skoku w tandemie, kurs AFF, poprzez szkolenie do licencji, nauk\u0119 uk\u0142adania i obs\u0142ugi spadochronu, kontrowersyjne sytuacje awaryjne i przydatne sugestie dla instruktor\u00f3w spadochronowych. Przyst\u0119pny j\u0119zyk i poczucie humoru. Solidna porcja wiedzy, oparta na ci\u0105gle zdobywanej wiedzy i wieloletnim do\u015bwiadczeniu ponad 10 000 skok\u00f3w autora.","og_url":"https:\/\/skydiveatmosfera.shop\/index.php\/product\/smiertelne-wypadki-w-skokach-spadochronowych-e-book-rozpoznaj-zagrozenie\/","og_site_name":"skydiveatmosfera.shop","article_publisher":"https:\/\/www.facebook.com\/skydiveatmosferashop\/","article_modified_time":"2025-08-16T11:59:16+00:00","og_image":[{"width":800,"height":1139,"url":"https:\/\/skydiveatmosfera.shop\/wp-content\/uploads\/2022\/09\/skydive-atmosferaskydiving-ebooks-podreczniki-spadochronowe0009.jpg","type":"image\/jpeg"}],"twitter_card":"summary_large_image","schema":{"@context":"https:\/\/schema.org","@graph":[{"@type":"WebPage","@id":"https:\/\/skydiveatmosfera.shop\/index.php\/product\/smiertelne-wypadki-w-skokach-spadochronowych-e-book-rozpoznaj-zagrozenie\/","url":"https:\/\/skydiveatmosfera.shop\/index.php\/product\/smiertelne-wypadki-w-skokach-spadochronowych-e-book-rozpoznaj-zagrozenie\/","name":"\u201cRozpoznaj zagro\u017cenie\u201d(e-book) w skokach spadochronowych - skydiveatmosfera.shop","isPartOf":{"@id":"https:\/\/skydiveatmosfera.shop\/#website"},"primaryImageOfPage":{"@id":"https:\/\/skydiveatmosfera.shop\/index.php\/product\/smiertelne-wypadki-w-skokach-spadochronowych-e-book-rozpoznaj-zagrozenie\/#primaryimage"},"image":{"@id":"https:\/\/skydiveatmosfera.shop\/index.php\/product\/smiertelne-wypadki-w-skokach-spadochronowych-e-book-rozpoznaj-zagrozenie\/#primaryimage"},"thumbnailUrl":"https:\/\/skydiveatmosfera.shop\/wp-content\/uploads\/2022\/09\/skydive-atmosferaskydiving-ebooks-podreczniki-spadochronowe0009.jpg","datePublished":"2020-11-28T10:19:24+00:00","dateModified":"2025-08-16T11:59:16+00:00","breadcrumb":{"@id":"https:\/\/skydiveatmosfera.shop\/index.php\/product\/smiertelne-wypadki-w-skokach-spadochronowych-e-book-rozpoznaj-zagrozenie\/#breadcrumb"},"inLanguage":"en-US","potentialAction":[{"@type":"ReadAction","target":["https:\/\/skydiveatmosfera.shop\/index.php\/product\/smiertelne-wypadki-w-skokach-spadochronowych-e-book-rozpoznaj-zagrozenie\/"]}]},{"@type":"ImageObject","inLanguage":"en-US","@id":"https:\/\/skydiveatmosfera.shop\/index.php\/product\/smiertelne-wypadki-w-skokach-spadochronowych-e-book-rozpoznaj-zagrozenie\/#primaryimage","url":"https:\/\/skydiveatmosfera.shop\/wp-content\/uploads\/2022\/09\/skydive-atmosferaskydiving-ebooks-podreczniki-spadochronowe0009.jpg","contentUrl":"https:\/\/skydiveatmosfera.shop\/wp-content\/uploads\/2022\/09\/skydive-atmosferaskydiving-ebooks-podreczniki-spadochronowe0009.jpg","width":800,"height":1139,"caption":"Wypadki smiertelne"},{"@type":"BreadcrumbList","@id":"https:\/\/skydiveatmosfera.shop\/index.php\/product\/smiertelne-wypadki-w-skokach-spadochronowych-e-book-rozpoznaj-zagrozenie\/#breadcrumb","itemListElement":[{"@type":"ListItem","position":1,"name":"Home","item":"https:\/\/skydiveatmosfera.shop\/"},{"@type":"ListItem","position":2,"name":"Store","item":"https:\/\/skydiveatmosfera.shop\/"},{"@type":"ListItem","position":3,"name":"\u201cRozpoznaj zagro\u017cenie\u201d(e-book) w skokach spadochronowych"}]},{"@type":"WebSite","@id":"https:\/\/skydiveatmosfera.shop\/#website","url":"https:\/\/skydiveatmosfera.shop\/","name":"skydiveatmosfera.shop","description":"Gear picked by instructors. Not influencers. Not dealers. \ud83d\udc49 Used by jumpers. \ud83d\udc49 Not hyped by ads","publisher":{"@id":"https:\/\/skydiveatmosfera.shop\/#organization"},"potentialAction":[{"@type":"SearchAction","target":{"@type":"EntryPoint","urlTemplate":"https:\/\/skydiveatmosfera.shop\/?s={search_term_string}"},"query-input":{"@type":"PropertyValueSpecification","valueRequired":true,"valueName":"search_term_string"}}],"inLanguage":"en-US"},{"@type":"Organization","@id":"https:\/\/skydiveatmosfera.shop\/#organization","name":"skydiveatmosfera.shop","url":"https:\/\/skydiveatmosfera.shop\/","logo":{"@type":"ImageObject","inLanguage":"en-US","@id":"https:\/\/skydiveatmosfera.shop\/#\/schema\/logo\/image\/","url":"https:\/\/skydiveatmosfera.shop\/wp-content\/uploads\/2025\/07\/Logo-SA-Shop-duze.png","contentUrl":"https:\/\/skydiveatmosfera.shop\/wp-content\/uploads\/2025\/07\/Logo-SA-Shop-duze.png","width":813,"height":813,"caption":"skydiveatmosfera.shop"},"image":{"@id":"https:\/\/skydiveatmosfera.shop\/#\/schema\/logo\/image\/"},"sameAs":["https:\/\/www.facebook.com\/skydiveatmosferashop\/","https:\/\/www.instagram.com\/skydiveatmosfera_shop\/"]}]}},"jetpack-related-posts":[],"jetpack_sharing_enabled":true,"brands":[{"id":335,"name":"Skydive Atmosfera Books","slug":"skydive-atmosfera-books"},{"id":260,"name":"Skydive Atmosfera Exclusive","slug":"skydive-atmosfera-exclusive"}],"_links":{"self":[{"href":"https:\/\/skydiveatmosfera.shop\/index.php\/wp-json\/wp\/v2\/product\/1743","targetHints":{"allow":["GET"]}}],"collection":[{"href":"https:\/\/skydiveatmosfera.shop\/index.php\/wp-json\/wp\/v2\/product"}],"about":[{"href":"https:\/\/skydiveatmosfera.shop\/index.php\/wp-json\/wp\/v2\/types\/product"}],"wp:featuredmedia":[{"embeddable":true,"href":"https:\/\/skydiveatmosfera.shop\/index.php\/wp-json\/wp\/v2\/media\/4233"}],"wp:attachment":[{"href":"https:\/\/skydiveatmosfera.shop\/index.php\/wp-json\/wp\/v2\/media?parent=1743"}],"wp:term":[{"taxonomy":"pwb-brand","embeddable":true,"href":"https:\/\/skydiveatmosfera.shop\/index.php\/wp-json\/wp\/v2\/pwb-brand?post=1743"},{"taxonomy":"product_brand","embeddable":true,"href":"https:\/\/skydiveatmosfera.shop\/index.php\/wp-json\/wp\/v2\/product_brand?post=1743"},{"taxonomy":"product_cat","embeddable":true,"href":"https:\/\/skydiveatmosfera.shop\/index.php\/wp-json\/wp\/v2\/product_cat?post=1743"},{"taxonomy":"product_tag","embeddable":true,"href":"https:\/\/skydiveatmosfera.shop\/index.php\/wp-json\/wp\/v2\/product_tag?post=1743"}],"curies":[{"name":"wp","href":"https:\/\/api.w.org\/{rel}","templated":true}]}}