{"id":1692,"date":"2020-11-27T13:32:16","date_gmt":"2020-11-27T13:32:16","guid":{"rendered":"http:\/\/crazy4skydive.com\/?post_type=product&#038;p=1692"},"modified":"2024-10-17T07:58:54","modified_gmt":"2024-10-17T07:58:54","slug":"kurs-spadochronowy-aff-e-book-zacznij-dobrze-wypadac","status":"publish","type":"product","link":"https:\/\/skydiveatmosfera.shop\/index.php\/product\/kurs-spadochronowy-aff-e-book-zacznij-dobrze-wypadac\/","title":{"rendered":"KURS SPADOCHRONOWY AFF (e-book) \u201cZacznij dobrze wypada\u0107\u201d"},"content":{"rendered":"<div class=\"woocommerce-product-details__short-description\">\n<h1>KURS SPADOCHRONOWY AFF (e-book) \u201cZacznij dobrze wypada\u0107\u201d<\/h1>\n<p><img loading=\"lazy\" decoding=\"async\" src=\"https:\/\/skydiveatmosfera.shop\/wp-content\/uploads\/2022\/09\/skydive-atmosferaskydiving-ebooks-podreczniki-spadochronowe0005-211x300.jpg\" alt=\"kurs aff e-book\" width=\"211\" height=\"300\" class=\"alignnone size-medium wp-image-4221\" srcset=\"https:\/\/skydiveatmosfera.shop\/wp-content\/uploads\/2022\/09\/skydive-atmosferaskydiving-ebooks-podreczniki-spadochronowe0005-211x300.jpg 211w, https:\/\/skydiveatmosfera.shop\/wp-content\/uploads\/2022\/09\/skydive-atmosferaskydiving-ebooks-podreczniki-spadochronowe0005-600x854.jpg 600w, https:\/\/skydiveatmosfera.shop\/wp-content\/uploads\/2022\/09\/skydive-atmosferaskydiving-ebooks-podreczniki-spadochronowe0005-768x1092.jpg 768w, https:\/\/skydiveatmosfera.shop\/wp-content\/uploads\/2022\/09\/skydive-atmosferaskydiving-ebooks-podreczniki-spadochronowe0005.jpg 800w\" sizes=\"auto, (max-width: 211px) 100vw, 211px\" \/><\/p>\n<\/div>\n<form class=\"cart\" action=\"https:\/\/www.skydiveatmosfera.com\/produkt\/kurs-spadochronowy-na-dobry-poczatek-szkolenie-podstawowe\/\" enctype=\"multipart\/form-data\" method=\"post\">\n<div class=\"quantity\"><label class=\"screen-reader-text\" for=\"quantity_5fc0fe59a6248\">ilo\u015b\u0107 KURS SPADOCHRONOWY AFF (e-book) &#8220;Zacznij dobrze wypada\u0107&#8221;<\/label><img loading=\"lazy\" decoding=\"async\" class=\"alignnone size-medium wp-image-1535\" src=\"http:\/\/crazy4skydive.com\/wp-content\/uploads\/2020\/11\/Okladka-AFF-screen-popr-212x300.png\" alt=\"\" width=\"212\" height=\"300\" \/><\/div>\n<\/form>\n","protected":false},"excerpt":{"rendered":"<p>Seria SKYDIVING wzbogaci\u0142a si\u0119 o swoj\u0105 najwa\u017cniejsz\u0105 i d\u0142ugo oczekiwan\u0105 pozycj\u0119. Kurs AFF obejmuje zagadnienia teoretyczne i praktyczne z zakresu kursu spadochronowego g\u0142\u00f3wnie AFF. Jest to obecnie najpopularniejsza i najbardziej efektywna metoda szkolenia spadochronowego, prowadz\u0105ca do uzyskania umiej\u0119tno\u015bci tzw. swobodnego spadania z wysoko\u015bci min. 4000.<\/p>\n<p>Czytelnik, nawet nie maj\u0105cy poj\u0119cia o skokach spadochronowych, znajdzie tu przyst\u0119pnie i przejrzy\u015bcie opisane poszczeg\u00f3lne etapy szkolenia spadochronowego, od samego pocz\u0105tku, dla laik\u00f3w bez \u017cadnego do\u015bwiadczenia, a\u017c po niuanse szkolenia, po kt\u00f3re ch\u0119tnie si\u0119gnie nawet instruktor spadochronowy.<\/p>\n<p>Grzegorz Kucharczyk \u201cIwan\u201d po raz kolejny przybli\u017ca czytelnikom tajniki spadochroniarstwa. KURS SPADOCHRONOWY AFF \u201cZacznij dobrze wypada\u0107\u201d to gor\u0105co rekomendowana pozycja dla wszystkich my\u015bl\u0105cych o zapisaniu \u2013 lub b\u0119d\u0105cych w trakcie \u2013 kursu spadochronowego!<\/p>\n","protected":false},"featured_media":4221,"template":"","meta":{"_themeisle_gutenberg_block_has_review":false},"pwb-brand":[335,260],"product_brand":[],"product_cat":[337,20],"product_tag":[43,44,45,46,47,48,49,50,51,52,53,54],"class_list":{"0":"post-1692","1":"product","2":"type-product","3":"status-publish","4":"has-post-thumbnail","6":"pwb-brand-skydive-atmosfera-books","7":"pwb-brand-skydive-atmosfera-exclusive","8":"product_cat-ebooks-in-polish","9":"product_cat-ebooks","10":"product_tag-jak-zaczac-aff","11":"product_tag-jak-zaczac-skoki-spadochronowe","12":"product_tag-kurs-aff","13":"product_tag-kurs-spadochronowy","14":"product_tag-kurs-spadochronowy-na-dobry-poczatek-szkolenie-podstawowe","15":"product_tag-podrecznik-do-skokow-spadochronowych","16":"product_tag-skoki-aff","17":"product_tag-skoki-spadochronowe","18":"product_tag-skoki-spadochronowe-manual","19":"product_tag-skoki-w-hiszpanii","20":"product_tag-skydive-atmosfera","21":"product_tag-spadochron","23":"first","24":"instock","25":"downloadable","26":"virtual","27":"purchasable","28":"product-type-simple"},"yoast_head":"<!-- This site is optimized with the Yoast SEO plugin v27.1.1 - https:\/\/yoast.com\/product\/yoast-seo-wordpress\/ -->\n<title>KURS SPADOCHRONOWY AFF (e-book) \u201cZacznij dobrze wypada\u0107\u201d - skydiveatmosfera.shop<\/title>\n<meta name=\"robots\" content=\"index, follow, max-snippet:-1, max-image-preview:large, max-video-preview:-1\" \/>\n<link rel=\"canonical\" href=\"https:\/\/skydiveatmosfera.shop\/index.php\/product\/kurs-spadochronowy-aff-e-book-zacznij-dobrze-wypadac\/\" \/>\n<meta property=\"og:locale\" content=\"en_US\" \/>\n<meta property=\"og:type\" content=\"article\" \/>\n<meta property=\"og:title\" content=\"KURS SPADOCHRONOWY AFF (e-book) \u201cZacznij dobrze wypada\u0107\u201d\" \/>\n<meta property=\"og:description\" content=\"Seria SKYDIVING wzbogaci\u0142a si\u0119 o swoj\u0105 najwa\u017cniejsz\u0105 i d\u0142ugo oczekiwan\u0105 pozycj\u0119. Kurs AFF obejmuje zagadnienia teoretyczne i praktyczne z zakresu kursu spadochronowego g\u0142\u00f3wnie AFF. Jest to obecnie najpopularniejsza i najbardziej efektywna metoda szkolenia spadochronowego, prowadz\u0105ca do uzyskania umiej\u0119tno\u015bci tzw. swobodnego spadania z wysoko\u015bci min. 4000.\" \/>\n<meta property=\"og:url\" content=\"https:\/\/skydiveatmosfera.shop\/index.php\/product\/kurs-spadochronowy-aff-e-book-zacznij-dobrze-wypadac\/\" \/>\n<meta property=\"og:site_name\" content=\"skydiveatmosfera.shop\" \/>\n<meta property=\"article:publisher\" content=\"https:\/\/www.facebook.com\/skydiveatmosferashop\/\" \/>\n<meta property=\"article:modified_time\" content=\"2024-10-17T07:58:54+00:00\" \/>\n<meta property=\"og:image\" content=\"https:\/\/skydiveatmosfera.shop\/wp-content\/uploads\/2020\/11\/Okladka-AFF-screen-popr.png\" \/>\n\t<meta property=\"og:image:width\" content=\"893\" \/>\n\t<meta property=\"og:image:height\" content=\"1266\" \/>\n\t<meta property=\"og:image:type\" content=\"image\/png\" \/>\n<meta name=\"twitter:card\" content=\"summary_large_image\" \/>\n<script type=\"application\/ld+json\" class=\"yoast-schema-graph\">{\"@context\":\"https:\/\/schema.org\",\"@graph\":[{\"@type\":\"WebPage\",\"@id\":\"https:\/\/skydiveatmosfera.shop\/index.php\/product\/kurs-spadochronowy-aff-e-book-zacznij-dobrze-wypadac\/\",\"url\":\"https:\/\/skydiveatmosfera.shop\/index.php\/product\/kurs-spadochronowy-aff-e-book-zacznij-dobrze-wypadac\/\",\"name\":\"KURS SPADOCHRONOWY AFF (e-book) \u201cZacznij dobrze wypada\u0107\u201d - skydiveatmosfera.shop\",\"isPartOf\":{\"@id\":\"https:\/\/skydiveatmosfera.shop\/#website\"},\"primaryImageOfPage\":{\"@id\":\"https:\/\/skydiveatmosfera.shop\/index.php\/product\/kurs-spadochronowy-aff-e-book-zacznij-dobrze-wypadac\/#primaryimage\"},\"image\":{\"@id\":\"https:\/\/skydiveatmosfera.shop\/index.php\/product\/kurs-spadochronowy-aff-e-book-zacznij-dobrze-wypadac\/#primaryimage\"},\"thumbnailUrl\":\"https:\/\/skydiveatmosfera.shop\/wp-content\/uploads\/2022\/09\/skydive-atmosferaskydiving-ebooks-podreczniki-spadochronowe0005.jpg\",\"datePublished\":\"2020-11-27T13:32:16+00:00\",\"dateModified\":\"2024-10-17T07:58:54+00:00\",\"breadcrumb\":{\"@id\":\"https:\/\/skydiveatmosfera.shop\/index.php\/product\/kurs-spadochronowy-aff-e-book-zacznij-dobrze-wypadac\/#breadcrumb\"},\"inLanguage\":\"en-US\",\"potentialAction\":[{\"@type\":\"ReadAction\",\"target\":[\"https:\/\/skydiveatmosfera.shop\/index.php\/product\/kurs-spadochronowy-aff-e-book-zacznij-dobrze-wypadac\/\"]}]},{\"@type\":\"ImageObject\",\"inLanguage\":\"en-US\",\"@id\":\"https:\/\/skydiveatmosfera.shop\/index.php\/product\/kurs-spadochronowy-aff-e-book-zacznij-dobrze-wypadac\/#primaryimage\",\"url\":\"https:\/\/skydiveatmosfera.shop\/wp-content\/uploads\/2022\/09\/skydive-atmosferaskydiving-ebooks-podreczniki-spadochronowe0005.jpg\",\"contentUrl\":\"https:\/\/skydiveatmosfera.shop\/wp-content\/uploads\/2022\/09\/skydive-atmosferaskydiving-ebooks-podreczniki-spadochronowe0005.jpg\",\"width\":800,\"height\":1138,\"caption\":\"kurs aff e-book\"},{\"@type\":\"BreadcrumbList\",\"@id\":\"https:\/\/skydiveatmosfera.shop\/index.php\/product\/kurs-spadochronowy-aff-e-book-zacznij-dobrze-wypadac\/#breadcrumb\",\"itemListElement\":[{\"@type\":\"ListItem\",\"position\":1,\"name\":\"Home\",\"item\":\"https:\/\/skydiveatmosfera.shop\/\"},{\"@type\":\"ListItem\",\"position\":2,\"name\":\"Store\",\"item\":\"https:\/\/skydiveatmosfera.shop\/\"},{\"@type\":\"ListItem\",\"position\":3,\"name\":\"KURS SPADOCHRONOWY AFF (e-book) \u201cZacznij dobrze wypada\u0107\u201d\"}]},{\"@type\":\"WebSite\",\"@id\":\"https:\/\/skydiveatmosfera.shop\/#website\",\"url\":\"https:\/\/skydiveatmosfera.shop\/\",\"name\":\"skydiveatmosfera.shop\",\"description\":\"Gear picked by instructors. Not influencers. Not dealers. \ud83d\udc49 Used by jumpers. \ud83d\udc49 Not hyped by ads\",\"publisher\":{\"@id\":\"https:\/\/skydiveatmosfera.shop\/#organization\"},\"potentialAction\":[{\"@type\":\"SearchAction\",\"target\":{\"@type\":\"EntryPoint\",\"urlTemplate\":\"https:\/\/skydiveatmosfera.shop\/?s={search_term_string}\"},\"query-input\":{\"@type\":\"PropertyValueSpecification\",\"valueRequired\":true,\"valueName\":\"search_term_string\"}}],\"inLanguage\":\"en-US\"},{\"@type\":\"Organization\",\"@id\":\"https:\/\/skydiveatmosfera.shop\/#organization\",\"name\":\"skydiveatmosfera.shop\",\"url\":\"https:\/\/skydiveatmosfera.shop\/\",\"logo\":{\"@type\":\"ImageObject\",\"inLanguage\":\"en-US\",\"@id\":\"https:\/\/skydiveatmosfera.shop\/#\/schema\/logo\/image\/\",\"url\":\"https:\/\/skydiveatmosfera.shop\/wp-content\/uploads\/2025\/07\/Logo-SA-Shop-duze.png\",\"contentUrl\":\"https:\/\/skydiveatmosfera.shop\/wp-content\/uploads\/2025\/07\/Logo-SA-Shop-duze.png\",\"width\":813,\"height\":813,\"caption\":\"skydiveatmosfera.shop\"},\"image\":{\"@id\":\"https:\/\/skydiveatmosfera.shop\/#\/schema\/logo\/image\/\"},\"sameAs\":[\"https:\/\/www.facebook.com\/skydiveatmosferashop\/\",\"https:\/\/www.instagram.com\/skydiveatmosfera_shop\/\"]}]}<\/script>\n<!-- \/ Yoast SEO plugin. -->","yoast_head_json":{"title":"KURS SPADOCHRONOWY AFF (e-book) \u201cZacznij dobrze wypada\u0107\u201d - skydiveatmosfera.shop","robots":{"index":"index","follow":"follow","max-snippet":"max-snippet:-1","max-image-preview":"max-image-preview:large","max-video-preview":"max-video-preview:-1"},"canonical":"https:\/\/skydiveatmosfera.shop\/index.php\/product\/kurs-spadochronowy-aff-e-book-zacznij-dobrze-wypadac\/","og_locale":"en_US","og_type":"article","og_title":"KURS SPADOCHRONOWY AFF (e-book) \u201cZacznij dobrze wypada\u0107\u201d","og_description":"Seria SKYDIVING wzbogaci\u0142a si\u0119 o swoj\u0105 najwa\u017cniejsz\u0105 i d\u0142ugo oczekiwan\u0105 pozycj\u0119. Kurs AFF obejmuje zagadnienia teoretyczne i praktyczne z zakresu kursu spadochronowego g\u0142\u00f3wnie AFF. Jest to obecnie najpopularniejsza i najbardziej efektywna metoda szkolenia spadochronowego, prowadz\u0105ca do uzyskania umiej\u0119tno\u015bci tzw. swobodnego spadania z wysoko\u015bci min. 4000.","og_url":"https:\/\/skydiveatmosfera.shop\/index.php\/product\/kurs-spadochronowy-aff-e-book-zacznij-dobrze-wypadac\/","og_site_name":"skydiveatmosfera.shop","article_publisher":"https:\/\/www.facebook.com\/skydiveatmosferashop\/","article_modified_time":"2024-10-17T07:58:54+00:00","og_image":[{"width":893,"height":1266,"url":"https:\/\/skydiveatmosfera.shop\/wp-content\/uploads\/2020\/11\/Okladka-AFF-screen-popr.png","type":"image\/png"}],"twitter_card":"summary_large_image","schema":{"@context":"https:\/\/schema.org","@graph":[{"@type":"WebPage","@id":"https:\/\/skydiveatmosfera.shop\/index.php\/product\/kurs-spadochronowy-aff-e-book-zacznij-dobrze-wypadac\/","url":"https:\/\/skydiveatmosfera.shop\/index.php\/product\/kurs-spadochronowy-aff-e-book-zacznij-dobrze-wypadac\/","name":"KURS SPADOCHRONOWY AFF (e-book) \u201cZacznij dobrze wypada\u0107\u201d - skydiveatmosfera.shop","isPartOf":{"@id":"https:\/\/skydiveatmosfera.shop\/#website"},"primaryImageOfPage":{"@id":"https:\/\/skydiveatmosfera.shop\/index.php\/product\/kurs-spadochronowy-aff-e-book-zacznij-dobrze-wypadac\/#primaryimage"},"image":{"@id":"https:\/\/skydiveatmosfera.shop\/index.php\/product\/kurs-spadochronowy-aff-e-book-zacznij-dobrze-wypadac\/#primaryimage"},"thumbnailUrl":"https:\/\/skydiveatmosfera.shop\/wp-content\/uploads\/2022\/09\/skydive-atmosferaskydiving-ebooks-podreczniki-spadochronowe0005.jpg","datePublished":"2020-11-27T13:32:16+00:00","dateModified":"2024-10-17T07:58:54+00:00","breadcrumb":{"@id":"https:\/\/skydiveatmosfera.shop\/index.php\/product\/kurs-spadochronowy-aff-e-book-zacznij-dobrze-wypadac\/#breadcrumb"},"inLanguage":"en-US","potentialAction":[{"@type":"ReadAction","target":["https:\/\/skydiveatmosfera.shop\/index.php\/product\/kurs-spadochronowy-aff-e-book-zacznij-dobrze-wypadac\/"]}]},{"@type":"ImageObject","inLanguage":"en-US","@id":"https:\/\/skydiveatmosfera.shop\/index.php\/product\/kurs-spadochronowy-aff-e-book-zacznij-dobrze-wypadac\/#primaryimage","url":"https:\/\/skydiveatmosfera.shop\/wp-content\/uploads\/2022\/09\/skydive-atmosferaskydiving-ebooks-podreczniki-spadochronowe0005.jpg","contentUrl":"https:\/\/skydiveatmosfera.shop\/wp-content\/uploads\/2022\/09\/skydive-atmosferaskydiving-ebooks-podreczniki-spadochronowe0005.jpg","width":800,"height":1138,"caption":"kurs aff e-book"},{"@type":"BreadcrumbList","@id":"https:\/\/skydiveatmosfera.shop\/index.php\/product\/kurs-spadochronowy-aff-e-book-zacznij-dobrze-wypadac\/#breadcrumb","itemListElement":[{"@type":"ListItem","position":1,"name":"Home","item":"https:\/\/skydiveatmosfera.shop\/"},{"@type":"ListItem","position":2,"name":"Store","item":"https:\/\/skydiveatmosfera.shop\/"},{"@type":"ListItem","position":3,"name":"KURS SPADOCHRONOWY AFF (e-book) \u201cZacznij dobrze wypada\u0107\u201d"}]},{"@type":"WebSite","@id":"https:\/\/skydiveatmosfera.shop\/#website","url":"https:\/\/skydiveatmosfera.shop\/","name":"skydiveatmosfera.shop","description":"Gear picked by instructors. Not influencers. Not dealers. \ud83d\udc49 Used by jumpers. \ud83d\udc49 Not hyped by ads","publisher":{"@id":"https:\/\/skydiveatmosfera.shop\/#organization"},"potentialAction":[{"@type":"SearchAction","target":{"@type":"EntryPoint","urlTemplate":"https:\/\/skydiveatmosfera.shop\/?s={search_term_string}"},"query-input":{"@type":"PropertyValueSpecification","valueRequired":true,"valueName":"search_term_string"}}],"inLanguage":"en-US"},{"@type":"Organization","@id":"https:\/\/skydiveatmosfera.shop\/#organization","name":"skydiveatmosfera.shop","url":"https:\/\/skydiveatmosfera.shop\/","logo":{"@type":"ImageObject","inLanguage":"en-US","@id":"https:\/\/skydiveatmosfera.shop\/#\/schema\/logo\/image\/","url":"https:\/\/skydiveatmosfera.shop\/wp-content\/uploads\/2025\/07\/Logo-SA-Shop-duze.png","contentUrl":"https:\/\/skydiveatmosfera.shop\/wp-content\/uploads\/2025\/07\/Logo-SA-Shop-duze.png","width":813,"height":813,"caption":"skydiveatmosfera.shop"},"image":{"@id":"https:\/\/skydiveatmosfera.shop\/#\/schema\/logo\/image\/"},"sameAs":["https:\/\/www.facebook.com\/skydiveatmosferashop\/","https:\/\/www.instagram.com\/skydiveatmosfera_shop\/"]}]}},"jetpack-related-posts":[],"jetpack_sharing_enabled":true,"brands":[{"id":335,"name":"Skydive Atmosfera Books","slug":"skydive-atmosfera-books"},{"id":260,"name":"Skydive Atmosfera Exclusive","slug":"skydive-atmosfera-exclusive"}],"_links":{"self":[{"href":"https:\/\/skydiveatmosfera.shop\/index.php\/wp-json\/wp\/v2\/product\/1692","targetHints":{"allow":["GET"]}}],"collection":[{"href":"https:\/\/skydiveatmosfera.shop\/index.php\/wp-json\/wp\/v2\/product"}],"about":[{"href":"https:\/\/skydiveatmosfera.shop\/index.php\/wp-json\/wp\/v2\/types\/product"}],"wp:featuredmedia":[{"embeddable":true,"href":"https:\/\/skydiveatmosfera.shop\/index.php\/wp-json\/wp\/v2\/media\/4221"}],"wp:attachment":[{"href":"https:\/\/skydiveatmosfera.shop\/index.php\/wp-json\/wp\/v2\/media?parent=1692"}],"wp:term":[{"taxonomy":"pwb-brand","embeddable":true,"href":"https:\/\/skydiveatmosfera.shop\/index.php\/wp-json\/wp\/v2\/pwb-brand?post=1692"},{"taxonomy":"product_brand","embeddable":true,"href":"https:\/\/skydiveatmosfera.shop\/index.php\/wp-json\/wp\/v2\/product_brand?post=1692"},{"taxonomy":"product_cat","embeddable":true,"href":"https:\/\/skydiveatmosfera.shop\/index.php\/wp-json\/wp\/v2\/product_cat?post=1692"},{"taxonomy":"product_tag","embeddable":true,"href":"https:\/\/skydiveatmosfera.shop\/index.php\/wp-json\/wp\/v2\/product_tag?post=1692"}],"curies":[{"name":"wp","href":"https:\/\/api.w.org\/{rel}","templated":true}]}}