{"id":1530,"date":"2020-11-27T13:20:15","date_gmt":"2020-11-27T13:20:15","guid":{"rendered":"http:\/\/crazy4skydive.com\/?post_type=product&#038;p=1530"},"modified":"2025-08-16T11:59:40","modified_gmt":"2025-08-16T11:59:40","slug":"opowiesci-drzewa-sandalowego","status":"publish","type":"product","link":"https:\/\/skydiveatmosfera.shop\/index.php\/product\/opowiesci-drzewa-sandalowego\/","title":{"rendered":"Opowie\u015bci Drzewa Sanda\u0142owego (e-book)"},"content":{"rendered":"<p><img loading=\"lazy\" decoding=\"async\" class=\"alignnone size-medium wp-image-1537\" src=\"http:\/\/crazy4skydive.com\/wp-content\/uploads\/2020\/11\/Okladkadrzewosandalowe-727x1024-2-213x300.png\" alt=\"skydiving ebooks opowiesci drzewa sandalowego\" width=\"213\" height=\"300\" \/><\/p>\n","protected":false},"excerpt":{"rendered":"<p>To zupe\u0142nie inna pozycja z serii SKYDIVING. Chocia\u017c ma wiele wsp\u00f3lnego ze spadochroniarstwem, nie jest to ani poradnik, ani podr\u0119cznik. Zawiera za to emocjonuj\u0105ce i <strong>humorem<\/strong>,<strong> dystansem, a tak\u017ce odrobin\u0105 sarkazmu<\/strong> <strong>opisane wydarzenia, kt\u00f3re mia\u0142y miejsce i felietony na tematy spadochronowe<\/strong>. W drugiej cz\u0119\u015bci czytelnicy znajd\u0105 zebrane i uaktualnione przygody skoczka Leona. Kurs AFF na polskich strefach zrzutu pisany z du\u017c\u0105 doz\u0105 przekontrastowania i przerysowania. Oczywi\u015bcie jest to ca\u0142kowita fikcja, zgodnie z opisem na ok\u0142adce.<\/p>\n<p>Zapraszamy do lu\u017anej lektury w przerwie pomi\u0119dzy innymi powa\u017cnymi pozycjami serii SKYDIVING.<\/p>\n<h2>Ebook dost\u0119pny w wersji PDF, EBUP oraz MOBI.<\/h2>\n","protected":false},"featured_media":1537,"template":"","meta":{"_themeisle_gutenberg_block_has_review":false},"pwb-brand":[335,260],"product_brand":[],"product_cat":[337,20],"product_tag":[33,34,35,36,37,38,39,40,41,42],"class_list":{"0":"post-1530","1":"product","2":"type-product","3":"status-publish","4":"has-post-thumbnail","6":"pwb-brand-skydive-atmosfera-books","7":"pwb-brand-skydive-atmosfera-exclusive","8":"product_cat-ebooks-in-polish","9":"product_cat-ebooks","10":"product_tag-bibliotekaatmosfera","11":"product_tag-ebookiiwana","12":"product_tag-felietonyspadochronowe","13":"product_tag-iwangregor","14":"product_tag-opowiescidrzewasandalowego","15":"product_tag-przygodyleona","16":"product_tag-skydivingaccidents","17":"product_tag-skydivingebooks","18":"product_tag-wypadkispadochronowe","19":"product_tag-crazy4skydive","21":"first","22":"instock","23":"downloadable","24":"virtual","25":"purchasable","26":"product-type-simple"},"yoast_head":"<!-- This site is optimized with the Yoast SEO plugin v27.1.1 - https:\/\/yoast.com\/product\/yoast-seo-wordpress\/ -->\n<title>Opowie\u015bci Drzewa Sanda\u0142owego (e-book) - skydiveatmosfera.shop<\/title>\n<meta name=\"robots\" content=\"index, follow, max-snippet:-1, max-image-preview:large, max-video-preview:-1\" \/>\n<link rel=\"canonical\" href=\"https:\/\/skydiveatmosfera.shop\/index.php\/product\/opowiesci-drzewa-sandalowego\/\" \/>\n<meta property=\"og:locale\" content=\"en_US\" \/>\n<meta property=\"og:type\" content=\"article\" \/>\n<meta property=\"og:title\" content=\"Opowie\u015bci Drzewa Sanda\u0142owego (e-book) - skydiveatmosfera.shop\" \/>\n<meta property=\"og:description\" content=\"To zupe\u0142nie inna pozycja z serii SKYDIVING. Chocia\u017c ma wiele wsp\u00f3lnego ze spadochroniarstwem, nie jest to ani poradnik, ani podr\u0119cznik. Zawiera za to emocjonuj\u0105ce i humorem, dystansem, a tak\u017ce odrobin\u0105 sarkazmu opisane wydarzenia, kt\u00f3re mia\u0142y miejsce i felietony na tematy spadochronowe. W drugiej cz\u0119\u015bci czytelnicy znajd\u0105 zebrane i uaktualnione przygody skoczka Leona. Kurs AFF na polskich strefach zrzutu pisany z du\u017c\u0105 doz\u0105 przekontrastowania i przerysowania. Oczywi\u015bcie jest to ca\u0142kowita fikcja, zgodnie z opisem na ok\u0142adce.  Zapraszamy do lu\u017anej lektury w przerwie pomi\u0119dzy innymi powa\u017cnymi pozycjami serii SKYDIVING. Ebook dost\u0119pny w wersji PDF, EBUP oraz MOBI.\" \/>\n<meta property=\"og:url\" content=\"https:\/\/skydiveatmosfera.shop\/index.php\/product\/opowiesci-drzewa-sandalowego\/\" \/>\n<meta property=\"og:site_name\" content=\"skydiveatmosfera.shop\" \/>\n<meta property=\"article:publisher\" content=\"https:\/\/www.facebook.com\/skydiveatmosferashop\/\" \/>\n<meta property=\"article:modified_time\" content=\"2025-08-16T11:59:40+00:00\" \/>\n<meta property=\"og:image\" content=\"https:\/\/skydiveatmosfera.shop\/wp-content\/uploads\/2020\/11\/Okladkadrzewosandalowe-727x1024-2.png\" \/>\n\t<meta property=\"og:image:width\" content=\"727\" \/>\n\t<meta property=\"og:image:height\" content=\"1024\" \/>\n\t<meta property=\"og:image:type\" content=\"image\/png\" \/>\n<meta name=\"twitter:card\" content=\"summary_large_image\" \/>\n<script type=\"application\/ld+json\" class=\"yoast-schema-graph\">{\"@context\":\"https:\/\/schema.org\",\"@graph\":[{\"@type\":\"WebPage\",\"@id\":\"https:\/\/skydiveatmosfera.shop\/index.php\/product\/opowiesci-drzewa-sandalowego\/\",\"url\":\"https:\/\/skydiveatmosfera.shop\/index.php\/product\/opowiesci-drzewa-sandalowego\/\",\"name\":\"Opowie\u015bci Drzewa Sanda\u0142owego (e-book) - skydiveatmosfera.shop\",\"isPartOf\":{\"@id\":\"https:\/\/skydiveatmosfera.shop\/#website\"},\"primaryImageOfPage\":{\"@id\":\"https:\/\/skydiveatmosfera.shop\/index.php\/product\/opowiesci-drzewa-sandalowego\/#primaryimage\"},\"image\":{\"@id\":\"https:\/\/skydiveatmosfera.shop\/index.php\/product\/opowiesci-drzewa-sandalowego\/#primaryimage\"},\"thumbnailUrl\":\"https:\/\/skydiveatmosfera.shop\/wp-content\/uploads\/2020\/11\/Okladkadrzewosandalowe-727x1024-2.png\",\"datePublished\":\"2020-11-27T13:20:15+00:00\",\"dateModified\":\"2025-08-16T11:59:40+00:00\",\"breadcrumb\":{\"@id\":\"https:\/\/skydiveatmosfera.shop\/index.php\/product\/opowiesci-drzewa-sandalowego\/#breadcrumb\"},\"inLanguage\":\"en-US\",\"potentialAction\":[{\"@type\":\"ReadAction\",\"target\":[\"https:\/\/skydiveatmosfera.shop\/index.php\/product\/opowiesci-drzewa-sandalowego\/\"]}]},{\"@type\":\"ImageObject\",\"inLanguage\":\"en-US\",\"@id\":\"https:\/\/skydiveatmosfera.shop\/index.php\/product\/opowiesci-drzewa-sandalowego\/#primaryimage\",\"url\":\"https:\/\/skydiveatmosfera.shop\/wp-content\/uploads\/2020\/11\/Okladkadrzewosandalowe-727x1024-2.png\",\"contentUrl\":\"https:\/\/skydiveatmosfera.shop\/wp-content\/uploads\/2020\/11\/Okladkadrzewosandalowe-727x1024-2.png\",\"width\":727,\"height\":1024,\"caption\":\"skydiving ebooks opowiesci drzewa sandalowego\"},{\"@type\":\"BreadcrumbList\",\"@id\":\"https:\/\/skydiveatmosfera.shop\/index.php\/product\/opowiesci-drzewa-sandalowego\/#breadcrumb\",\"itemListElement\":[{\"@type\":\"ListItem\",\"position\":1,\"name\":\"Home\",\"item\":\"https:\/\/skydiveatmosfera.shop\/\"},{\"@type\":\"ListItem\",\"position\":2,\"name\":\"Store\",\"item\":\"https:\/\/skydiveatmosfera.shop\/\"},{\"@type\":\"ListItem\",\"position\":3,\"name\":\"Opowie\u015bci Drzewa Sanda\u0142owego (e-book)\"}]},{\"@type\":\"WebSite\",\"@id\":\"https:\/\/skydiveatmosfera.shop\/#website\",\"url\":\"https:\/\/skydiveatmosfera.shop\/\",\"name\":\"skydiveatmosfera.shop\",\"description\":\"Gear picked by instructors. Not influencers. Not dealers. \ud83d\udc49 Used by jumpers. \ud83d\udc49 Not hyped by ads\",\"publisher\":{\"@id\":\"https:\/\/skydiveatmosfera.shop\/#organization\"},\"potentialAction\":[{\"@type\":\"SearchAction\",\"target\":{\"@type\":\"EntryPoint\",\"urlTemplate\":\"https:\/\/skydiveatmosfera.shop\/?s={search_term_string}\"},\"query-input\":{\"@type\":\"PropertyValueSpecification\",\"valueRequired\":true,\"valueName\":\"search_term_string\"}}],\"inLanguage\":\"en-US\"},{\"@type\":\"Organization\",\"@id\":\"https:\/\/skydiveatmosfera.shop\/#organization\",\"name\":\"skydiveatmosfera.shop\",\"url\":\"https:\/\/skydiveatmosfera.shop\/\",\"logo\":{\"@type\":\"ImageObject\",\"inLanguage\":\"en-US\",\"@id\":\"https:\/\/skydiveatmosfera.shop\/#\/schema\/logo\/image\/\",\"url\":\"https:\/\/skydiveatmosfera.shop\/wp-content\/uploads\/2025\/07\/Logo-SA-Shop-duze.png\",\"contentUrl\":\"https:\/\/skydiveatmosfera.shop\/wp-content\/uploads\/2025\/07\/Logo-SA-Shop-duze.png\",\"width\":813,\"height\":813,\"caption\":\"skydiveatmosfera.shop\"},\"image\":{\"@id\":\"https:\/\/skydiveatmosfera.shop\/#\/schema\/logo\/image\/\"},\"sameAs\":[\"https:\/\/www.facebook.com\/skydiveatmosferashop\/\",\"https:\/\/www.instagram.com\/skydiveatmosfera_shop\/\"]}]}<\/script>\n<!-- \/ Yoast SEO plugin. -->","yoast_head_json":{"title":"Opowie\u015bci Drzewa Sanda\u0142owego (e-book) - skydiveatmosfera.shop","robots":{"index":"index","follow":"follow","max-snippet":"max-snippet:-1","max-image-preview":"max-image-preview:large","max-video-preview":"max-video-preview:-1"},"canonical":"https:\/\/skydiveatmosfera.shop\/index.php\/product\/opowiesci-drzewa-sandalowego\/","og_locale":"en_US","og_type":"article","og_title":"Opowie\u015bci Drzewa Sanda\u0142owego (e-book) - skydiveatmosfera.shop","og_description":"To zupe\u0142nie inna pozycja z serii SKYDIVING. Chocia\u017c ma wiele wsp\u00f3lnego ze spadochroniarstwem, nie jest to ani poradnik, ani podr\u0119cznik. Zawiera za to emocjonuj\u0105ce i humorem, dystansem, a tak\u017ce odrobin\u0105 sarkazmu opisane wydarzenia, kt\u00f3re mia\u0142y miejsce i felietony na tematy spadochronowe. W drugiej cz\u0119\u015bci czytelnicy znajd\u0105 zebrane i uaktualnione przygody skoczka Leona. Kurs AFF na polskich strefach zrzutu pisany z du\u017c\u0105 doz\u0105 przekontrastowania i przerysowania. Oczywi\u015bcie jest to ca\u0142kowita fikcja, zgodnie z opisem na ok\u0142adce.  Zapraszamy do lu\u017anej lektury w przerwie pomi\u0119dzy innymi powa\u017cnymi pozycjami serii SKYDIVING. Ebook dost\u0119pny w wersji PDF, EBUP oraz MOBI.","og_url":"https:\/\/skydiveatmosfera.shop\/index.php\/product\/opowiesci-drzewa-sandalowego\/","og_site_name":"skydiveatmosfera.shop","article_publisher":"https:\/\/www.facebook.com\/skydiveatmosferashop\/","article_modified_time":"2025-08-16T11:59:40+00:00","og_image":[{"width":727,"height":1024,"url":"https:\/\/skydiveatmosfera.shop\/wp-content\/uploads\/2020\/11\/Okladkadrzewosandalowe-727x1024-2.png","type":"image\/png"}],"twitter_card":"summary_large_image","schema":{"@context":"https:\/\/schema.org","@graph":[{"@type":"WebPage","@id":"https:\/\/skydiveatmosfera.shop\/index.php\/product\/opowiesci-drzewa-sandalowego\/","url":"https:\/\/skydiveatmosfera.shop\/index.php\/product\/opowiesci-drzewa-sandalowego\/","name":"Opowie\u015bci Drzewa Sanda\u0142owego (e-book) - skydiveatmosfera.shop","isPartOf":{"@id":"https:\/\/skydiveatmosfera.shop\/#website"},"primaryImageOfPage":{"@id":"https:\/\/skydiveatmosfera.shop\/index.php\/product\/opowiesci-drzewa-sandalowego\/#primaryimage"},"image":{"@id":"https:\/\/skydiveatmosfera.shop\/index.php\/product\/opowiesci-drzewa-sandalowego\/#primaryimage"},"thumbnailUrl":"https:\/\/skydiveatmosfera.shop\/wp-content\/uploads\/2020\/11\/Okladkadrzewosandalowe-727x1024-2.png","datePublished":"2020-11-27T13:20:15+00:00","dateModified":"2025-08-16T11:59:40+00:00","breadcrumb":{"@id":"https:\/\/skydiveatmosfera.shop\/index.php\/product\/opowiesci-drzewa-sandalowego\/#breadcrumb"},"inLanguage":"en-US","potentialAction":[{"@type":"ReadAction","target":["https:\/\/skydiveatmosfera.shop\/index.php\/product\/opowiesci-drzewa-sandalowego\/"]}]},{"@type":"ImageObject","inLanguage":"en-US","@id":"https:\/\/skydiveatmosfera.shop\/index.php\/product\/opowiesci-drzewa-sandalowego\/#primaryimage","url":"https:\/\/skydiveatmosfera.shop\/wp-content\/uploads\/2020\/11\/Okladkadrzewosandalowe-727x1024-2.png","contentUrl":"https:\/\/skydiveatmosfera.shop\/wp-content\/uploads\/2020\/11\/Okladkadrzewosandalowe-727x1024-2.png","width":727,"height":1024,"caption":"skydiving ebooks opowiesci drzewa sandalowego"},{"@type":"BreadcrumbList","@id":"https:\/\/skydiveatmosfera.shop\/index.php\/product\/opowiesci-drzewa-sandalowego\/#breadcrumb","itemListElement":[{"@type":"ListItem","position":1,"name":"Home","item":"https:\/\/skydiveatmosfera.shop\/"},{"@type":"ListItem","position":2,"name":"Store","item":"https:\/\/skydiveatmosfera.shop\/"},{"@type":"ListItem","position":3,"name":"Opowie\u015bci Drzewa Sanda\u0142owego (e-book)"}]},{"@type":"WebSite","@id":"https:\/\/skydiveatmosfera.shop\/#website","url":"https:\/\/skydiveatmosfera.shop\/","name":"skydiveatmosfera.shop","description":"Gear picked by instructors. Not influencers. Not dealers. \ud83d\udc49 Used by jumpers. \ud83d\udc49 Not hyped by ads","publisher":{"@id":"https:\/\/skydiveatmosfera.shop\/#organization"},"potentialAction":[{"@type":"SearchAction","target":{"@type":"EntryPoint","urlTemplate":"https:\/\/skydiveatmosfera.shop\/?s={search_term_string}"},"query-input":{"@type":"PropertyValueSpecification","valueRequired":true,"valueName":"search_term_string"}}],"inLanguage":"en-US"},{"@type":"Organization","@id":"https:\/\/skydiveatmosfera.shop\/#organization","name":"skydiveatmosfera.shop","url":"https:\/\/skydiveatmosfera.shop\/","logo":{"@type":"ImageObject","inLanguage":"en-US","@id":"https:\/\/skydiveatmosfera.shop\/#\/schema\/logo\/image\/","url":"https:\/\/skydiveatmosfera.shop\/wp-content\/uploads\/2025\/07\/Logo-SA-Shop-duze.png","contentUrl":"https:\/\/skydiveatmosfera.shop\/wp-content\/uploads\/2025\/07\/Logo-SA-Shop-duze.png","width":813,"height":813,"caption":"skydiveatmosfera.shop"},"image":{"@id":"https:\/\/skydiveatmosfera.shop\/#\/schema\/logo\/image\/"},"sameAs":["https:\/\/www.facebook.com\/skydiveatmosferashop\/","https:\/\/www.instagram.com\/skydiveatmosfera_shop\/"]}]}},"jetpack-related-posts":[],"jetpack_sharing_enabled":true,"brands":[{"id":335,"name":"Skydive Atmosfera Books","slug":"skydive-atmosfera-books"},{"id":260,"name":"Skydive Atmosfera Exclusive","slug":"skydive-atmosfera-exclusive"}],"_links":{"self":[{"href":"https:\/\/skydiveatmosfera.shop\/index.php\/wp-json\/wp\/v2\/product\/1530","targetHints":{"allow":["GET"]}}],"collection":[{"href":"https:\/\/skydiveatmosfera.shop\/index.php\/wp-json\/wp\/v2\/product"}],"about":[{"href":"https:\/\/skydiveatmosfera.shop\/index.php\/wp-json\/wp\/v2\/types\/product"}],"wp:featuredmedia":[{"embeddable":true,"href":"https:\/\/skydiveatmosfera.shop\/index.php\/wp-json\/wp\/v2\/media\/1537"}],"wp:attachment":[{"href":"https:\/\/skydiveatmosfera.shop\/index.php\/wp-json\/wp\/v2\/media?parent=1530"}],"wp:term":[{"taxonomy":"pwb-brand","embeddable":true,"href":"https:\/\/skydiveatmosfera.shop\/index.php\/wp-json\/wp\/v2\/pwb-brand?post=1530"},{"taxonomy":"product_brand","embeddable":true,"href":"https:\/\/skydiveatmosfera.shop\/index.php\/wp-json\/wp\/v2\/product_brand?post=1530"},{"taxonomy":"product_cat","embeddable":true,"href":"https:\/\/skydiveatmosfera.shop\/index.php\/wp-json\/wp\/v2\/product_cat?post=1530"},{"taxonomy":"product_tag","embeddable":true,"href":"https:\/\/skydiveatmosfera.shop\/index.php\/wp-json\/wp\/v2\/product_tag?post=1530"}],"curies":[{"name":"wp","href":"https:\/\/api.w.org\/{rel}","templated":true}]}}