{"id":3037,"date":"2021-11-28T15:37:12","date_gmt":"2021-11-28T15:37:12","guid":{"rendered":"https:\/\/skydiveatmosfera.shop\/index.php\/hogar\/"},"modified":"2021-11-29T14:54:00","modified_gmt":"2021-11-29T14:54:00","slug":"home","status":"publish","type":"page","link":"https:\/\/skydiveatmosfera.shop\/es\/index.php\/home\/","title":{"rendered":"Home"},"content":{"rendered":"<h1><a href=\"https:\/\/crazy4skydive.com\/index.php\/product-category\/gear\/\">Paquete de equipo completo<\/a><\/h1>\n<h3>al mejor precio y servicio<\/h3>\n<p><a href=\"https:\/\/crazy4skydive.com\/index.php\/product-category\/gear\/\" role=\"button\"><br \/>\nCompra ahora<br \/>\n<\/a><br \/>\n<a href=\"https:\/\/crazy4skydive.com\/index.php\/product-category\/gear\/\" role=\"button\"><br \/>\nEncuentra m\u00e1s<br \/>\n<\/a><\/p>\n<figure><\/figure>\n<figure><\/figure>\n<figure><\/figure>\n<figure><\/figure>\n<figure><\/figure>\n<figure><\/figure>\n<figure><\/figure>\n<h2>\u00a1Salto en globo aerost\u00e1tico!<\/h2>\n<p>Nuestra \u00faltima atracci\u00f3n: salta en paraca\u00eddas o \u00fanete como pasajero<\/p>\n<p><a href=\"https:\/\/crazy4skydive.com\/index.php\/salto-en-globo-hot-air-balloon-skydive\/\" role=\"button\"><br \/>\nM\u00e1s informaci\u00f3n (ESP)<br \/>\n<\/a><\/p>\n<h2>Sudadera Skydiving New Design<\/h2>\n<p>\u00a1Imprescindible para el invierno!<\/p>\n<p><a href=\"https:\/\/crazy4skydive.com\/index.php\/product\/skydiving-hoodie-high-risk\/\" role=\"button\"><br \/>\nElige el color ahora<br \/>\n<\/a><\/p>\n<h2>Nunca es suficiente<br \/>\npara saber mas<\/h2>\n<p>Ebooks de la serie de paracaidismo: \u00a1su pasaporte hacia la seguridad y el crecimiento!<\/p>\n<p><a href=\"https:\/\/crazy4skydive.com\/index.php\/product-category\/ebooks\/\" role=\"button\"><br \/>\nVerificar<br \/>\n<\/a><\/p>\n<h2>Productos Destacados<\/h2>\n<div class=\"woocommerce columns-5 \"><\/div>\n<h4>Oferta por tiempo limitado<\/h4>\n<h2>Edici\u00f3n especial &#8211; SWS FIRE 2<\/h2>\n<p>Conoce la \u00faltima actualizaci\u00f3n de nuestro contenedor de paracaidismo m\u00e1s popular.<\/p>\n<h6>Saber m\u00e1s<\/h6>\n<p><a href=\"http:\/\/checkout-page\/\" role=\"button\"><br \/>\nCompra ahora<br \/>\n<\/a><\/p>\n<figure><img decoding=\"async\" width=\"120\" height=\"120\" src=\"http:\/\/crazy4skydive.com\/wp-content\/uploads\/2018\/12\/globe-free-img.png\" alt=\"\" loading=\"lazy\" srcset=\"https:\/\/i2.wp.com\/crazy4skydive.com\/wp-content\/uploads\/2018\/12\/globe-free-img.png?w=120 120w, https:\/\/i2.wp.com\/crazy4skydive.com\/wp-content\/uploads\/2018\/12\/globe-free-img.png?resize=100%2C100 100w\" sizes=\"auto, (max-width: 120px) 100vw, 120px\"><\/figure>\n<h5>Env\u00edo al mundo entero<\/h5>\n<p>Aunque preferimos la recogida personal, enviamos su equipo a su puerta.<\/p>\n<figure><img decoding=\"async\" width=\"120\" height=\"120\" src=\"http:\/\/crazy4skydive.com\/wp-content\/uploads\/2018\/12\/quality-free-img.png\" alt=\"\" loading=\"lazy\" srcset=\"https:\/\/i2.wp.com\/crazy4skydive.com\/wp-content\/uploads\/2018\/12\/quality-free-img.png?w=120 120w, https:\/\/i2.wp.com\/crazy4skydive.com\/wp-content\/uploads\/2018\/12\/quality-free-img.png?resize=100%2C100 100w\" sizes=\"auto, (max-width: 120px) 100vw, 120px\"><\/figure>\n<h5>Mejor calidad<\/h5>\n<p>Solo ofertas hechas a medida, marcas cuidadosamente seleccionadas y probadas. Por su seguridad y placer.<\/p>\n<figure><img decoding=\"async\" width=\"120\" height=\"120\" src=\"http:\/\/crazy4skydive.com\/wp-content\/uploads\/2018\/12\/tag-free-img.png\" alt=\"\" loading=\"lazy\" srcset=\"https:\/\/i2.wp.com\/crazy4skydive.com\/wp-content\/uploads\/2018\/12\/tag-free-img.png?w=120 120w, https:\/\/i2.wp.com\/crazy4skydive.com\/wp-content\/uploads\/2018\/12\/tag-free-img.png?resize=100%2C100 100w\" sizes=\"auto, (max-width: 120px) 100vw, 120px\"><\/figure>\n<h5>Mejores ofertas<\/h5>\n<p>Respetamos su tiempo, dinero y experiencia, trabajando para brindarle el mejor producto o servicio de calidad &#8211; precio.<\/p>\n<figure><img decoding=\"async\" width=\"120\" height=\"120\" src=\"http:\/\/crazy4skydive.com\/wp-content\/uploads\/2018\/12\/lock-free-img.png\" alt=\"\" loading=\"lazy\" srcset=\"https:\/\/i2.wp.com\/crazy4skydive.com\/wp-content\/uploads\/2018\/12\/lock-free-img.png?w=120 120w, https:\/\/i2.wp.com\/crazy4skydive.com\/wp-content\/uploads\/2018\/12\/lock-free-img.png?resize=100%2C100 100w\" sizes=\"auto, (max-width: 120px) 100vw, 120px\"><\/figure>\n<h5>Pagos seguros<\/h5>\n<p>Hasta ahora nos limitamos a las transferencias bancarias, intentando eliminar a los intermediarios.<\/p>\n","protected":false},"excerpt":{"rendered":"<p>Paquete de equipo completo al mejor precio y servicio Compra ahora Encuentra m\u00e1s \u00a1Salto en globo aerost\u00e1tico! Nuestra \u00faltima atracci\u00f3n: salta en paraca\u00eddas o \u00fanete como pasajero M\u00e1s informaci\u00f3n (ESP) Sudadera Skydiving New Design \u00a1Imprescindible para el invierno! Elige el color ahora Nunca es suficiente para saber mas Ebooks de [&hellip;]<\/p>\n","protected":false},"author":1,"featured_media":0,"parent":0,"menu_order":0,"comment_status":"closed","ping_status":"closed","template":"","meta":{"_themeisle_gutenberg_block_has_review":false,"footnotes":""},"class_list":["post-3037","page","type-page","status-publish","hentry"],"yoast_head":"<!-- This site is optimized with the Yoast SEO plugin v27.1.1 - https:\/\/yoast.com\/product\/yoast-seo-wordpress\/ -->\n<title>Home - skydiveatmosfera.shop<\/title>\n<meta name=\"robots\" content=\"index, follow, max-snippet:-1, max-image-preview:large, max-video-preview:-1\" \/>\n<link rel=\"canonical\" href=\"https:\/\/skydiveatmosfera.shop\/es\/index.php\/home\/\" \/>\n<meta property=\"og:locale\" content=\"es_ES\" \/>\n<meta property=\"og:type\" content=\"article\" \/>\n<meta property=\"og:title\" content=\"Home - skydiveatmosfera.shop\" \/>\n<meta property=\"og:description\" content=\"Paquete de equipo completo al mejor precio y servicio Compra ahora Encuentra m\u00e1s \u00a1Salto en globo aerost\u00e1tico! Nuestra \u00faltima atracci\u00f3n: salta en paraca\u00eddas o \u00fanete como pasajero M\u00e1s informaci\u00f3n (ESP) Sudadera Skydiving New Design \u00a1Imprescindible para el invierno! Elige el color ahora Nunca es suficiente para saber mas Ebooks de [&hellip;]\" \/>\n<meta property=\"og:url\" content=\"https:\/\/skydiveatmosfera.shop\/es\/index.php\/home\/\" \/>\n<meta property=\"og:site_name\" content=\"skydiveatmosfera.shop\" \/>\n<meta property=\"article:publisher\" content=\"https:\/\/www.facebook.com\/skydiveatmosferashop\/\" \/>\n<meta property=\"article:modified_time\" content=\"2021-11-29T14:54:00+00:00\" \/>\n<meta property=\"og:image\" content=\"http:\/\/crazy4skydive.com\/wp-content\/uploads\/2018\/12\/globe-free-img.png\" \/>\n<meta name=\"twitter:card\" content=\"summary_large_image\" \/>\n<script type=\"application\/ld+json\" class=\"yoast-schema-graph\">{\"@context\":\"https:\/\/schema.org\",\"@graph\":[{\"@type\":\"WebPage\",\"@id\":\"https:\/\/skydiveatmosfera.shop\/es\/index.php\/home\/\",\"url\":\"https:\/\/skydiveatmosfera.shop\/es\/index.php\/home\/\",\"name\":\"Home - skydiveatmosfera.shop\",\"isPartOf\":{\"@id\":\"https:\/\/skydiveatmosfera.shop\/es\/#website\"},\"primaryImageOfPage\":{\"@id\":\"https:\/\/skydiveatmosfera.shop\/es\/index.php\/home\/#primaryimage\"},\"image\":{\"@id\":\"https:\/\/skydiveatmosfera.shop\/es\/index.php\/home\/#primaryimage\"},\"thumbnailUrl\":\"http:\/\/crazy4skydive.com\/wp-content\/uploads\/2018\/12\/globe-free-img.png\",\"datePublished\":\"2021-11-28T15:37:12+00:00\",\"dateModified\":\"2021-11-29T14:54:00+00:00\",\"breadcrumb\":{\"@id\":\"https:\/\/skydiveatmosfera.shop\/es\/index.php\/home\/#breadcrumb\"},\"inLanguage\":\"es\",\"potentialAction\":[{\"@type\":\"ReadAction\",\"target\":[\"https:\/\/skydiveatmosfera.shop\/es\/index.php\/home\/\"]}]},{\"@type\":\"ImageObject\",\"inLanguage\":\"es\",\"@id\":\"https:\/\/skydiveatmosfera.shop\/es\/index.php\/home\/#primaryimage\",\"url\":\"http:\/\/crazy4skydive.com\/wp-content\/uploads\/2018\/12\/globe-free-img.png\",\"contentUrl\":\"http:\/\/crazy4skydive.com\/wp-content\/uploads\/2018\/12\/globe-free-img.png\"},{\"@type\":\"BreadcrumbList\",\"@id\":\"https:\/\/skydiveatmosfera.shop\/es\/index.php\/home\/#breadcrumb\",\"itemListElement\":[{\"@type\":\"ListItem\",\"position\":1,\"name\":\"Home\",\"item\":\"https:\/\/skydiveatmosfera.shop\/es\/index.php\/pagina-delantera\/\"},{\"@type\":\"ListItem\",\"position\":2,\"name\":\"Home\"}]},{\"@type\":\"WebSite\",\"@id\":\"https:\/\/skydiveatmosfera.shop\/es\/#website\",\"url\":\"https:\/\/skydiveatmosfera.shop\/es\/\",\"name\":\"skydiveatmosfera.shop\",\"description\":\"Gear picked by instructors. Not influencers. Not dealers. \ud83d\udc49 Used by jumpers. \ud83d\udc49 Not hyped by ads\",\"publisher\":{\"@id\":\"https:\/\/skydiveatmosfera.shop\/es\/#organization\"},\"potentialAction\":[{\"@type\":\"SearchAction\",\"target\":{\"@type\":\"EntryPoint\",\"urlTemplate\":\"https:\/\/skydiveatmosfera.shop\/es\/?s={search_term_string}\"},\"query-input\":{\"@type\":\"PropertyValueSpecification\",\"valueRequired\":true,\"valueName\":\"search_term_string\"}}],\"inLanguage\":\"es\"},{\"@type\":\"Organization\",\"@id\":\"https:\/\/skydiveatmosfera.shop\/es\/#organization\",\"name\":\"skydiveatmosfera.shop\",\"url\":\"https:\/\/skydiveatmosfera.shop\/es\/\",\"logo\":{\"@type\":\"ImageObject\",\"inLanguage\":\"es\",\"@id\":\"https:\/\/skydiveatmosfera.shop\/es\/#\/schema\/logo\/image\/\",\"url\":\"https:\/\/skydiveatmosfera.shop\/wp-content\/uploads\/2025\/07\/Logo-SA-Shop-duze.png\",\"contentUrl\":\"https:\/\/skydiveatmosfera.shop\/wp-content\/uploads\/2025\/07\/Logo-SA-Shop-duze.png\",\"width\":813,\"height\":813,\"caption\":\"skydiveatmosfera.shop\"},\"image\":{\"@id\":\"https:\/\/skydiveatmosfera.shop\/es\/#\/schema\/logo\/image\/\"},\"sameAs\":[\"https:\/\/www.facebook.com\/skydiveatmosferashop\/\",\"https:\/\/www.instagram.com\/skydiveatmosfera_shop\/\"]}]}<\/script>\n<!-- \/ Yoast SEO plugin. -->","yoast_head_json":{"title":"Home - skydiveatmosfera.shop","robots":{"index":"index","follow":"follow","max-snippet":"max-snippet:-1","max-image-preview":"max-image-preview:large","max-video-preview":"max-video-preview:-1"},"canonical":"https:\/\/skydiveatmosfera.shop\/es\/index.php\/home\/","og_locale":"es_ES","og_type":"article","og_title":"Home - skydiveatmosfera.shop","og_description":"Paquete de equipo completo al mejor precio y servicio Compra ahora Encuentra m\u00e1s \u00a1Salto en globo aerost\u00e1tico! Nuestra \u00faltima atracci\u00f3n: salta en paraca\u00eddas o \u00fanete como pasajero M\u00e1s informaci\u00f3n (ESP) Sudadera Skydiving New Design \u00a1Imprescindible para el invierno! Elige el color ahora Nunca es suficiente para saber mas Ebooks de [&hellip;]","og_url":"https:\/\/skydiveatmosfera.shop\/es\/index.php\/home\/","og_site_name":"skydiveatmosfera.shop","article_publisher":"https:\/\/www.facebook.com\/skydiveatmosferashop\/","article_modified_time":"2021-11-29T14:54:00+00:00","og_image":[{"url":"http:\/\/crazy4skydive.com\/wp-content\/uploads\/2018\/12\/globe-free-img.png","type":"","width":"","height":""}],"twitter_card":"summary_large_image","schema":{"@context":"https:\/\/schema.org","@graph":[{"@type":"WebPage","@id":"https:\/\/skydiveatmosfera.shop\/es\/index.php\/home\/","url":"https:\/\/skydiveatmosfera.shop\/es\/index.php\/home\/","name":"Home - skydiveatmosfera.shop","isPartOf":{"@id":"https:\/\/skydiveatmosfera.shop\/es\/#website"},"primaryImageOfPage":{"@id":"https:\/\/skydiveatmosfera.shop\/es\/index.php\/home\/#primaryimage"},"image":{"@id":"https:\/\/skydiveatmosfera.shop\/es\/index.php\/home\/#primaryimage"},"thumbnailUrl":"http:\/\/crazy4skydive.com\/wp-content\/uploads\/2018\/12\/globe-free-img.png","datePublished":"2021-11-28T15:37:12+00:00","dateModified":"2021-11-29T14:54:00+00:00","breadcrumb":{"@id":"https:\/\/skydiveatmosfera.shop\/es\/index.php\/home\/#breadcrumb"},"inLanguage":"es","potentialAction":[{"@type":"ReadAction","target":["https:\/\/skydiveatmosfera.shop\/es\/index.php\/home\/"]}]},{"@type":"ImageObject","inLanguage":"es","@id":"https:\/\/skydiveatmosfera.shop\/es\/index.php\/home\/#primaryimage","url":"http:\/\/crazy4skydive.com\/wp-content\/uploads\/2018\/12\/globe-free-img.png","contentUrl":"http:\/\/crazy4skydive.com\/wp-content\/uploads\/2018\/12\/globe-free-img.png"},{"@type":"BreadcrumbList","@id":"https:\/\/skydiveatmosfera.shop\/es\/index.php\/home\/#breadcrumb","itemListElement":[{"@type":"ListItem","position":1,"name":"Home","item":"https:\/\/skydiveatmosfera.shop\/es\/index.php\/pagina-delantera\/"},{"@type":"ListItem","position":2,"name":"Home"}]},{"@type":"WebSite","@id":"https:\/\/skydiveatmosfera.shop\/es\/#website","url":"https:\/\/skydiveatmosfera.shop\/es\/","name":"skydiveatmosfera.shop","description":"Gear picked by instructors. Not influencers. Not dealers. \ud83d\udc49 Used by jumpers. \ud83d\udc49 Not hyped by ads","publisher":{"@id":"https:\/\/skydiveatmosfera.shop\/es\/#organization"},"potentialAction":[{"@type":"SearchAction","target":{"@type":"EntryPoint","urlTemplate":"https:\/\/skydiveatmosfera.shop\/es\/?s={search_term_string}"},"query-input":{"@type":"PropertyValueSpecification","valueRequired":true,"valueName":"search_term_string"}}],"inLanguage":"es"},{"@type":"Organization","@id":"https:\/\/skydiveatmosfera.shop\/es\/#organization","name":"skydiveatmosfera.shop","url":"https:\/\/skydiveatmosfera.shop\/es\/","logo":{"@type":"ImageObject","inLanguage":"es","@id":"https:\/\/skydiveatmosfera.shop\/es\/#\/schema\/logo\/image\/","url":"https:\/\/skydiveatmosfera.shop\/wp-content\/uploads\/2025\/07\/Logo-SA-Shop-duze.png","contentUrl":"https:\/\/skydiveatmosfera.shop\/wp-content\/uploads\/2025\/07\/Logo-SA-Shop-duze.png","width":813,"height":813,"caption":"skydiveatmosfera.shop"},"image":{"@id":"https:\/\/skydiveatmosfera.shop\/es\/#\/schema\/logo\/image\/"},"sameAs":["https:\/\/www.facebook.com\/skydiveatmosferashop\/","https:\/\/www.instagram.com\/skydiveatmosfera_shop\/"]}]}},"jetpack-related-posts":[],"jetpack_sharing_enabled":true,"_links":{"self":[{"href":"https:\/\/skydiveatmosfera.shop\/es\/index.php\/wp-json\/wp\/v2\/pages\/3037","targetHints":{"allow":["GET"]}}],"collection":[{"href":"https:\/\/skydiveatmosfera.shop\/es\/index.php\/wp-json\/wp\/v2\/pages"}],"about":[{"href":"https:\/\/skydiveatmosfera.shop\/es\/index.php\/wp-json\/wp\/v2\/types\/page"}],"author":[{"embeddable":true,"href":"https:\/\/skydiveatmosfera.shop\/es\/index.php\/wp-json\/wp\/v2\/users\/1"}],"replies":[{"embeddable":true,"href":"https:\/\/skydiveatmosfera.shop\/es\/index.php\/wp-json\/wp\/v2\/comments?post=3037"}],"version-history":[{"count":2,"href":"https:\/\/skydiveatmosfera.shop\/es\/index.php\/wp-json\/wp\/v2\/pages\/3037\/revisions"}],"predecessor-version":[{"id":3103,"href":"https:\/\/skydiveatmosfera.shop\/es\/index.php\/wp-json\/wp\/v2\/pages\/3037\/revisions\/3103"}],"wp:attachment":[{"href":"https:\/\/skydiveatmosfera.shop\/es\/index.php\/wp-json\/wp\/v2\/media?parent=3037"}],"curies":[{"name":"wp","href":"https:\/\/api.w.org\/{rel}","templated":true}]}}