{"id":3016,"date":"2021-11-28T15:37:00","date_gmt":"2021-11-28T15:37:00","guid":{"rendered":"https:\/\/skydiveatmosfera.shop\/index.php\/politica-de-privacidad\/"},"modified":"2024-10-20T11:49:16","modified_gmt":"2024-10-20T11:49:16","slug":"politica-de-privacidad","status":"publish","type":"page","link":"https:\/\/skydiveatmosfera.shop\/es\/index.php\/politica-de-privacidad\/","title":{"rendered":"Pol\u00edtica de privacidad"},"content":{"rendered":"\n<p><strong>Quienes somos<\/strong><\/p>\n\n<p>La direcci\u00f3n de nuestro sitio web es: <a href=\"http:\/\/skydiveatmosfera.shop\">http:\/\/skydiveatmosfera.shop<\/a><\/p>\n\n<p><strong>Qu\u00e9 datos personales recopilamos y por qu\u00e9 los recopilamos<\/strong><\/p>\n\n<p><strong>Comentarios<\/strong><\/p>\n\n<p>Cuando los visitantes dejan comentarios en el sitio, recogemos los datos que aparecen en el formulario de comentarios, as\u00ed como la direcci\u00f3n IP del visitante y la cadena de agentes de usuario del navegador para ayudar a detectar el spam.<\/p>\n\n<p>Se puede proporcionar al servicio Gravatar una cadena anonimizada creada a partir de tu direcci\u00f3n de correo electr\u00f3nico (tambi\u00e9n llamada hash) para determinar si la est\u00e1s utilizando. La pol\u00edtica de privacidad del servicio Gravatar est\u00e1 disponible <a href=\"https:\/\/automattic.com\/privacy\/\">aqu\u00ed<\/a>. Una vez aprobado tu comentario, tu foto de perfil (si la hay) ser\u00e1 visible para el p\u00fablico en el contexto de tu comentario.  <\/p>\n\n<p><strong>Medios de comunicaci\u00f3n<\/strong><\/p>\n\n<p>Si subes im\u00e1genes al sitio web, evita incluir datos de localizaci\u00f3n incrustados (EXIF GPS). Los visitantes del sitio pueden descargar y extraer datos de localizaci\u00f3n de las im\u00e1genes del sitio.<\/p>\n\n<p><strong>Formularios de contacto<\/strong><\/p>\n\n<p>La informaci\u00f3n enviada a trav\u00e9s de los formularios de contacto se recoge con fines de servicio al cliente y no se utiliza con fines de marketing, a menos que se especifique lo contrario.<\/p>\n\n<p><strong>Galletas<\/strong><\/p>\n\n<p>Si dejas un comentario, puedes optar por guardar tu nombre, direcci\u00f3n de correo electr\u00f3nico y sitio web en cookies. \u00c9stas son para tu comodidad y durar\u00e1n un a\u00f1o, para que no tengas que volver a introducir tus datos al dejar otro comentario. <\/p>\n\n<p>Cuando visitas nuestra p\u00e1gina de inicio de sesi\u00f3n, establecemos una cookie temporal para determinar si tu navegador acepta cookies. Esta cookie no contiene datos personales y se descarta cuando cierra su navegador.<\/p>\n\n<p>Cuando te conectas, instalamos cookies para guardar tu informaci\u00f3n de acceso y tus preferencias de visualizaci\u00f3n en pantalla. Las cookies de inicio de sesi\u00f3n duran dos d\u00edas, y las cookies de opci\u00f3n de pantalla duran un a\u00f1o. Si seleccionas \u00abRecordarme\u00bb, tu inicio de sesi\u00f3n persistir\u00e1 durante dos semanas. Si cierras la sesi\u00f3n, se eliminar\u00e1n las cookies de inicio de sesi\u00f3n.<\/p>\n\n<p>Si edita o publica un art\u00edculo, se guardar\u00e1 una cookie adicional en su navegador. Esta cookie no contiene datos personales y caduca al cabo de un d\u00eda.<\/p>\n\n<p><strong>Contenido incrustado de otros sitios web<\/strong><\/p>\n\n<p>Los art\u00edculos de este sitio pueden incluir contenido incrustado (por ejemplo, v\u00eddeos, im\u00e1genes, art\u00edculos, etc.). El contenido incrustado de otros sitios web se comporta como si visitaras ese sitio directamente.<\/p>\n\n<p>Estos sitios web pueden recopilar datos sobre ti, utilizar cookies, incrustar seguimiento adicional de terceros y controlar tu interacci\u00f3n con su contenido, incluido el seguimiento de tus interacciones si has iniciado sesi\u00f3n en su cuenta.<\/p>\n\n<p><strong>Con qui\u00e9n compartimos sus datos<\/strong><\/p>\n\n<p>Si solicita un restablecimiento de contrase\u00f1a, su direcci\u00f3n IP se incluir\u00e1 en el correo electr\u00f3nico de restablecimiento.<\/p>\n\n<p><strong>Cu\u00e1nto tiempo conservamos sus datos<\/strong><\/p>\n\n<p>Si deja un comentario, el comentario y sus metadatos se conservan indefinidamente. Esto nos permite reconocer y aprobar autom\u00e1ticamente los comentarios de seguimiento en lugar de retenerlos en una cola de moderaci\u00f3n.<\/p>\n\n<p>Para los usuarios que se registran en nuestro sitio web (si los hay), almacenamos la informaci\u00f3n personal que proporcionan en su perfil de usuario. Todos los usuarios pueden ver, editar o eliminar su informaci\u00f3n personal en cualquier momento (excepto su nombre de usuario). Los administradores del sitio web tambi\u00e9n pueden ver y editar esta informaci\u00f3n.<\/p>\n\n<p><strong>Tus derechos sobre tus datos<\/strong><\/p>\n\n<p>Si tienes una cuenta en este sitio o has dejado comentarios, puedes solicitar un archivo exportado de los datos personales que tenemos sobre ti, incluidos los datos que nos hayas proporcionado. Tambi\u00e9n puedes solicitar que borremos tus datos personales. Esto no incluye los datos que estamos obligados a conservar por motivos administrativos, legales o de seguridad.<\/p>\n\n<p><strong>Donde enviamos sus datos<\/strong><\/p>\n\n<p>Los comentarios de los visitantes pueden revisarse a trav\u00e9s de un servicio autom\u00e1tico de detecci\u00f3n de spam.<\/p>\n","protected":false},"excerpt":{"rendered":"<p>Quienes somos La direcci\u00f3n de nuestro sitio web es: http:\/\/skydiveatmosfera.shop Qu\u00e9 datos personales recopilamos y por qu\u00e9 los recopilamos Comentarios Cuando los visitantes dejan comentarios en el sitio, recogemos los datos que aparecen en el formulario de comentarios, as\u00ed como la direcci\u00f3n IP del visitante y la cadena de agentes [&hellip;]<\/p>\n","protected":false},"author":1,"featured_media":0,"parent":0,"menu_order":0,"comment_status":"closed","ping_status":"open","template":"","meta":{"_themeisle_gutenberg_block_has_review":false,"footnotes":""},"class_list":["post-3016","page","type-page","status-publish","hentry"],"yoast_head":"<!-- This site is optimized with the Yoast SEO plugin v27.1.1 - https:\/\/yoast.com\/product\/yoast-seo-wordpress\/ -->\n<title>Pol\u00edtica de privacidad - skydiveatmosfera.shop<\/title>\n<meta name=\"robots\" content=\"index, follow, max-snippet:-1, max-image-preview:large, max-video-preview:-1\" \/>\n<link rel=\"canonical\" href=\"https:\/\/skydiveatmosfera.shop\/es\/index.php\/politica-de-privacidad\/\" \/>\n<meta property=\"og:locale\" content=\"es_ES\" \/>\n<meta property=\"og:type\" content=\"article\" \/>\n<meta property=\"og:title\" content=\"Pol\u00edtica de privacidad - skydiveatmosfera.shop\" \/>\n<meta property=\"og:description\" content=\"Quienes somos La direcci\u00f3n de nuestro sitio web es: http:\/\/skydiveatmosfera.shop Qu\u00e9 datos personales recopilamos y por qu\u00e9 los recopilamos Comentarios Cuando los visitantes dejan comentarios en el sitio, recogemos los datos que aparecen en el formulario de comentarios, as\u00ed como la direcci\u00f3n IP del visitante y la cadena de agentes [&hellip;]\" \/>\n<meta property=\"og:url\" content=\"https:\/\/skydiveatmosfera.shop\/es\/index.php\/politica-de-privacidad\/\" \/>\n<meta property=\"og:site_name\" content=\"skydiveatmosfera.shop\" \/>\n<meta property=\"article:publisher\" content=\"https:\/\/www.facebook.com\/skydiveatmosferashop\/\" \/>\n<meta property=\"article:modified_time\" content=\"2024-10-20T11:49:16+00:00\" \/>\n<meta name=\"twitter:card\" content=\"summary_large_image\" \/>\n<script type=\"application\/ld+json\" class=\"yoast-schema-graph\">{\"@context\":\"https:\/\/schema.org\",\"@graph\":[{\"@type\":\"WebPage\",\"@id\":\"https:\/\/skydiveatmosfera.shop\/es\/index.php\/politica-de-privacidad\/\",\"url\":\"https:\/\/skydiveatmosfera.shop\/es\/index.php\/politica-de-privacidad\/\",\"name\":\"Pol\u00edtica de privacidad - skydiveatmosfera.shop\",\"isPartOf\":{\"@id\":\"https:\/\/skydiveatmosfera.shop\/es\/#website\"},\"datePublished\":\"2021-11-28T15:37:00+00:00\",\"dateModified\":\"2024-10-20T11:49:16+00:00\",\"breadcrumb\":{\"@id\":\"https:\/\/skydiveatmosfera.shop\/es\/index.php\/politica-de-privacidad\/#breadcrumb\"},\"inLanguage\":\"es\",\"potentialAction\":[{\"@type\":\"ReadAction\",\"target\":[\"https:\/\/skydiveatmosfera.shop\/es\/index.php\/politica-de-privacidad\/\"]}]},{\"@type\":\"BreadcrumbList\",\"@id\":\"https:\/\/skydiveatmosfera.shop\/es\/index.php\/politica-de-privacidad\/#breadcrumb\",\"itemListElement\":[{\"@type\":\"ListItem\",\"position\":1,\"name\":\"Home\",\"item\":\"https:\/\/skydiveatmosfera.shop\/es\/index.php\/pagina-delantera\/\"},{\"@type\":\"ListItem\",\"position\":2,\"name\":\"Pol\u00edtica de privacidad\"}]},{\"@type\":\"WebSite\",\"@id\":\"https:\/\/skydiveatmosfera.shop\/es\/#website\",\"url\":\"https:\/\/skydiveatmosfera.shop\/es\/\",\"name\":\"skydiveatmosfera.shop\",\"description\":\"Gear picked by instructors. Not influencers. Not dealers. \ud83d\udc49 Used by jumpers. \ud83d\udc49 Not hyped by ads\",\"publisher\":{\"@id\":\"https:\/\/skydiveatmosfera.shop\/es\/#organization\"},\"potentialAction\":[{\"@type\":\"SearchAction\",\"target\":{\"@type\":\"EntryPoint\",\"urlTemplate\":\"https:\/\/skydiveatmosfera.shop\/es\/?s={search_term_string}\"},\"query-input\":{\"@type\":\"PropertyValueSpecification\",\"valueRequired\":true,\"valueName\":\"search_term_string\"}}],\"inLanguage\":\"es\"},{\"@type\":\"Organization\",\"@id\":\"https:\/\/skydiveatmosfera.shop\/es\/#organization\",\"name\":\"skydiveatmosfera.shop\",\"url\":\"https:\/\/skydiveatmosfera.shop\/es\/\",\"logo\":{\"@type\":\"ImageObject\",\"inLanguage\":\"es\",\"@id\":\"https:\/\/skydiveatmosfera.shop\/es\/#\/schema\/logo\/image\/\",\"url\":\"https:\/\/skydiveatmosfera.shop\/wp-content\/uploads\/2025\/07\/Logo-SA-Shop-duze.png\",\"contentUrl\":\"https:\/\/skydiveatmosfera.shop\/wp-content\/uploads\/2025\/07\/Logo-SA-Shop-duze.png\",\"width\":813,\"height\":813,\"caption\":\"skydiveatmosfera.shop\"},\"image\":{\"@id\":\"https:\/\/skydiveatmosfera.shop\/es\/#\/schema\/logo\/image\/\"},\"sameAs\":[\"https:\/\/www.facebook.com\/skydiveatmosferashop\/\",\"https:\/\/www.instagram.com\/skydiveatmosfera_shop\/\"]}]}<\/script>\n<!-- \/ Yoast SEO plugin. -->","yoast_head_json":{"title":"Pol\u00edtica de privacidad - skydiveatmosfera.shop","robots":{"index":"index","follow":"follow","max-snippet":"max-snippet:-1","max-image-preview":"max-image-preview:large","max-video-preview":"max-video-preview:-1"},"canonical":"https:\/\/skydiveatmosfera.shop\/es\/index.php\/politica-de-privacidad\/","og_locale":"es_ES","og_type":"article","og_title":"Pol\u00edtica de privacidad - skydiveatmosfera.shop","og_description":"Quienes somos La direcci\u00f3n de nuestro sitio web es: http:\/\/skydiveatmosfera.shop Qu\u00e9 datos personales recopilamos y por qu\u00e9 los recopilamos Comentarios Cuando los visitantes dejan comentarios en el sitio, recogemos los datos que aparecen en el formulario de comentarios, as\u00ed como la direcci\u00f3n IP del visitante y la cadena de agentes [&hellip;]","og_url":"https:\/\/skydiveatmosfera.shop\/es\/index.php\/politica-de-privacidad\/","og_site_name":"skydiveatmosfera.shop","article_publisher":"https:\/\/www.facebook.com\/skydiveatmosferashop\/","article_modified_time":"2024-10-20T11:49:16+00:00","twitter_card":"summary_large_image","schema":{"@context":"https:\/\/schema.org","@graph":[{"@type":"WebPage","@id":"https:\/\/skydiveatmosfera.shop\/es\/index.php\/politica-de-privacidad\/","url":"https:\/\/skydiveatmosfera.shop\/es\/index.php\/politica-de-privacidad\/","name":"Pol\u00edtica de privacidad - skydiveatmosfera.shop","isPartOf":{"@id":"https:\/\/skydiveatmosfera.shop\/es\/#website"},"datePublished":"2021-11-28T15:37:00+00:00","dateModified":"2024-10-20T11:49:16+00:00","breadcrumb":{"@id":"https:\/\/skydiveatmosfera.shop\/es\/index.php\/politica-de-privacidad\/#breadcrumb"},"inLanguage":"es","potentialAction":[{"@type":"ReadAction","target":["https:\/\/skydiveatmosfera.shop\/es\/index.php\/politica-de-privacidad\/"]}]},{"@type":"BreadcrumbList","@id":"https:\/\/skydiveatmosfera.shop\/es\/index.php\/politica-de-privacidad\/#breadcrumb","itemListElement":[{"@type":"ListItem","position":1,"name":"Home","item":"https:\/\/skydiveatmosfera.shop\/es\/index.php\/pagina-delantera\/"},{"@type":"ListItem","position":2,"name":"Pol\u00edtica de privacidad"}]},{"@type":"WebSite","@id":"https:\/\/skydiveatmosfera.shop\/es\/#website","url":"https:\/\/skydiveatmosfera.shop\/es\/","name":"skydiveatmosfera.shop","description":"Gear picked by instructors. Not influencers. Not dealers. \ud83d\udc49 Used by jumpers. \ud83d\udc49 Not hyped by ads","publisher":{"@id":"https:\/\/skydiveatmosfera.shop\/es\/#organization"},"potentialAction":[{"@type":"SearchAction","target":{"@type":"EntryPoint","urlTemplate":"https:\/\/skydiveatmosfera.shop\/es\/?s={search_term_string}"},"query-input":{"@type":"PropertyValueSpecification","valueRequired":true,"valueName":"search_term_string"}}],"inLanguage":"es"},{"@type":"Organization","@id":"https:\/\/skydiveatmosfera.shop\/es\/#organization","name":"skydiveatmosfera.shop","url":"https:\/\/skydiveatmosfera.shop\/es\/","logo":{"@type":"ImageObject","inLanguage":"es","@id":"https:\/\/skydiveatmosfera.shop\/es\/#\/schema\/logo\/image\/","url":"https:\/\/skydiveatmosfera.shop\/wp-content\/uploads\/2025\/07\/Logo-SA-Shop-duze.png","contentUrl":"https:\/\/skydiveatmosfera.shop\/wp-content\/uploads\/2025\/07\/Logo-SA-Shop-duze.png","width":813,"height":813,"caption":"skydiveatmosfera.shop"},"image":{"@id":"https:\/\/skydiveatmosfera.shop\/es\/#\/schema\/logo\/image\/"},"sameAs":["https:\/\/www.facebook.com\/skydiveatmosferashop\/","https:\/\/www.instagram.com\/skydiveatmosfera_shop\/"]}]}},"jetpack-related-posts":[],"jetpack_sharing_enabled":true,"_links":{"self":[{"href":"https:\/\/skydiveatmosfera.shop\/es\/index.php\/wp-json\/wp\/v2\/pages\/3016","targetHints":{"allow":["GET"]}}],"collection":[{"href":"https:\/\/skydiveatmosfera.shop\/es\/index.php\/wp-json\/wp\/v2\/pages"}],"about":[{"href":"https:\/\/skydiveatmosfera.shop\/es\/index.php\/wp-json\/wp\/v2\/types\/page"}],"author":[{"embeddable":true,"href":"https:\/\/skydiveatmosfera.shop\/es\/index.php\/wp-json\/wp\/v2\/users\/1"}],"replies":[{"embeddable":true,"href":"https:\/\/skydiveatmosfera.shop\/es\/index.php\/wp-json\/wp\/v2\/comments?post=3016"}],"version-history":[{"count":3,"href":"https:\/\/skydiveatmosfera.shop\/es\/index.php\/wp-json\/wp\/v2\/pages\/3016\/revisions"}],"predecessor-version":[{"id":5273,"href":"https:\/\/skydiveatmosfera.shop\/es\/index.php\/wp-json\/wp\/v2\/pages\/3016\/revisions\/5273"}],"wp:attachment":[{"href":"https:\/\/skydiveatmosfera.shop\/es\/index.php\/wp-json\/wp\/v2\/media?parent=3016"}],"curies":[{"name":"wp","href":"https:\/\/api.w.org\/{rel}","templated":true}]}}